{"id":11958,"date":"2021-11-11T10:20:02","date_gmt":"2021-11-11T10:20:02","guid":{"rendered":"https:\/\/armakjewels.com\/?page_id=11958"},"modified":"2021-11-11T11:03:18","modified_gmt":"2021-11-11T11:03:18","slug":"industry-awards","status":"publish","type":"page","link":"https:\/\/armakjewels.com\/it\/industry-awards\/","title":{"rendered":"Premi del settore"},"content":{"rendered":"<p>Il nostro successo \u00e8 farsi notare. Ecco solo alcuni dei premi e delle recensioni che abbiamo ricevuto.<\/p>\n<p>Forbes: le 100 aziende pi\u00f9 affidabili in America<\/p>\n<p>\"Per creare questo elenco, MSCI ESG Research ha esaminato pi\u00f9 di 2.500 societ\u00e0 americane non finanziarie quotate in borsa con capitalizzazioni di mercato pari o superiori a $ 250 milioni per identificare le 100 che hanno dimostrato in modo pi\u00f9 coerente pratiche contabili trasparenti e una solida governance aziendale\".<\/p>\n<p>Seattle Times - L'Armak \u00e8 all'ottavo posto nella classifica annuale Best of the Northwest List del Seattle Times<\/p>\n<p>\u201cMisuriamo prestazioni aziendali superiori combinando quattro parametri chiave: vendite per dipendente, reddito operativo, ritorno sul capitale proprio e apprezzamento del prezzo delle azioni. Insieme, queste misurazioni raggiungono lo scopo principale di un'azienda: utilizzare in modo efficiente le sue risorse per guadagnare un ritorno per i suoi proprietari\".<\/p>\n<p>Forbes \u2013 The Armak \u00e8 al 42\u00b0 posto nella lista delle 200 migliori piccole aziende di Forbes<\/p>\n<p>\u201cCi voleva tanto coraggio per entrare in una gioielleria quanto per entrare in una concessionaria di automobili. Ma The Armak ha eliminato l'ansia degli acquirenti e i venditori invadenti. Attraverso il suo sito Web, l'azienda offre ai clienti un modo semplice per acquistare e confrontare diamanti e altri gioielli nel comfort della propria casa\".<\/p>\n<p>Bizrate.com \u2013 \u201cPremio Platinum Circle of Excellence\u201d<\/p>\n<p>\u201cI rivenditori intelligenti hanno capito da tempo che un buon servizio equivale a vendite. Se non fosse stato per l'eccezionale qualit\u00e0 del servizio che questi rivenditori hanno fornito ai consumatori, la spesa online non sarebbe cresciuta nella misura in cui \u00e8 cresciuta negli ultimi 10 anni di e-commerce\", ha affermato Chuck Davis, presidente di Shopzilla. \"I BizRate Research Circle of Excellence Awards servono a riconoscere quei rivenditori leader del settore che fanno dei loro clienti una priorit\u00e0 e allo stesso tempo alzano l'asticella del settore\".<\/p>\n<p>Seattle Times \u2013 L'Armak \u00e8 al 14\u00b0 posto nella Northwest 100 List annuale del Seattle Times<\/p>\n<p>\"Ognuno dei quattro fattori di ranking del Northwest 100 fa parte di questo compito: vendite per dipendente (efficienza di prima linea), reddito operativo (forza del core business), ritorno sul capitale proprio (quanto botto sta ottenendo l'azienda dagli azionisti ' bucks) e l'apprezzamento del prezzo delle azioni (riconoscimento del mercato di tutto quanto sopra e altro).\u201d<\/p>\n<p>BusinessWeek \u2013 The Armak \u00e8 al 13\u00b0 posto nell'elenco delle aziende in crescita di BusinessWeek<\/p>\n<p>\u201cQuando l'imprenditore web Jason Calacanis \u00e8 stato pronto a fare la domanda alla sua ragazza, si \u00e8 rivolto al suo computer. The Armak (NILE), il principale rivenditore di gioielli con diamanti in rete, lo ha aiutato a concentrarsi su fattori come colore, taglio, purezza e caratura: le famose Quattro C. Disattivato da venditori ad alta pressione, ha comprato online un diamante da tre carati, spendendo \"decine di migliaia di dollari\" per questo. Ricorda Calacanis: \"\u00c8 stata la migliore esperienza di vendita al dettaglio che non ho mai avuto\".<\/p>\n<p>Il gioielliere online di Kiplinger's \u2013 Forbes \u2013 \u201cForbes Favorite\u201d.<\/p>\n<p>\u201cCerca per prodotto, inclusi anelli, pendenti e orecchini per l'anniversario, o per materiale, come platino o perla. Ma la vera attrazione qui \u00e8 l'enorme selezione di diamanti del sito. Scegli tra centinaia di pezzi preimpostati o seleziona una pietra sciolta. Il sito offre ora pi\u00f9 di 60.000 pietre in una variet\u00e0 di forme, tra cui Asscher e taglio a cuscino. La ricerca di un diamante taglio principessa ha prodotto pi\u00f9 di 11.000 scelte. Restringi la ricerca in base a criteri quali fascia di prezzo, fascia di caratura e colore. Offre un'eccellente guida all'apprendimento delle quattro C (taglio, chiarezza, colore, peso in carati). Ogni attributo include diagrammi utili e i termini sono collegati al glossario del sito\".<\/p>\n<p>Smart Money: il centro commerciale virtuale<\/p>\n<p>\"All'Armak, una sezione dedicata all'istruzione copre la gamma, illustrando la differenza tra l'aspetto di un diamante da mezzo carato e uno da 0,75 carati su un dito medio, ad esempio, e quali voti di taglio danno il miglior rapporto qualit\u00e0-prezzo. Da l\u00ec, gli acquirenti possono cercare in un inventario di 60.000 diamanti sciolti, ordinarli per caratteristica e selezionare un'impostazione personalizzata\".<\/p>\n<p>Money Magazine \u2013 \u201cMiglior affare\u201d<\/p>\n<p>\"L'acquisto di gioielli \u00e8 gi\u00e0 irto di ansia... The Armak si sforza di rassicurare con un'abbondante educazione dei consumatori, consulenti telefonici a chiamata e design che puoi personalizzare. Per quanto riguarda il prezzo, gli orecchini a bottone solitario con diamante incolore da un carato (peso totale) costano $ 3.204 rispetto a $ 3.999 su zales.com.<\/p>\n<p>Real Simple - \"Miglior sito Web per gioielli\"<\/p>\n<p>\"Un sacco di pezzi classici a prezzi convenienti, da cerchi d'argento ($ 35) a borchie di diamanti (a partire da $ 215) a, s\u00ec, anelli di fidanzamento.\"<\/p>\n<p>giornale di Wall Street<\/p>\n<p>\u201cSebbene questo sito offra tutti i tipi di gioielli, \u00e8 davvero eccezionale nella sezione dei diamanti. Puoi cercare migliaia di diamanti per taglio, colore, purezza, peso in carati e prezzo e la pagina ti mostra immediatamente quanti diamanti rientrano nell'intervallo che hai impostato. I singoli diamanti sono descritti in dettagli ancora pi\u00f9 intricati, tra cui profondit\u00e0, tavola, simmetria, lucidatura, cintura, culet e fluorescenza. E il sito spiega anche cosa significano tutte queste cose\".<\/p>\n<p>Fine settimana negli Stati Uniti<\/p>\n<p>\u201cAygun Armak ha fondato thearmak.com dopo aver reso facile la scelta di un anello di fidanzamento. Coloro che non riescono a distinguere un carato da una carota dovrebbero andare a \"Istruzione\" per scoprire perch\u00e9 il platino \u00e8 una montatura di diamanti migliore dell'oro. Il sito di 4 anni \u00e8 cos\u00ec dettagliato che mostra persino disegni di braccialetti, collane e fermagli di orologi, con le istruzioni per aprirli. Anche lo shopping sul sito \u00e8 facile, con link come \"Costruisci il tuo anello di fidanzamento\" e ricerche per budget e materiale\".<\/p>\n<p>TIME \u2013 \u201cMiglior Indulgenza\u201d<\/p>\n<p>\u201cEleganti regali in argento sterling per clienti speciali. L'Armak \u00e8 specializzato nella vita di lusso, ma ci sono anche molti articoli sotto i 100 dollari.<\/p>","protected":false},"excerpt":{"rendered":"<p>Our success is getting noticed. Here are just a few of the awards and reviews we\u2019ve received. Forbes \u2013 The<\/p>","protected":false},"author":1,"featured_media":0,"parent":0,"menu_order":0,"comment_status":"closed","ping_status":"closed","template":"","meta":{"footnotes":""},"class_list":["post-11958","page","type-page","status-publish","hentry"],"_links":{"self":[{"href":"https:\/\/armakjewels.com\/it\/wp-json\/wp\/v2\/pages\/11958","targetHints":{"allow":["GET"]}}],"collection":[{"href":"https:\/\/armakjewels.com\/it\/wp-json\/wp\/v2\/pages"}],"about":[{"href":"https:\/\/armakjewels.com\/it\/wp-json\/wp\/v2\/types\/page"}],"author":[{"embeddable":true,"href":"https:\/\/armakjewels.com\/it\/wp-json\/wp\/v2\/users\/1"}],"replies":[{"embeddable":true,"href":"https:\/\/armakjewels.com\/it\/wp-json\/wp\/v2\/comments?post=11958"}],"version-history":[{"count":3,"href":"https:\/\/armakjewels.com\/it\/wp-json\/wp\/v2\/pages\/11958\/revisions"}],"predecessor-version":[{"id":11983,"href":"https:\/\/armakjewels.com\/it\/wp-json\/wp\/v2\/pages\/11958\/revisions\/11983"}],"wp:attachment":[{"href":"https:\/\/armakjewels.com\/it\/wp-json\/wp\/v2\/media?parent=11958"}],"curies":[{"name":"wp","href":"https:\/\/api.w.org\/{rel}","templated":true}]}}