{"id":11948,"date":"2021-11-11T10:13:47","date_gmt":"2021-11-11T10:13:47","guid":{"rendered":"https:\/\/armakjewels.com\/?page_id=11948"},"modified":"2021-11-11T11:16:26","modified_gmt":"2021-11-11T11:16:26","slug":"jewelry-insurance","status":"publish","type":"page","link":"https:\/\/armakjewels.com\/it\/jewelry-insurance\/","title":{"rendered":"Assicurazione sui gioielli"},"content":{"rendered":"<p>Jewelers Mutual Insurance Group ha fornito il contenuto di questa pagina.<\/p>\n<h2>Ti incoraggiamo a proteggere il tuo nuovo pezzo per la tua tranquillit\u00e0<\/h2>\n<p>TheArmak ha organizzato per Jewelers Mutual Insurance Group, per fornire ai nostri clienti statunitensi e canadesi (escluso il Qu\u00e9bec) informazioni preziose su come proteggere il tuo acquisto. Dal 1913, Jewelers Mutual \u00e8 l'unico assicuratore dedicato esclusivamente alla gioielleria e offre una copertura completa per riparazioni o sostituzioni con protezione mondiale contro smarrimento, furto, danneggiamento e scomparsa misteriosa. Assicurare il tuo nuovo acquisto da TheArmak pu\u00f2 essere semplice e veloce e ti d\u00e0 la libert\u00e0 di indossare i tuoi gioielli senza preoccupazioni, sapendo che sono protetti.<\/p>","protected":false},"excerpt":{"rendered":"<p>Jewelers Mutual Insurance Group has provided the content on this page. We Encourage you to Protect your New Piece for<\/p>","protected":false},"author":1,"featured_media":0,"parent":0,"menu_order":0,"comment_status":"closed","ping_status":"closed","template":"","meta":{"footnotes":""},"class_list":["post-11948","page","type-page","status-publish","hentry"],"_links":{"self":[{"href":"https:\/\/armakjewels.com\/it\/wp-json\/wp\/v2\/pages\/11948","targetHints":{"allow":["GET"]}}],"collection":[{"href":"https:\/\/armakjewels.com\/it\/wp-json\/wp\/v2\/pages"}],"about":[{"href":"https:\/\/armakjewels.com\/it\/wp-json\/wp\/v2\/types\/page"}],"author":[{"embeddable":true,"href":"https:\/\/armakjewels.com\/it\/wp-json\/wp\/v2\/users\/1"}],"replies":[{"embeddable":true,"href":"https:\/\/armakjewels.com\/it\/wp-json\/wp\/v2\/comments?post=11948"}],"version-history":[{"count":2,"href":"https:\/\/armakjewels.com\/it\/wp-json\/wp\/v2\/pages\/11948\/revisions"}],"predecessor-version":[{"id":12000,"href":"https:\/\/armakjewels.com\/it\/wp-json\/wp\/v2\/pages\/11948\/revisions\/12000"}],"wp:attachment":[{"href":"https:\/\/armakjewels.com\/it\/wp-json\/wp\/v2\/media?parent=11948"}],"curies":[{"name":"wp","href":"https:\/\/api.w.org\/{rel}","templated":true}]}}