{"id":11946,"date":"2021-11-11T10:13:23","date_gmt":"2021-11-11T10:13:23","guid":{"rendered":"https:\/\/armakjewels.com\/?page_id=11946"},"modified":"2022-03-13T18:27:47","modified_gmt":"2022-03-13T18:27:47","slug":"the-armak-credit-card","status":"publish","type":"page","link":"https:\/\/armakjewels.com\/it\/the-armak-credit-card\/","title":{"rendered":"La carta di credito Armak"},"content":{"rendered":"<p>La carta di credito Armak offre interessanti opzioni di finanziamento, offrendoti la flessibilit\u00e0 di pagare nel tempo*. I vantaggi della carta includono comode opzioni di pagamento, nessuna tariffa annuale** e accesso speciale a offerte e promozioni riservate ai titolari di carta.<\/p>\n<h2>I titolari di carta godono di:<\/h2>\n<ul>\n<li>Offerte di finanziamento esclusive che ti danno la flessibilit\u00e0 di pagare nel tempo*<\/li>\n<li>Accesso speciale a offerte e promozioni riservate ai titolari di carta<\/li>\n<li>Nessuna tassa annuale**<\/li>\n<li><a href=\"https:\/\/armakjewels.com\/it\/thearmak-credit-card\/\" target=\"_blank\" rel=\"nofollow noopener\">Comoda gestione dell'account online<\/a><\/li>\n<\/ul>\n<h1>Opzione 1: nessun interesse se pagato per intero entro 6, 12 o 18 mesi<\/h1>\n<p>Gli interessi verranno addebitati sul tuo conto a partire dalla data di acquisto se il saldo di acquisto non viene pagato per intero entro 6, 12 o 18 mesi o se effettui un pagamento in ritardo.\u2020<\/p>\n<h3>Opzione 1: nessun interesse se pagato per intero entro 6, 12 o 18 mesi<\/h3>\n<table border=\"1\" width=\"60%\" cellspacing=\"5\" cellpadding=\"5\">\n<tbody>\n<tr>\n<td align=\"center\">6 mesi<\/td>\n<td align=\"center\"><strong>500,00 $ \u2013 1.499,99 $<\/strong><\/td>\n<\/tr>\n<tr>\n<td align=\"center\">12 mesi<\/td>\n<td align=\"center\"><strong>$ 1.500,00 e oltre<\/strong><\/td>\n<\/tr>\n<tr>\n<td align=\"center\">18 mesi (per Astor di The Armak\u2122)<\/td>\n<td align=\"center\"><strong>$ 2.000,00 e oltre<\/strong><\/td>\n<\/tr>\n<\/tbody>\n<\/table>\n<h1>Opzione 2: pagamenti uguali e TAEG del 9,99% se pagato per intero entro i termini promozionali \u2020\u2020<\/h1>\n<h3>Pari pagamenti e 9,99% TAEG se pagato per intero entro i termini promozionali.\u2020\u2020<\/h3>\n<table border=\"1\" width=\"60%\" cellspacing=\"5\" cellpadding=\"5\">\n<tbody>\n<tr>\n<td align=\"center\">Durata 24 mesi<\/td>\n<td align=\"center\"><strong>$2,000.00 \u2013 $2,999.99<\/strong><\/td>\n<\/tr>\n<tr>\n<td align=\"center\">Durata 36 mesi<\/td>\n<td align=\"center\"><strong>$3,000.00 \u2013 $3,999.99<\/strong><\/td>\n<\/tr>\n<tr>\n<td align=\"center\">Durata 48 mesi<\/td>\n<td align=\"center\"><strong>$ 4.000 e oltre<\/strong><\/td>\n<\/tr>\n<tr>\n<td align=\"center\">Durata 60 mesi<\/td>\n<td align=\"center\"><strong>$ 6.000 e oltre<\/strong><\/td>\n<\/tr>\n<\/tbody>\n<\/table>\n<h1>Opzione 3: nessun termine speciale \u2020\u2020\u2020<\/h1>\n<p>Ai nuovi acquisti viene concesso un periodo di grazia di 25 giorni se paghi l'intero saldo ogni mese.<\/p>\n<h2>Termini e Condizioni<\/h2>\n<p>* Soggetto ad approvazione e disponibilit\u00e0 del credito. Il conto deve essere in regola al momento della transazione. Finanziamenti promozionali disponibili con i conti di carte di credito The Armak offerti da Comenity Capital Bank, che determina le qualifiche per il credito e l'idoneit\u00e0 promozionale. Sono richiesti acquisto minimo e pagamenti mensili minimi.<\/p>\n<p>** Acquisto APR standard variabile del 29,99%, basato sulla Prime Rate. L'interesse minimo \u00e8 di $ 2,00 per piano di credito.<\/p>\n<p><strong>\u2020 Nessun interesse se pagato per intero entro 6, 12 o 18 mesi.<\/strong><br \/>\nNessun interesse se pagato per intero entro 6, 12 o 18 mesi. Gli interessi verranno addebitati sul tuo conto (al aprile variabile standard del 29,99% in base al Prime Rate) dalla data di acquisto se il saldo dell'acquisto non viene pagato per intero entro il periodo promozionale o se effettui un pagamento in ritardo. Per questo piano sono richiesti pagamenti mensili minimi durante il periodo promozionale. Acquisto minimo richiesto di $ 500,00 per il piano di 6 mesi, $ 1.500,00 per il piano di 12 mesi o un Astor Diamond di almeno $ 2.000 per il piano di 18 mesi. I conti per carte di credito Armak sono offerti da Comenity Capital Bank, che determina le qualifiche per il credito e l'idoneit\u00e0 alla promozione. In nessun momento il pagamento minimo dovuto sar\u00e0 inferiore a $ 27. La commissione di interesse minimo \u00e8 di $ 2,00. Aprile variabile standard del 29,99% in base alla Prime Rate.<\/p>\n<p><strong>\u2020\u2020 9,99% TAEG se pagato per intero in 24, 36, 48 o 60 mesi.<\/strong><br \/>\nSe il saldo non viene pagato per intero in 24, 36, 48 o 60 mesi o se non effettui alcun pagamento alla scadenza, verranno applicati i normali termini di credito e verranno applicati interessi dalla fine del periodo promozionale a livello standard, variabile APRILE del 29,99% sulla base della Prime Rate. I pagamenti mensili minimi per questo piano durante il periodo promozionale saranno maggiori tra: l'importo dell'acquisto, inclusi gli oneri finanziari calcolati che verranno calcolati dalla data di acquisto fino alla fine del periodo promozionale, diviso per il numero di mesi nel periodo promozionale, (arrotondato a $ 1,00 pi\u00f9 vicino); o $ 5. Acquisto minimo richiesto di $ 2.000 per il piano di 24 mesi, $ 3.000 per il piano di 36 mesi, $ 4.000 per il piano di 48 mesi e $ 6000 per il piano di 60 mesi. I conti per carte di credito Armak sono offerti da Comenity Capital Bank, che determina le qualifiche per il credito e l'idoneit\u00e0 alla promozione. In nessun momento il pagamento minimo dovuto sar\u00e0 inferiore a $ 27. La commissione di interesse minimo \u00e8 di $ 2,00. Aprile variabile standard del 29,99%, in base al Prime Rate.<\/p>\n<p>\u2020\u2020\u2020 I conti per carte di credito Armak sono offerti da Comenity Capital Bank, che determina le qualifiche per il credito e l'idoneit\u00e0 alla promozione. Sono richiesti pagamenti mensili minimi e in nessun momento il pagamento minimo dovuto sar\u00e0 inferiore a $ 27,00. Standard Acquisto APR variabile del 29,99%, in base al Prime Rate. Il costo minimo di interesse \u00e8 di $ 2,00 per piano di credito.<\/p>","protected":false},"excerpt":{"rendered":"<p>The Armak Credit Card offers compelling financing options, giving you the flexibility to pay over time*. Benefits of the card<\/p>","protected":false},"author":1,"featured_media":0,"parent":0,"menu_order":0,"comment_status":"closed","ping_status":"closed","template":"elementor_header_footer","meta":{"footnotes":""},"class_list":["post-11946","page","type-page","status-publish","hentry"],"_links":{"self":[{"href":"https:\/\/armakjewels.com\/it\/wp-json\/wp\/v2\/pages\/11946","targetHints":{"allow":["GET"]}}],"collection":[{"href":"https:\/\/armakjewels.com\/it\/wp-json\/wp\/v2\/pages"}],"about":[{"href":"https:\/\/armakjewels.com\/it\/wp-json\/wp\/v2\/types\/page"}],"author":[{"embeddable":true,"href":"https:\/\/armakjewels.com\/it\/wp-json\/wp\/v2\/users\/1"}],"replies":[{"embeddable":true,"href":"https:\/\/armakjewels.com\/it\/wp-json\/wp\/v2\/comments?post=11946"}],"version-history":[{"count":3,"href":"https:\/\/armakjewels.com\/it\/wp-json\/wp\/v2\/pages\/11946\/revisions"}],"predecessor-version":[{"id":11999,"href":"https:\/\/armakjewels.com\/it\/wp-json\/wp\/v2\/pages\/11946\/revisions\/11999"}],"wp:attachment":[{"href":"https:\/\/armakjewels.com\/it\/wp-json\/wp\/v2\/media?parent=11946"}],"curies":[{"name":"wp","href":"https:\/\/api.w.org\/{rel}","templated":true}]}}