{"id":11942,"date":"2021-11-11T10:12:40","date_gmt":"2021-11-11T10:12:40","guid":{"rendered":"https:\/\/armakjewels.com\/?page_id=11942"},"modified":"2021-11-11T11:14:18","modified_gmt":"2021-11-11T11:14:18","slug":"free-secure-shipping","status":"publish","type":"page","link":"https:\/\/armakjewels.com\/it\/free-secure-shipping\/","title":{"rendered":"Spedizione Sicura Gratuita"},"content":{"rendered":"<p>Ci impegniamo a rendere piacevole la tua intera esperienza, dallo shopping alla spedizione.<\/p>\n<h2>Spedizione Sicura Gratuita<\/h2>\n<p>Offriamo la spedizione veloce e gratuita su ogni ordine.<\/p>\n<h2>Imballaggio assicurato e discreto<\/h2>\n<p>La nostra scatola di spedizione assicurata non riveler\u00e0 ci\u00f2 che c'\u00e8 dentro.<\/p>\n<h2>Opzione di ritiro sicura e conveniente<\/h2>\n<p>Puoi scegliere di spedire il tuo ordine a una sede FedEx Hold for Pickup.<\/p>","protected":false},"excerpt":{"rendered":"<p>We\u2019re committed to making your entire experience a pleasant one, from shopping to shipping. Free Shipping We offer fast and<\/p>","protected":false},"author":1,"featured_media":0,"parent":0,"menu_order":0,"comment_status":"closed","ping_status":"closed","template":"","meta":{"footnotes":""},"class_list":["post-11942","page","type-page","status-publish","hentry"],"_links":{"self":[{"href":"https:\/\/armakjewels.com\/it\/wp-json\/wp\/v2\/pages\/11942","targetHints":{"allow":["GET"]}}],"collection":[{"href":"https:\/\/armakjewels.com\/it\/wp-json\/wp\/v2\/pages"}],"about":[{"href":"https:\/\/armakjewels.com\/it\/wp-json\/wp\/v2\/types\/page"}],"author":[{"embeddable":true,"href":"https:\/\/armakjewels.com\/it\/wp-json\/wp\/v2\/users\/1"}],"replies":[{"embeddable":true,"href":"https:\/\/armakjewels.com\/it\/wp-json\/wp\/v2\/comments?post=11942"}],"version-history":[{"count":2,"href":"https:\/\/armakjewels.com\/it\/wp-json\/wp\/v2\/pages\/11942\/revisions"}],"predecessor-version":[{"id":11995,"href":"https:\/\/armakjewels.com\/it\/wp-json\/wp\/v2\/pages\/11942\/revisions\/11995"}],"wp:attachment":[{"href":"https:\/\/armakjewels.com\/it\/wp-json\/wp\/v2\/media?parent=11942"}],"curies":[{"name":"wp","href":"https:\/\/api.w.org\/{rel}","templated":true}]}}