{"id":11936,"date":"2021-11-11T10:10:01","date_gmt":"2021-11-11T10:10:01","guid":{"rendered":"https:\/\/armakjewels.com\/?page_id=11936"},"modified":"2022-03-13T18:26:56","modified_gmt":"2022-03-13T18:26:56","slug":"diamond-price-matching","status":"publish","type":"page","link":"https:\/\/armakjewels.com\/it\/diamond-price-matching\/","title":{"rendered":"Corrispondenza prezzo diamante"},"content":{"rendered":"<p>Crediamo che i nostri prezzi non possano essere battuti. Tuttavia, se trovi un diamante di qualit\u00e0 e caratteristiche comparabili che ha un prezzo inferiore a quello sul nostro sito, segui le linee guida seguenti per vedere se siamo in grado di eguagliare il prezzo.<\/p>\n<p>&nbsp;<\/p>\n<div id=\"\" class=\"su-note\">\n<div class=\"su-note-inner su-u-clearfix su-u-trim\">\n<h2>Linee guida per la garanzia di corrispondenza del prezzo del diamante<\/h2>\n<ul>\n<li><strong>Diamond Price Match Guarantee \u00e8 un servizio gratuito e richiede solo pochi minuti per iniziare.<\/strong>Chiamaci semplicemente al numero 1-877-Armak-01 (276-2501) e un consulente di diamanti e gioielli qualificato sar\u00e0 lieto di esaminare la tua richiesta. Nella maggior parte dei casi, The Armak prevede di avere il prezzo pi\u00f9 basso, ma in genere pu\u00f2 corrispondere al prezzo se il prezzo della concorrenza \u00e8 inferiore.<\/li>\n<li><strong>Nessun passo di vendita.<\/strong>I consulenti Armak Diamond &amp; Jewelry non lavorano su commissione, quindi non c'\u00e8 pressione, nessun passo di vendita. Vogliamo semplicemente fornirti il \u200b\u200bmiglior diamante possibile al miglior prezzo.<\/li>\n<li><strong>Il diamante esatto.<\/strong>Per garantire l'accuratezza, il programma Diamond Price Match Guarantee richiede che i diamanti siano classificati dal Gemological Institute of America (GIA).<\/li>\n<\/ul>\n<\/div>\n<\/div>\n<p>Il seguente\u00a0<a href=\"https:\/\/armakjewels.com\/it\/diamond-price-match-guarantee\/\">Termini e Condizioni<\/a>\u00a0applica al nostro programma Diamond Price Match Guarantee.<\/p>","protected":false},"excerpt":{"rendered":"<p>We believe that our prices can\u2019t be beat. However, if you find a diamond of comparable quality and characteristics that<\/p>","protected":false},"author":1,"featured_media":0,"parent":0,"menu_order":0,"comment_status":"closed","ping_status":"closed","template":"elementor_header_footer","meta":{"footnotes":""},"class_list":["post-11936","page","type-page","status-publish","hentry"],"_links":{"self":[{"href":"https:\/\/armakjewels.com\/it\/wp-json\/wp\/v2\/pages\/11936","targetHints":{"allow":["GET"]}}],"collection":[{"href":"https:\/\/armakjewels.com\/it\/wp-json\/wp\/v2\/pages"}],"about":[{"href":"https:\/\/armakjewels.com\/it\/wp-json\/wp\/v2\/types\/page"}],"author":[{"embeddable":true,"href":"https:\/\/armakjewels.com\/it\/wp-json\/wp\/v2\/users\/1"}],"replies":[{"embeddable":true,"href":"https:\/\/armakjewels.com\/it\/wp-json\/wp\/v2\/comments?post=11936"}],"version-history":[{"count":3,"href":"https:\/\/armakjewels.com\/it\/wp-json\/wp\/v2\/pages\/11936\/revisions"}],"predecessor-version":[{"id":12134,"href":"https:\/\/armakjewels.com\/it\/wp-json\/wp\/v2\/pages\/11936\/revisions\/12134"}],"wp:attachment":[{"href":"https:\/\/armakjewels.com\/it\/wp-json\/wp\/v2\/media?parent=11936"}],"curies":[{"name":"wp","href":"https:\/\/api.w.org\/{rel}","templated":true}]}}