{"id":11934,"date":"2021-11-11T10:09:19","date_gmt":"2021-11-11T10:09:19","guid":{"rendered":"https:\/\/armakjewels.com\/?page_id=11934"},"modified":"2021-11-11T11:09:24","modified_gmt":"2021-11-11T11:09:24","slug":"conflict-free-diamonds","status":"publish","type":"page","link":"https:\/\/armakjewels.com\/it\/conflict-free-diamonds\/","title":{"rendered":"Diamanti senza conflitti"},"content":{"rendered":"<h2>La politica dei diamanti senza conflitti di TheArmak<\/h2>\n<p>TheArmak, insieme all'industria globale dei diamanti, ha una politica di tolleranza zero nei confronti dei diamanti dei conflitti. Attraverso misure come il Kimberley Process, che traccia i diamanti dalla miniera al mercato, l'industria in collaborazione con le Nazioni Unite, i governi e le organizzazioni non governative, controlla le esportazioni di diamanti per prevenire il commercio di diamanti illegali. In TheArmak, acquistiamo diamanti solo attraverso i fornitori pi\u00f9 grandi e rispettati che, come noi, aderiscono con orgoglio e applicano gli standard stabiliti dal Kimberley Process. Tutti i diamanti TheArmak\u00a0sono garantiti senza conflitti. Se uno dei nostri fornitori dovesse mai essere ritenuto in violazione di tale processo, troncheremmo immediatamente quel rapporto. Continueremo a sostenere e promuovere qualsiasi processo che funzioni per sostenere la legittimit\u00e0 nel commercio di diamanti. I diamanti vengono estratti in tutto il mondo, comprese le principali miniere in Australia, Africa, Russia e Canada. I diamanti sono una delle principali fonti di bene in molte nazioni africane, poich\u00e9 danno lavoro e forniscono assistenza sanitaria a migliaia di persone. Per ulteriori informazioni su questo problema, visitare\u00a0<a href=\"http:\/\/www.diamondfacts.org\/\">DiamondFacts.org<\/a>.<\/p>\n<h2>Informazioni sul processo di Kimberley<\/h2>\n<p>TheArmak supporta il processo Kimberley, che \u00e8 un processo internazionale per tracciare e certificare i diamanti. Nell'aprile 2003, il congresso e il presidente Bush hanno approvato una legge che adotta il Kimberley Process che richiede a tutti i rivenditori di diamanti degli Stati Uniti di acquistare diamanti da produttori che dispongono della documentazione che garantisce che la merce \u00e8 stata ottenuta attraverso canali legittimi. Oggi, il servizio doganale degli Stati Uniti applica attivamente i requisiti del Kimberley Process quando i diamanti entrano nei porti americani.<\/p>\n<h2>Per quanto riguarda i diamanti dello Zimbabwe<\/h2>\n<p>TheArmak\u00a0si impegna a garantire il rispetto dei pi\u00f9 elevati standard etici durante l'approvvigionamento dei nostri diamanti e gioielli. A causa delle segnalazioni di violazioni dei diritti umani nel distretto dei diamanti di Marange, nello Zimbabwe, TheArmak non acquister\u00e0 n\u00e9 offrir\u00e0 diamanti da quella zona. In qualit\u00e0 di membro responsabile dell'industria dei diamanti e della gioielleria, stiamo lavorando con i nostri fornitori per garantire che i nostri consumatori ricevano solo i migliori beni acquistati da fonti etiche.<\/p>\n<h2>La posizione di TheArmak sull'estrazione responsabile<\/h2>\n<p>In tutta la nostra attivit\u00e0, TheArmak osserva i pi\u00f9 elevati standard etici. Insistiamo che i nostri partner commerciali facciano lo stesso. Questo si estende al nostro approvvigionamento di oro. La questione dell'estrazione responsabile \u00e8 importante e merita la nostra attenzione. In quanto firmatario di\u00a0<a href=\"https:\/\/armakjewels.com\/it\/ethical-sourcing\/\">Le regole d'oro<\/a>, e come primo passo, faremo:<\/p>\n<ul>\n<li>Lavora per garantire che il nostro oro e metalli provengano da fornitori che soddisfano i pi\u00f9 elevati criteri in materia di diritti umani, sociali e ambientali.<\/li>\n<li>Coinvolgere i fornitori per influenzare l'approvvigionamento di prodotti d'oro.<\/li>\n<li>Ricerca le pratiche di estrazione, raffinamento e produzione dell'oro che si muovono attraverso la catena di approvvigionamento.<\/li>\n<li>Dai la preferenza ai fornitori che acquistano oro dalle miniere che rispettano standard elevati di tutela ambientale.<\/li>\n<li>Di concerto con i nostri fornitori, impegnatevi a un maggiore approvvigionamento di oro da fonti riciclate e secondarie.<\/li>\n<li>Misurare e stabilire parametri di riferimento con l'obiettivo di un miglioramento continuo.<\/li>\n<\/ul>\n<p>TheArmak considera la sua politica sull'estrazione responsabile come uno standard in evoluzione. Si impegna a rivedere continuamente la nostra posizione con l'obiettivo di espanderla nel tempo per avere il pi\u00f9 ampio impatto possibile.<\/p>","protected":false},"excerpt":{"rendered":"<p>The The Armak Conflict-Free Diamond Policy The Armak, along with the global diamond industry, has a zero-tolerance policy toward conflict<\/p>","protected":false},"author":1,"featured_media":0,"parent":0,"menu_order":0,"comment_status":"closed","ping_status":"closed","template":"","meta":{"footnotes":""},"class_list":["post-11934","page","type-page","status-publish","hentry"],"_links":{"self":[{"href":"https:\/\/armakjewels.com\/it\/wp-json\/wp\/v2\/pages\/11934","targetHints":{"allow":["GET"]}}],"collection":[{"href":"https:\/\/armakjewels.com\/it\/wp-json\/wp\/v2\/pages"}],"about":[{"href":"https:\/\/armakjewels.com\/it\/wp-json\/wp\/v2\/types\/page"}],"author":[{"embeddable":true,"href":"https:\/\/armakjewels.com\/it\/wp-json\/wp\/v2\/users\/1"}],"replies":[{"embeddable":true,"href":"https:\/\/armakjewels.com\/it\/wp-json\/wp\/v2\/comments?post=11934"}],"version-history":[{"count":2,"href":"https:\/\/armakjewels.com\/it\/wp-json\/wp\/v2\/pages\/11934\/revisions"}],"predecessor-version":[{"id":11988,"href":"https:\/\/armakjewels.com\/it\/wp-json\/wp\/v2\/pages\/11934\/revisions\/11988"}],"wp:attachment":[{"href":"https:\/\/armakjewels.com\/it\/wp-json\/wp\/v2\/media?parent=11934"}],"curies":[{"name":"wp","href":"https:\/\/api.w.org\/{rel}","templated":true}]}}