{"id":11970,"date":"2021-11-11T10:32:24","date_gmt":"2021-11-11T10:32:24","guid":{"rendered":"https:\/\/armakjewels.com\/?page_id=11970"},"modified":"2022-03-30T21:27:26","modified_gmt":"2022-03-30T21:27:26","slug":"gemstone-education","status":"publish","type":"page","link":"https:\/\/armakjewels.com\/fr\/gemstone-education\/","title":{"rendered":"\u00c9ducation aux pierres pr\u00e9cieuses"},"content":{"rendered":"<p><strong>COUPE DE PIERRE<\/strong><\/p>\n<p>Les pierres pr\u00e9cieuses color\u00e9es sont g\u00e9n\u00e9ralement taill\u00e9es pour maximiser la beaut\u00e9 de leur couleur. Pour reconna\u00eetre la qualit\u00e9 dans la taille d'une pierre pr\u00e9cieuse, il y a plusieurs points \u00e0 consid\u00e9rer.<\/p>\n<p><strong>Ce qu'il faut chercher<\/strong><\/p>\n<p>Une bonne coupe met en valeur la couleur de la pierre pr\u00e9cieuse, diminue ses inclusions et pr\u00e9sente une bonne sym\u00e9trie et proportion globales. Parce que la couleur des pierres pr\u00e9cieuses peut varier, il n'y a pas de normes g\u00e9om\u00e9triques strictes lorsqu'il s'agit de maximiser la brillance ou la couleur. Les pierres pr\u00e9cieuses, en particulier les plus rares, sont parfois taill\u00e9es pour leur taille sans tenir compte de leur couleur. Par exemple, lorsque des vari\u00e9t\u00e9s de corindon telles que le saphir et le rubis sont coup\u00e9es pour un poids maximum plut\u00f4t que pour la beaut\u00e9, elles peuvent afficher des couleurs ou des stries en bandes. Armak ne vend que des pierres pr\u00e9cieuses color\u00e9es de la plus haute qualit\u00e9, s\u00e9lectionn\u00e9es \u00e0 la main.<\/p>\n<p><strong>Conseil de l'acheteur<\/strong><\/p>\n<p>Dans une pierre pr\u00e9cieuse avec une couleur plus satur\u00e9e, la meilleure coupe peut \u00eatre moins profonde que la moyenne, permettant \u00e0 plus de lumi\u00e8re de p\u00e9n\u00e9trer dans la pierre pr\u00e9cieuse, tandis que dans une pierre pr\u00e9cieuse moins satur\u00e9e, la couleur peut b\u00e9n\u00e9ficier d'une coupe plus profonde.<\/p>\n<p><strong>Coupe de pierres pr\u00e9cieuses<\/strong><\/p>\n<p>Regardez la pierre pr\u00e9cieuse dans le sertissage et assurez-vous que toutes les facettes sont sym\u00e9triques. Une couronne de coupe asym\u00e9trique indique une pierre pr\u00e9cieuse de mauvaise qualit\u00e9. Dans tous les cas, une pierre pr\u00e9cieuse bien taill\u00e9e est sym\u00e9trique et r\u00e9fl\u00e9chit la lumi\u00e8re uniform\u00e9ment sur toute la surface, et le poli est lisse, sans entailles ni rayures. Ce sont les caract\u00e9ristiques que les bijoutiers Armak recherchent lors de la s\u00e9lection de nos bijoux en pierres pr\u00e9cieuses.<\/p>\n<p><strong>Conseil de l'acheteur<\/strong><\/p>\n<p>Comme les diamants, les gemmes de couleur de qualit\u00e9 sup\u00e9rieure ont g\u00e9n\u00e9ralement une table, une couronne, une ceinture, un pavillon et une colette. Les opales iris\u00e9es sont une exception et ont le plus souvent une coupe cabochon arrondie.<\/p>\n<p><strong>COULEUR DE PIERRE GEMME<\/strong><\/p>\n<p>La belle couleur d'une pierre pr\u00e9cieuse est sa caract\u00e9ristique la plus d\u00e9terminante et de nombreux bijoutiers la consid\u00e8rent comme le crit\u00e8re d'\u00e9valuation le plus important. Lorsque vous d\u00e9cidez de la couleur des pierres pr\u00e9cieuses, examinez la teinte, le ton et la saturation.<\/p>\n<p><strong>Pierres pr\u00e9cieuses<\/strong><\/p>\n<p>Rubis<br \/>\n\u00e9meraude<br \/>\nSaphir<br \/>\nSaphir rose<br \/>\nGrenat<br \/>\nCitrine<br \/>\nP\u00e9ridot<br \/>\nOpale<br \/>\nBleu vert<br \/>\nTopaz bleu<br \/>\nAm\u00e9thyste<br \/>\nTourmaline Rose<br \/>\nTanzanite<br \/>\n\u0645\u0633\u062d\u0629<\/p>\n<p>Les pierres pr\u00e9cieuses les plus pr\u00e9cieuses sont celles qui pr\u00e9sentent une couleur pure et uniquement des teintes d'autres couleurs en plus de leur couleur primaire, comme le font toutes les pierres pr\u00e9cieuses Armak. Par exemple, les saphirs Armak ont \u200b\u200bune teinte allant du bleu l\u00e9g\u00e8rement violac\u00e9 au bleu l\u00e9g\u00e8rement verd\u00e2tre, les saphirs roses vont toujours du\u00a0rose\u00a0au\u00a0\"l\u00e9g\u00e8rement rose violac\u00e9\", et les rubis vont du\u00a0l\u00e9g\u00e8rement rouge orang\u00e9 au\u00a0l\u00e9g\u00e8rement rouge violac\u00e9\u00a0\u00e0 l'exception de opales, la variation de la teinte d'une pierre pr\u00e9cieuse sera indiqu\u00e9e dans les d\u00e9tails de la pierre pr\u00e9cieuse sur la page de d\u00e9tail du produit.<\/p>\n<p><strong>Ton<\/strong><\/p>\n<p>Le ton repr\u00e9sente la profondeur de la couleur, allant de l'incolore au noir. Le ton des pierres pr\u00e9cieuses est d\u00e9crit comme clair, moyen-clair, moyen, moyen-fonc\u00e9 et fonc\u00e9. Armak propose des pierres pr\u00e9cieuses avec les tons les plus recherch\u00e9s qui se situent dans la gamme moyennement claire \u00e0 moyennement fonc\u00e9e. Pour tous nos bijoux en pierres pr\u00e9cieuses, vous constaterez que toutes les variations de tonalit\u00e9 sont indiqu\u00e9es dans les d\u00e9tails des pierres pr\u00e9cieuses.<\/p>\n<p><strong>Saturation<\/strong><\/p>\n<p>La saturation, ou puret\u00e9 de la couleur, fait r\u00e9f\u00e9rence au degr\u00e9 auquel la gemme est exempte de teintes brunes ou grises. Les pierres pr\u00e9cieuses les plus recherch\u00e9es, qui pr\u00e9sentent peu de gris ou de brun, sont souvent d\u00e9crites comme ayant une saturation de couleur vive ou forte. G\u00e9n\u00e9ralement, les niveaux de saturation des couleurs ne seront pas indiqu\u00e9s dans les d\u00e9tails du produit car les pierres pr\u00e9cieuses de nos bijoux sont s\u00e9lectionn\u00e9es \u00e0 la main pour leurs couleurs vives.<\/p>\n<p><strong>CLART\u00c9 DES PIERRES GEMMES<\/strong><\/p>\n<p><strong>Marques d'identification<\/strong><\/p>\n<p>Parce que les pierres pr\u00e9cieuses se forment dans des circonstances uniques, chaque pierre pr\u00e9cieuse individuelle est compos\u00e9e d'une combinaison d'oligo-\u00e9l\u00e9ments, qui cr\u00e9ent un ensemble unique de marques ou d'inclusions d'identification. Les inclusions ne nuiront pas n\u00e9cessairement \u00e0 la beaut\u00e9 ou \u00e0 l'opportunit\u00e9 d'une pierre pr\u00e9cieuse color\u00e9e.<\/p>\n<p><strong>Ce qu'il faut chercher<\/strong><\/p>\n<p>Lorsque vous envisagez la clart\u00e9 d'une pierre pr\u00e9cieuse color\u00e9e, vous devez mesurer vos attentes par rapport \u00e0 la norme pour cette vari\u00e9t\u00e9 de pierres pr\u00e9cieuses. Certaines vari\u00e9t\u00e9s de pierres pr\u00e9cieuses color\u00e9es, telles que l'aigue-marine, la topaze bleue et la citrine, ont naturellement moins d'inclusions tandis que d'autres pierres pr\u00e9cieuses, telles que l'\u00e9meraude et le rubis, ont tendance \u00e0 avoir un taux plus \u00e9lev\u00e9 d'inclusions acceptables. La clart\u00e9 est un facteur important dans la comparaison des pierres pr\u00e9cieuses color\u00e9es de qualit\u00e9. M\u00eame les opales opaques peuvent avoir des inclusions laiteuses qui affecteront leur irisation et leur jeu de couleurs. En g\u00e9n\u00e9ral, les meilleures valeurs sont disponibles dans les pierres pr\u00e9cieuses mod\u00e9r\u00e9ment incluses. Des pierres pr\u00e9cieuses exceptionnelles avec peu ou pas d'inclusions sont disponibles, mais elles peuvent atteindre des prix extravagants.<\/p>\n<p><strong>TAILLE DE PIERRE<\/strong><\/p>\n<p><strong>Diff\u00e9rentes densit\u00e9s<\/strong><\/p>\n<p>Le poids en carats d'une pierre pr\u00e9cieuse ne vous permet pas n\u00e9cessairement d'envisager avec pr\u00e9cision la taille de la pierre pr\u00e9cieuse. Diff\u00e9rentes pierres pr\u00e9cieuses ont des densit\u00e9s diff\u00e9rentes (masse par unit\u00e9 de volume), de sorte que deux pierres pr\u00e9cieuses qui semblent avoir la m\u00eame taille peuvent en fait avoir des poids tr\u00e8s diff\u00e9rents. Par exemple, un rubis est plus dense qu'un diamant, donc un rubis de 1 carat para\u00eetra plus petit qu'un diamant de 1 carat.<\/p>\n<p><strong>Conseil de l'acheteur<\/strong><\/p>\n<p>Demandez toujours les dimensions d'une pierre pr\u00e9cieuse pour vous assurer que la majorit\u00e9 du poids de la pierre pr\u00e9cieuse sera visible lorsqu'elle sera sertie dans le sertissage. Pour vous aider \u00e0 visualiser l'apparence r\u00e9elle des pierres pr\u00e9cieuses, chez Armak, nous fournissons le diam\u00e8tre<br \/>\ndimensions (pour le rond) ou longueur et largeur (pour les autres formes) d'une pierre pr\u00e9cieuse donn\u00e9e. Vous pouvez m\u00eame cliquer sur le bouton de zoom pour voir de plus pr\u00e8s n'importe quel bijou en pierres pr\u00e9cieuses.<\/p>\n<p><strong>AM\u00c9LIORATIONS DE GEMMES<\/strong><\/p>\n<p><strong>Politique d'am\u00e9lioration des pierres pr\u00e9cieuses color\u00e9es d'Armak<\/strong><\/p>\n<p>Armak n'offre aux consommateurs que des pierres pr\u00e9cieuses authentiques de la plus haute qualit\u00e9. Nos pierres pr\u00e9cieuses color\u00e9es sont soumises \u00e0 des inspections internes rigoureuses par nos gemmologues qualifi\u00e9s pour s'assurer qu'elles r\u00e9pondent \u00e0 nos normes de qualit\u00e9 strictes. En raison de leur raret\u00e9 et de leurs propri\u00e9t\u00e9s visuelles uniques, presque toutes les pierres pr\u00e9cieuses color\u00e9es vendues chez les joailliers, y compris Armak, sont am\u00e9lior\u00e9es \u00e0 l'aide de diverses techniques. Beaucoup de ces techniques sont utilis\u00e9es depuis des si\u00e8cles. Les pierres pr\u00e9cieuses color\u00e9es qui n'ont pas \u00e9t\u00e9 rehauss\u00e9es sont tr\u00e8s rares et se vendent \u00e0 des prix exorbitants. Nos diamants blancs et de couleur fantaisie ne sont en aucun cas am\u00e9lior\u00e9s, \u00e0 l'exception de la taille et du polissage normaux. Les bijoux fantaisie en diamant noir contiennent des diamants naturels qui ont \u00e9t\u00e9 trait\u00e9s pour cr\u00e9er la couleur noire unique.<\/p>\n<p><strong>Processus d'am\u00e9lioration des pierres pr\u00e9cieuses color\u00e9es<\/strong><\/p>\n<p>Il existe de nombreuses m\u00e9thodes pour am\u00e9liorer les pierres pr\u00e9cieuses color\u00e9es. Nous d\u00e9crivons ci-dessous les am\u00e9liorations les plus courantes. Pour plus d'informations sur les am\u00e9liorations apport\u00e9es aux pierres pr\u00e9cieuses color\u00e9es, consultez le manuel d'information sur les pierres pr\u00e9cieuses de l'American Gem Trade Associations.<\/p>\n<p><strong>Traitement thermique<\/strong><\/p>\n<p>L'application de chaleur pour am\u00e9liorer la couleur et\/ou la clart\u00e9 des pierres pr\u00e9cieuses est une pratique courante dans le monde entier depuis des si\u00e8cles. Cela fait partie du processus standard de polissage et de finition de nombreuses pierres pr\u00e9cieuses color\u00e9es. En tant que tel, il est accept\u00e9 par l'industrie de la bijouterie et l'American Gem Trade Association. La couleur et\/ou la clart\u00e9 am\u00e9lior\u00e9es des pierres pr\u00e9cieuses trait\u00e9es thermiquement sont permanentes.<\/p>\n<p><strong>Infusion<\/strong><\/p>\n<p>Le remplissage d'un mat\u00e9riau gemme avec une huile, de la cire, du verre, de la r\u00e9sine ou un autre mat\u00e9riau, color\u00e9 ou incolore, pour am\u00e9liorer l'apparence. Ce processus a commenc\u00e9 il y a des si\u00e8cles par des marchands de pierres pr\u00e9cieuses qui ont d\u00e9couvert que l'immersion des \u00e9meraudes dans de l'huile ou des cires les rendait plus claires \u00e0 l'\u0153il nu. Cette pratique se poursuit aujourd'hui avec de nombreuses pierres pr\u00e9cieuses color\u00e9es.<\/p>\n<p><strong>enrobage<\/strong><\/p>\n<p>Utilisation de cire, de r\u00e9sine ou d'huile appliqu\u00e9e \u00e0 l'ext\u00e9rieur d'une pierre pr\u00e9cieuse color\u00e9e poreuse pour prot\u00e9ger la substance naturelle et am\u00e9liorer la solidit\u00e9 et l'apparence.<\/p>\n<p><strong>Blanchiment<\/strong><\/p>\n<p>L'application de produits chimiques ou d'autres \u00e9l\u00e9ments pour \u00e9claircir ou am\u00e9liorer la coh\u00e9rence de la couleur.<\/p>\n<p><strong>Teinture<\/strong><\/p>\n<p>L'acte d'ajouter des agents colorants afin qu'ils impr\u00e8gnent une pierre pr\u00e9cieuse color\u00e9e pour am\u00e9liorer ou modifier la couleur.<\/p>\n<p><strong>Irradiation<\/strong><\/p>\n<p>L'alt\u00e9ration de la couleur d'une pierre pr\u00e9cieuse par l'utilisation de radiations. Ceci est souvent suivi d'un processus de chauffage. La couleur rehauss\u00e9e des pierres pr\u00e9cieuses irradi\u00e9es est permanente.<\/p>\n<p><strong>Technologies nouvelles et futures<\/strong><\/p>\n<p>Des techniques d'am\u00e9lioration des pierres pr\u00e9cieuses color\u00e9es, d\u00e9tectables ou non, sont continuellement d\u00e9velopp\u00e9es. Ceux-ci peuvent \u00eatre difficiles, ou dans de rares cas, impossibles \u00e0 d\u00e9tecter, m\u00eame pour le laboratoire le plus sophistiqu\u00e9. Armak continuera \u00e0 travailler avec des groupes industriels et des experts en gemmologie qui s'engagent \u00e0 identifier et \u00e0 divulguer des techniques nouvelles et futures afin de maintenir nos normes de qualit\u00e9 strictes.<\/p>\n<p><strong>Entretien de base des pierres pr\u00e9cieuses<\/strong><\/p>\n<p>Bien que les pierres pr\u00e9cieuses soient durables, elles n\u00e9cessitent diff\u00e9rents niveaux de soins. Par exemple, certaines pierres pr\u00e9cieuses sont particuli\u00e8rement vuln\u00e9rables aux produits chimiques m\u00e9nagers et aux changements de temp\u00e9rature. Le nettoyage des pierres pr\u00e9cieuses pr\u00e9sente des d\u00e9fis particuliers. Bien que de nombreuses pierres pr\u00e9cieuses doivent \u00eatre entretenues en suivant nos directives d'entretien de base ci-dessous, veuillez vous r\u00e9f\u00e9rer \u00e0 notre aper\u00e7u de l'entretien et de l'am\u00e9lioration des pierres pr\u00e9cieuses et des perles pour comprendre les exigences d'entretien pour votre pierre sp\u00e9cifique. Si vous avez encore des questions, veuillez contacter le service client d'Armak.<\/p>\n<p><strong>Nettoyage<\/strong><\/p>\n<p>Apr\u00e8s avoir retir\u00e9 vos bijoux en pierres pr\u00e9cieuses, nettoyez-les en suivant les instructions d'un nettoyant pour bijoux non abrasif. Assurez-vous que le nettoyant pour bijoux sp\u00e9cifie qu'il peut \u00eatre utilis\u00e9 en toute s\u00e9curit\u00e9 avec votre pierre pr\u00e9cieuse. Utilisez un chiffon doux pour enlever toute salet\u00e9 restante ou tout autre r\u00e9sidu.<\/p>\n<p><strong>Stockage<\/strong><\/p>\n<p>Rangez vos bijoux en pierres pr\u00e9cieuses dans un \u00e9tui doubl\u00e9 ou un chiffon doux, afin que les pierres pr\u00e9cieuses ne se touchent pas ou ne se touchent pas avec d'autres bijoux. Les pierres pr\u00e9cieuses sont plus dures que l'or, l'argent ou le platine et peuvent rayer les surfaces de vos autres bijoux raffin\u00e9s si elles ne sont pas s\u00e9par\u00e9es.<\/p>\n<p><strong>Porter<\/strong><\/p>\n<p>S'il est vrai que les pierres pr\u00e9cieuses telles que le rubis et le saphir sont les deuxi\u00e8mes apr\u00e8s le diamant sur l'\u00e9chelle de duret\u00e9, ce n'est pas une mesure de leur indestructibilit\u00e9. Cela signifie que ces pierres pr\u00e9cieuses sont capables de r\u00e9sister aux rayures presque aussi bien qu'un diamant. Les surfaces abrasives, les produits chimiques agressifs et les coups secs peuvent endommager m\u00eame la gemme la plus dure. Vos bijoux en pierres pr\u00e9cieuses doivent \u00eatre la derni\u00e8re chose que vous mettez lorsque vous vous habillez et la premi\u00e8re chose que vous enlevez \u00e0 la fin de la nuit. Rangez soigneusement vos pierres pr\u00e9cieuses et elles seront appr\u00e9ci\u00e9es pendant des g\u00e9n\u00e9rations.<\/p>\n<p><strong>\u00e9meraude<\/strong><\/p>\n<p>Normalement, nettoyez soigneusement les bijoux en \u00e9meraude dans un nettoyeur \u00e0 ultrasons et \u00e0 la vapeur, jamais avec de l'ac\u00e9tone ou similaire, mais si vous avez achet\u00e9 une \u00e9meraude dans une autre bijouterie, soyez prudent, car le traitement \u00e0 l'huile ou les am\u00e9liorations utilis\u00e9es par d'autres marchands peuvent sortir et montrer l'int\u00e9rieur. d\u00e9g\u00e2ts de l'\u00e9meraude. Une \u00e9meraude ne doit jamais \u00eatre expos\u00e9e \u00e0 une forte chaleur, si la solution de nettoyage que vous utilisez est trop chaude pour que vous puissiez y mettre votre main, vous ne devez pas y placer votre \u00e9meraude.<br \/>\nvous ne devez pas y placer votre \u00e9meraude. Vos bijoux en \u00e9meraude peuvent \u00eatre laiss\u00e9s dans l'eau et tout savon d\u00e9graissant pendant la nuit \u00e0 temp\u00e9rature ambiante ; le lendemain, rincez-le \u00e0 l'eau ti\u00e8de et avec une brosse \u00e0 dents souple; brossez-le \u00e0 plusieurs reprises sur le dessous de l'\u00e9meraude pour enlever les accumulations de salet\u00e9 et de graisse. Si le r\u00e9sultat final de cette proc\u00e9dure n'est pas satisfaisant, apportez votre pi\u00e8ce d'\u00e9meraude \u00e0 votre bijoutier local et demandez-lui de la mettre dans un nettoyeur \u00e0 ultrasons d'au plus 5 minutes, puis de la vaporiser tr\u00e8s rapidement, en particulier sous l'\u00e9meraude. Tu verras l'\u00e9meraude<br \/>\nobtenir la brillance d'origine. Vous pouvez le faire tous les trois mois sans risque. Une \u00e9meraude vert fonc\u00e9 et terne est en fait une pierre tr\u00e8s bon march\u00e9 et si la pierre a des taches de carbone, c'est la moins ch\u00e8re des \u00e9meraudes. Les mineurs colombiens appellent ces types de pierres MURRALLA qui signifie les d\u00e9chets de l'\u00e9meraude. La valeur r\u00e9elle de toutes les pierres pr\u00e9cieuses est la<br \/>\nluminosit\u00e9 et \u00e9clat de feu vert \u00e0 l'int\u00e9rieur de la pierre. La clart\u00e9 et la coupe sont \u00e9galement tr\u00e8s importantes pour consid\u00e9rer une \u00e9meraude de qualit\u00e9.<\/p>\n<p>Nos ann\u00e9es d'exp\u00e9rience ont montr\u00e9 qu'il n'y a pas d'\u00e9meraude \"parfaite ou parfaite\". Quiconque offre une \u00e9meraude parfaite et sans d\u00e9faut n'est pas au courant des \u00e9meraudes ou pire est trompeur.<\/p>\n<p>Nous garantissons la couleur naturelle et la luminosit\u00e9 de chaque pierre tri\u00e9e sur le volet de notre collection. Ces pierres pr\u00e9cieuses ne changeront jamais et leur beaut\u00e9 remarquable sera appr\u00e9ci\u00e9e par de nombreuses g\u00e9n\u00e9rations \u00e0 venir.<\/p>\n<p><strong>Aper\u00e7u des soins et de l'am\u00e9lioration des pierres pr\u00e9cieuses et des perles<\/strong><\/p>\n<p>Gemme<br \/>\nAm\u00e9liorations accept\u00e9es<br \/>\nSoins des pierres pr\u00e9cieuses<br \/>\nAgate<br \/>\nChauff\u00e9 ou teint pour am\u00e9liorer la couleur.<br \/>\nEntretien de base des pierres pr\u00e9cieuses<br \/>\nambre<br \/>\nChauff\u00e9 pour am\u00e9liorer la couleur et la clart\u00e9.<br \/>\nNe pas utiliser de nettoyage aux ultrasons. \u00c9vitez les changements brusques de temp\u00e9rature, les produits chimiques, les parfums,<br \/>\ncosm\u00e9tiques et laque pour les cheveux.<br \/>\nAm\u00e9thyste<br \/>\nChauff\u00e9 pour am\u00e9liorer la couleur et la clart\u00e9.<br \/>\nEntretien de base des pierres pr\u00e9cieuses<br \/>\nApatite<br \/>\nChaleur<br \/>\nEntretien de base des pierres pr\u00e9cieuses<br \/>\nBleu vert<br \/>\nChauff\u00e9 pour am\u00e9liorer la couleur et la clart\u00e9.<br \/>\nEntretien de base des pierres pr\u00e9cieuses<br \/>\nDiamant noir<br \/>\nChauff\u00e9 ou irradi\u00e9 pour modifier la couleur.<br \/>\nEntretien de base des pierres pr\u00e9cieuses<br \/>\nOnyx noir<br \/>\nTeinte.<br \/>\nEntretien de base des pierres pr\u00e9cieuses<br \/>\nSpinelle noir<br \/>\nAucune.<br \/>\nEntretien de base des pierres pr\u00e9cieuses<br \/>\nTopaz bleu<\/p>\n<p>Chauff\u00e9 et\/ou irradi\u00e9 pour modifier la couleur. Enduit thermique pour modifier la couleur.<br \/>\nEntretien de base des pierres pr\u00e9cieuses<br \/>\nCornaline<br \/>\nChauff\u00e9 pour am\u00e9liorer la couleur et la clart\u00e9.<br \/>\nEntretien de base des pierres pr\u00e9cieuses<br \/>\nCalc\u00e9doine<br \/>\nTeinte.<br \/>\nEntretien de base des pierres pr\u00e9cieuses<br \/>\nChrome Diopside<br \/>\nAucune.<br \/>\nEntretien de base des pierres pr\u00e9cieuses<br \/>\nCitrine<br \/>\nChauff\u00e9 pour am\u00e9liorer la couleur et la clart\u00e9.<br \/>\nEntretien de base des pierres pr\u00e9cieuses<br \/>\ncorail<br \/>\nEnduit ou impr\u00e9gn\u00e9 de substances incolores pour am\u00e9liorer l'uniformit\u00e9 ou la durabilit\u00e9 de la surface.<br \/>\nBlanchi ou teint pour rehausser la couleur.<br \/>\nEntretien de base des pierres pr\u00e9cieuses<br \/>\ndiamant<br \/>\nAucune.<br \/>\nEntretien de base des pierres pr\u00e9cieuses<br \/>\n\u00e9meraude<br \/>\nChauff\u00e9 pour am\u00e9liorer la couleur et la clart\u00e9.<br \/>\nNe pas utiliser de nettoyage aux ultrasons. \u00c9vitez les changements brusques de temp\u00e9rature, les produits chimiques, les parfums,<br \/>\ncosm\u00e9tiques et laque pour les cheveux.<br \/>\nOpale de feu<br \/>\nAucune.<br \/>\nNe pas utiliser de nettoyage aux ultrasons. \u00c9vitez les changements brusques de temp\u00e9rature, les produits chimiques, les parfums,<br \/>\ncosm\u00e9tiques et laque pour les cheveux.<br \/>\nGrenat<br \/>\nAucune.<\/p>\n<p>\u00c9vitez les changements brusques de temp\u00e9rature.<br \/>\niolite<br \/>\nAucune.<br \/>\nNe pas utiliser de nettoyage aux ultrasons.<br \/>\nKunzite<br \/>\nChauff\u00e9 ou irradi\u00e9 pour modifier la couleur.<br \/>\nNe pas utiliser de nettoyage aux ultrasons. \u00c9vitez la lumi\u00e8re directe du soleil.<br \/>\nLabradorite<br \/>\nAucune.<br \/>\nEntretien de base des pierres pr\u00e9cieuses<br \/>\nLapis<br \/>\nTeinte.<br \/>\nNe pas utiliser de nettoyage aux ultrasons. \u00c9vitez les changements brusques de temp\u00e9rature, les produits chimiques, les parfums,<br \/>\ncosm\u00e9tiques et laque pour les cheveux.<br \/>\nPierre de lune<br \/>\nAucune.<br \/>\nEntretien de base des pierres pr\u00e9cieuses<br \/>\nMorganite<br \/>\nChauff\u00e9 pour am\u00e9liorer la couleur et la clart\u00e9.<br \/>\nEntretien de base des pierres pr\u00e9cieuses<br \/>\nOpale<br \/>\nCoated to alter surface consistency and durability.<br \/>\nNe pas utiliser de nettoyage aux ultrasons. \u00c9vitez les changements brusques de temp\u00e9rature, les produits chimiques, les parfums,<br \/>\ncosm\u00e9tiques et laque pour les cheveux.<br \/>\nPerle (naturelle et de culture)<br \/>\nBleached, dyed, polished and coated.<br \/>\nNe pas utiliser de nettoyage aux ultrasons. \u00c9vitez les changements brusques de temp\u00e9rature, les produits chimiques, les parfums,<br \/>\ncosm\u00e9tiques et laque pour les cheveux. Pour plus d'informations, rendez-vous sur Pearl Education .<br \/>\nP\u00e9ridot<br \/>\nAucune.<br \/>\nEntretien de base des pierres pr\u00e9cieuses<\/p>\n<p>Pr\u00e9hnite<br \/>\nAucune.<br \/>\nEntretien de base des pierres pr\u00e9cieuses<br \/>\nQuartz<br \/>\nVert\/Citron : Irradi\u00e9 pour am\u00e9liorer la couleur. Smokey : Chauff\u00e9 pour am\u00e9liorer la couleur. Bleu : teint.<br \/>\nRutile\/Rose\/blanc : Aucun.<br \/>\nEntretien de base des pierres pr\u00e9cieuses<br \/>\nRubis<br \/>\nChauff\u00e9 et\/ou infus\u00e9 pour am\u00e9liorer la couleur et la clart\u00e9.<br \/>\nEntretien de base des pierres pr\u00e9cieuses<br \/>\nSaphir<br \/>\nChauff\u00e9 et\/ou infus\u00e9 pour am\u00e9liorer la couleur et la clart\u00e9.<br \/>\nEntretien de base des pierres pr\u00e9cieuses<br \/>\nSpinelle<br \/>\nAucune.<br \/>\nEntretien de base des pierres pr\u00e9cieuses<br \/>\nTanzanite<br \/>\nChauff\u00e9 pour modifier la couleur et la clart\u00e9. Infus\u00e9 pour modifier la couleur et la clart\u00e9.<br \/>\nNe pas utiliser de nettoyage aux ultrasons. \u00c9vitez les changements brusques de temp\u00e9rature, les produits chimiques, les parfums,<br \/>\nTourmaline<br \/>\nChauff\u00e9 ou irradi\u00e9 pour modifier la couleur.<br \/>\nNe pas utiliser de nettoyage aux ultrasons. \u00c9vitez les changements brusques de temp\u00e9rature, les produits chimiques, les parfums,<br \/>\nTurquoise<br \/>\nEnduit ou impr\u00e9gn\u00e9 de substances incolores pour am\u00e9liorer l'uniformit\u00e9 ou la durabilit\u00e9 de la surface.<br \/>\nNe pas utiliser de nettoyage aux ultrasons. \u00c9vitez les changements brusques de temp\u00e9rature, les produits chimiques, les parfums,<br \/>\nAgate blanche<br \/>\nAucune.<br \/>\nEntretien de base des pierres pr\u00e9cieuses<br \/>\nTopaze blanche<br \/>\nAucune.<\/p>","protected":false},"excerpt":{"rendered":"<p>GEMSTONE CUT Colored gemstones are generally cut to maximize the beauty of their color. To recognize quality in the cut<\/p>","protected":false},"author":1,"featured_media":0,"parent":0,"menu_order":0,"comment_status":"closed","ping_status":"closed","template":"","meta":{"footnotes":""},"class_list":["post-11970","page","type-page","status-publish","hentry"],"_links":{"self":[{"href":"https:\/\/armakjewels.com\/fr\/wp-json\/wp\/v2\/pages\/11970","targetHints":{"allow":["GET"]}}],"collection":[{"href":"https:\/\/armakjewels.com\/fr\/wp-json\/wp\/v2\/pages"}],"about":[{"href":"https:\/\/armakjewels.com\/fr\/wp-json\/wp\/v2\/types\/page"}],"author":[{"embeddable":true,"href":"https:\/\/armakjewels.com\/fr\/wp-json\/wp\/v2\/users\/1"}],"replies":[{"embeddable":true,"href":"https:\/\/armakjewels.com\/fr\/wp-json\/wp\/v2\/comments?post=11970"}],"version-history":[{"count":5,"href":"https:\/\/armakjewels.com\/fr\/wp-json\/wp\/v2\/pages\/11970\/revisions"}],"predecessor-version":[{"id":13742,"href":"https:\/\/armakjewels.com\/fr\/wp-json\/wp\/v2\/pages\/11970\/revisions\/13742"}],"wp:attachment":[{"href":"https:\/\/armakjewels.com\/fr\/wp-json\/wp\/v2\/media?parent=11970"}],"curies":[{"name":"wp","href":"https:\/\/api.w.org\/{rel}","templated":true}]}}