{"id":11958,"date":"2021-11-11T10:20:02","date_gmt":"2021-11-11T10:20:02","guid":{"rendered":"https:\/\/armakjewels.com\/?page_id=11958"},"modified":"2021-11-11T11:03:18","modified_gmt":"2021-11-11T11:03:18","slug":"industry-awards","status":"publish","type":"page","link":"https:\/\/armakjewels.com\/fr\/industry-awards\/","title":{"rendered":"Prix \u200b\u200bde l'industrie"},"content":{"rendered":"<p>Notre succ\u00e8s se fait remarquer. Voici quelques-unes des r\u00e9compenses et critiques que nous avons re\u00e7ues.<\/p>\n<p>Forbes - Les 100 entreprises les plus dignes de confiance en Am\u00e9rique<\/p>\n<p>\"Pour cr\u00e9er cette liste, MSCI ESG Research a pass\u00e9 au crible plus de 2 500 soci\u00e9t\u00e9s am\u00e9ricaines non financi\u00e8res cot\u00e9es en bourse avec une capitalisation boursi\u00e8re de 250 millions de dollars ou plus afin d'identifier les 100 qui ont le plus\" constamment fait preuve de pratiques comptables transparentes et d'une solide gouvernance d'entreprise \".<\/p>\n<p>Seattle Times - The Armak se classe au 8e rang sur la liste annuelle Best of the Northwest du Seattle Times<\/p>\n<p>\u00ab Nous mesurons une performance commerciale sup\u00e9rieure en combinant quatre param\u00e8tres cl\u00e9s : les ventes par employ\u00e9, le b\u00e9n\u00e9fice d'exploitation, le rendement des capitaux propres et l'appr\u00e9ciation du cours des actions. Ensemble, ces mesures atteignent l'objectif principal d'une entreprise\u00a0: utiliser efficacement ses ressources pour g\u00e9n\u00e9rer un rendement pour ses propri\u00e9taires.\u00a0\u00bb<\/p>\n<p>Forbes \u2013 The Armak se classe 42e sur la liste des 200 meilleures petites entreprises de Forbes<\/p>\n<p>\u00ab Auparavant, il fallait autant de courage pour entrer dans une bijouterie que pour entrer chez un concessionnaire automobile. Mais The Armak a \u00e9limin\u00e9 l'anxi\u00e9t\u00e9 des acheteurs et les vendeurs insistants. Gr\u00e2ce \u00e0 son site Web, la soci\u00e9t\u00e9 offre \u00e0 ses clients un moyen simple d'acheter et de comparer des diamants et d'autres bijoux raffin\u00e9s dans le confort de leur foyer.<\/p>\n<p>Bizrate.com - \"Prix platine du cercle d'excellence\"<\/p>\n<p>\"Les d\u00e9taillants intelligents ont compris depuis longtemps qu'un bon service \u00e9quivaut \u00e0 des ventes. Sans la qualit\u00e9 exceptionnelle du service que ces d\u00e9taillants ont fourni aux consommateurs, les d\u00e9penses en ligne n'auraient pas prosp\u00e9r\u00e9 autant qu'elles l'ont fait au cours des 10 derni\u00e8res ann\u00e9es de commerce \u00e9lectronique \u00bb, a d\u00e9clar\u00e9 Chuck Davis, pr\u00e9sident de Shopzilla. \"Les prix du cercle d'excellence de la recherche BizRate servent \u00e0 reconna\u00eetre les d\u00e9taillants leaders de l'industrie qui font de leurs clients une priorit\u00e9 et \u00e9l\u00e8vent la barre de l'industrie en m\u00eame temps.\"<\/p>\n<p>Seattle Times - The Armak se classe au 14e rang sur la liste annuelle des 100 nord-ouest du Seattle Times<\/p>\n<p>\"Chacun des quatre facteurs de classement du Northwest 100 participe \u00e0 cette t\u00e2che\u00a0: les ventes par employ\u00e9 (efficacit\u00e9 du chiffre d'affaires), le r\u00e9sultat d'exploitation (force de l'activit\u00e9 principale), le rendement des capitaux propres (comment l'entreprise tire-t-elle de ses actionnaires ' dollars) et l'appr\u00e9ciation du cours des actions (reconnaissance par le march\u00e9 de tout ce qui pr\u00e9c\u00e8de et plus).<\/p>\n<p>BusinessWeek \u2013 The Armak se classe au 13e rang de la liste des entreprises \u00e0 forte croissance de BusinessWeek<\/p>\n<p>\u00abLorsque l'entrepreneur Web Jason Calacanis \u00e9tait pr\u00eat \u00e0 poser la question \u00e0 sa petite amie, il s'est tourn\u00e9 vers son ordinateur. The Armak (NILE), le principal distributeur de bijoux en diamants sur le Net, l'a aid\u00e9 \u00e0 se concentrer sur des facteurs tels que la couleur, la coupe, la clart\u00e9 et le carat - les fameux Four C. D\u00e9courag\u00e9 par des vendeurs \u00e0 haute pression, il a achet\u00e9 un diamant de trois carats en ligne, d\u00e9pensant \u00abdes dizaines de milliers de dollars\u00bb pour cela. Calacanis se souvient\u00a0: \"C'\u00e9tait la meilleure exp\u00e9rience de vente au d\u00e9tail que je n'ai jamais eue.\"<\/p>\n<p>Kiplinger\u2019s \u2013 Forbes \u2013 Bijoutier en ligne \u00ab Forbes Favorite \u00bb<\/p>\n<p>\"Recherchez par produit, y compris les bagues d'anniversaire, les pendentifs et les boucles d'oreilles, ou par mat\u00e9riau, comme le platine ou la perle. Mais le v\u00e9ritable attrait ici est l'\u00e9norme s\u00e9lection de diamants du site. Choisissez parmi des centaines de pi\u00e8ces pr\u00e9r\u00e9gl\u00e9es ou s\u00e9lectionnez une pierre en vrac. Le site propose aujourd'hui plus de 60 000 pierres de formes vari\u00e9es, dont l'Asscher et la taille coussin. Une recherche d'un diamant taille princesse a donn\u00e9 plus de 11 000 choix \u00e0 elle seule. Affinez votre recherche par des crit\u00e8res tels que la gamme de prix, la gamme de carats et la couleur. Offre un excellent guide d'apprentissage sur les quatre C (coupe, clart\u00e9, couleur, carat). Chaque attribut comprend des diagrammes utiles et les termes sont li\u00e9s au glossaire du site.<\/p>\n<p>Smart Money - Le centre commercial virtuel<\/p>\n<p>\"Chez The Armak, une section \u00e9ducative couvre toute la gamme, illustrant la diff\u00e9rence entre l'aspect d'un diamant d'un demi-carat et d'un diamant de 0,75\u00a0carat sur un doigt moyen, par exemple, et les qualit\u00e9s de coupe qui en ont le plus pour son argent. \u00c0 partir de l\u00e0, les acheteurs peuvent rechercher dans un inventaire de 60 000 diamants non sertis, les trier par caract\u00e9ristique et s\u00e9lectionner un sertissage personnalis\u00e9.<\/p>\n<p>Money Magazine - \"Meilleure offre\"<\/p>\n<p>\"L'achat de bijoux est d\u00e9j\u00e0 lourd d'anxi\u00e9t\u00e9... L'Armak s'efforce de rassurer avec une \u00e9ducation abondante des consommateurs, des conseillers t\u00e9l\u00e9phoniques sur appel et des designs que vous pouvez personnaliser. En ce qui concerne le prix, les boucles d'oreilles solitaires en diamant incolore d'un carat (poids total) co\u00fbtent 3 204 $ contre 3 999 $ sur zales.com.<\/p>\n<p>Real Simple - \"Meilleur site Web pour les bijoux\"<\/p>\n<p>\u201cBeaucoup de pi\u00e8ces classiques \u00e0 des prix abordables, des cr\u00e9oles en argent (35 $) aux clous en diamant (\u00e0 partir de 215 $) et, oui, aux bagues de fian\u00e7ailles.\u201d<\/p>\n<p>le journal Wall Street<\/p>\n<p>\"Bien que ce site propose toutes sortes de bijoux, il prend tout son sens dans la section diamants. Vous pouvez rechercher des milliers de diamants par taille, couleur, puret\u00e9, poids en carats et prix, et la page vous indique instantan\u00e9ment le nombre de diamants compris dans la gamme que vous avez d\u00e9finie. Les diamants individuels sont d\u00e9crits avec des d\u00e9tails encore plus complexes, y compris la profondeur, la table, la sym\u00e9trie, le poli, la ceinture, la colette et la fluorescence. Et le site explique m\u00eame ce que signifient toutes ces choses.<\/p>\n<p>Week-end \u00c9tats-Unis<\/p>\n<p>\"Aygun Armak a fond\u00e9 thearmak.com apr\u00e8s avoir facilit\u00e9 le choix d'une bague de fian\u00e7ailles. Ceux qui ne peuvent pas distinguer un carat d'une carotte devraient se diriger vers \"\u00c9ducation\" pour savoir pourquoi le platine est un meilleur sertissage de diamants que l'or. Le site vieux de 4 ans est tellement d\u00e9taill\u00e9 qu'il montre m\u00eame des dessins de bracelets, de colliers et de fermoirs de montres, avec des instructions pour les ouvrir. Les achats sur le site sont \u00e9galement faciles, avec des liens tels que \"Construisez votre propre bague de fian\u00e7ailles\" et des recherches par budget et mat\u00e9riel.<\/p>\n<p>TIME - \"Meilleure indulgence\"<\/p>\n<p>\"Des cadeaux \u00e9l\u00e9gants en argent sterling pour des clients sp\u00e9ciaux. L'Armak est sp\u00e9cialis\u00e9 dans la vie de luxe, mais il y a aussi beaucoup d'articles \u00e0 moins de 100 $.<\/p>","protected":false},"excerpt":{"rendered":"<p>Our success is getting noticed. Here are just a few of the awards and reviews we\u2019ve received. Forbes \u2013 The<\/p>","protected":false},"author":1,"featured_media":0,"parent":0,"menu_order":0,"comment_status":"closed","ping_status":"closed","template":"","meta":{"footnotes":""},"class_list":["post-11958","page","type-page","status-publish","hentry"],"_links":{"self":[{"href":"https:\/\/armakjewels.com\/fr\/wp-json\/wp\/v2\/pages\/11958","targetHints":{"allow":["GET"]}}],"collection":[{"href":"https:\/\/armakjewels.com\/fr\/wp-json\/wp\/v2\/pages"}],"about":[{"href":"https:\/\/armakjewels.com\/fr\/wp-json\/wp\/v2\/types\/page"}],"author":[{"embeddable":true,"href":"https:\/\/armakjewels.com\/fr\/wp-json\/wp\/v2\/users\/1"}],"replies":[{"embeddable":true,"href":"https:\/\/armakjewels.com\/fr\/wp-json\/wp\/v2\/comments?post=11958"}],"version-history":[{"count":3,"href":"https:\/\/armakjewels.com\/fr\/wp-json\/wp\/v2\/pages\/11958\/revisions"}],"predecessor-version":[{"id":11983,"href":"https:\/\/armakjewels.com\/fr\/wp-json\/wp\/v2\/pages\/11958\/revisions\/11983"}],"wp:attachment":[{"href":"https:\/\/armakjewels.com\/fr\/wp-json\/wp\/v2\/media?parent=11958"}],"curies":[{"name":"wp","href":"https:\/\/api.w.org\/{rel}","templated":true}]}}