{"id":11954,"date":"2021-11-11T10:17:12","date_gmt":"2021-11-11T10:17:12","guid":{"rendered":"https:\/\/armakjewels.com\/?page_id=11954"},"modified":"2021-11-11T11:04:45","modified_gmt":"2021-11-11T11:04:45","slug":"quality-value","status":"publish","type":"page","link":"https:\/\/armakjewels.com\/fr\/quality-value\/","title":{"rendered":"Qualit\u00e9 et valeur"},"content":{"rendered":"<p>Chez The Armak, notre mission est de lever le myst\u00e8re de votre achat en offrant uniquement les diamants et bijoux en vrac de la plus haute qualit\u00e9 disponibles, ainsi que des conseils et une \u00e9ducation d'experts. Nos bijoux sont fabriqu\u00e9s avec des mat\u00e9riaux de qualit\u00e9 sup\u00e9rieure et inspect\u00e9s selon des normes de qualit\u00e9 exceptionnelles. Nous sommes convaincus que vous ne trouverez pas un meilleur diamant ou bijou pour le prix.<\/p>\n<p>Cette combinaison de qualit\u00e9 exceptionnelle et de valeur extraordinaire a attir\u00e9 des milliers de couples \u00e0 The Armak.<\/p>\n<p>La plus haute qualit\u00e9 de diamant<\/p>\n<p>En tant que plus grand d\u00e9taillant de diamants en ligne, The Armak propose la plus vaste collection des meilleurs diamants taill\u00e9s au monde. S\u00e9lectionn\u00e9 pour une qualit\u00e9, une coupe, une couleur et une clart\u00e9 exceptionnelles, notre\u00a0<a href=\"https:\/\/armakjewels.com\/fr\/quality-value\/\">diamants en vrac\u00a0<\/a>sont \u00e9valu\u00e9s sur la base d'une \u00e9chelle de classement standardis\u00e9e. Chaque diamant en vrac est accompagn\u00e9 d'un rapport de classement du GIA, un laboratoire ind\u00e9pendant de classement des diamants tr\u00e8s respect\u00e9 pour sa coh\u00e9rence et ses normes de classement strictes.<\/p>\n<p><a href=\"https:\/\/armakjewels.com\/fr\/quality-value\/\">Bijoux en diamant<\/a><\/p>\n<p>Pour une qualit\u00e9 exceptionnelle, les diamants sertis dans nos bijoux r\u00e9pondent \u00e0 des normes de qualit\u00e9 minimales strictes. Chaque diamant est incolore \u00e0 presque incolore (couleur de grade D-I) avec une clart\u00e9 exceptionnelle (clart\u00e9 de grade FL-I1). Cette norme de qualit\u00e9 s'applique \u00e0 tous nos bijoux en diamants, m\u00eame les pi\u00e8ces avec les plus petits diamants.<\/p>\n<p>Les bijoux tendance en diamants noirs sont fabriqu\u00e9s \u00e0 partir de diamants naturels qui ont \u00e9t\u00e9 trait\u00e9s pour\u00a0 \u00a0 \u00a0 \u00a0 \u00a0 \u00a0 cr\u00e9er la couleur noire unique avec un \u00e9clat \u00e9lev\u00e9. Il est courant que les diamants noirs r\u00e9v\u00e8lent des imperfections de surface mineures sans grossissement.<\/p>\n<p><a href=\"https:\/\/armakjewels.com\/fr\/quality-value\/\">Bijoux en perles<\/a><\/p>\n<p>Bien qu'il n'y ait pas de classement standardis\u00e9 pour les perles \u00e0 l'\u00e9chelle de l'industrie, The Armak garantit que chaque perle r\u00e9pond \u00e0 nos normes de qualit\u00e9 \u00e9lev\u00e9es. Vous trouverez des informations relatives \u00e0 chaque type de perle. Nous offrons une vari\u00e9t\u00e9 de styles \u00e0 diff\u00e9rentes gammes de prix, y compris des perles de culture d'Akoya, d'eau douce, de Tahiti et des mers du Sud, afin que vous puissiez trouver les bijoux en perles parfaits pour votre style et votre budget.<\/p>\n<p><a href=\"https:\/\/armakjewels.com\/fr\/quality-value\/\">Bijoux en platine<\/a><\/p>\n<p>Le platine est durable, solide et dure toute une vie. Notre m\u00e9tal le plus populaire pour les bagues de fian\u00e7ailles et de mariage, le platine accentue magnifiquement l'\u00e9clat d'un diamant. Tout notre platine est pur \u00e0 95 %.<\/p>\n<p><a href=\"https:\/\/armakjewels.com\/fr\/quality-value\/\">Bijoux en or<\/a><\/p>\n<p>En tant qu'\u00e9l\u00e9ment durable trouv\u00e9 dans la nature, l'or est tr\u00e8s fort. C'est aussi le plus mall\u00e9able de tous les m\u00e9taux pr\u00e9cieux et parfait pour les bijoux. Nous proposons plusieurs couleurs et alliages, notamment de l'or blanc, jaune et rose 18 carats et 14 carats, ainsi que de l'or vermeil. Des bagues de fian\u00e7ailles et de mariage aux bijoux magnifiquement con\u00e7us, notre gamme de bijoux en or s'adaptera \u00e0 tous les budgets.<\/p>\n<p><a href=\"https:\/\/armakjewels.com\/fr\/quality-value\/\">Bijoux en argent<\/a><\/p>\n<p>Pour des bijoux qui durent, toutes nos pi\u00e8ces en argent sont fabriqu\u00e9es \u00e0 partir d'un alliage d'argent sterling \u00e0 92,5 %. Cet alliage s'est av\u00e9r\u00e9, au fil des si\u00e8cles, \u00eatre la meilleure combinaison de durabilit\u00e9 et de brillance, conservant la mall\u00e9abilit\u00e9 et la beaut\u00e9 des m\u00e9taux pour des conceptions complexes et durables.<\/p>\n<p>.<\/p>","protected":false},"excerpt":{"rendered":"<p>At The Armak, it is our mission to take the mystery out of your purchase by offering only the finest<\/p>","protected":false},"author":1,"featured_media":0,"parent":0,"menu_order":0,"comment_status":"closed","ping_status":"closed","template":"","meta":{"footnotes":""},"class_list":["post-11954","page","type-page","status-publish","hentry"],"_links":{"self":[{"href":"https:\/\/armakjewels.com\/fr\/wp-json\/wp\/v2\/pages\/11954","targetHints":{"allow":["GET"]}}],"collection":[{"href":"https:\/\/armakjewels.com\/fr\/wp-json\/wp\/v2\/pages"}],"about":[{"href":"https:\/\/armakjewels.com\/fr\/wp-json\/wp\/v2\/types\/page"}],"author":[{"embeddable":true,"href":"https:\/\/armakjewels.com\/fr\/wp-json\/wp\/v2\/users\/1"}],"replies":[{"embeddable":true,"href":"https:\/\/armakjewels.com\/fr\/wp-json\/wp\/v2\/comments?post=11954"}],"version-history":[{"count":2,"href":"https:\/\/armakjewels.com\/fr\/wp-json\/wp\/v2\/pages\/11954\/revisions"}],"predecessor-version":[{"id":11984,"href":"https:\/\/armakjewels.com\/fr\/wp-json\/wp\/v2\/pages\/11954\/revisions\/11984"}],"wp:attachment":[{"href":"https:\/\/armakjewels.com\/fr\/wp-json\/wp\/v2\/media?parent=11954"}],"curies":[{"name":"wp","href":"https:\/\/api.w.org\/{rel}","templated":true}]}}