{"id":11952,"date":"2021-11-11T10:16:20","date_gmt":"2021-11-11T10:16:20","guid":{"rendered":"https:\/\/armakjewels.com\/?page_id=11952"},"modified":"2021-11-11T11:05:37","modified_gmt":"2021-11-11T11:05:37","slug":"important-information","status":"publish","type":"page","link":"https:\/\/armakjewels.com\/fr\/important-information\/","title":{"rendered":"Une information important"},"content":{"rendered":"<div id=\"main-content\" class=\"site-main hfeed light\">\n<div class=\"page-wrapper\">\n<div class=\"row\">\n<div id=\"content\" class=\"large-12 columns\" role=\"main\">\n<p>TheArmak offre un niveau de service in\u00e9gal\u00e9 et plusieurs de vos questions peuvent trouver une r\u00e9ponse ci-dessous. Pour plus d'informations sur l'un de nos services, nous vous invitons \u00e0 avoir une conversation avec l'un de nos consultants experts en diamants et bijoux \u00e0<a href=\"mailto:service@theArmak.com\">info@thearmak.com .com<\/a>\u00a0ou<br \/>\n1-877-Armak-01 (276-2501).<\/p>\n<h5><a href=\"https:\/\/armakjewels.com\/fr\/free-shipping\/\">Livraison s\u00e9curis\u00e9e gratuite<\/a><\/h5>\n<p>TheArmak offre une livraison s\u00e9curis\u00e9e gratuite sur chaque commande aux \u00c9tats-Unis. Les commandes de plus de 1 000 $ sont \u00e9ligibles pour l'exp\u00e9dition le lendemain.<br \/>\n<a href=\"https:\/\/armakjewels.com\/fr\/online-returns\/\">Retours en ligne<\/a><br \/>\nLes retours sont simples avec seulement 4 \u00e9tapes faciles.<br \/>\n<a href=\"https:\/\/armakjewels.com\/fr\/important-information\/www.thearmak.com\/gift-packaging\/\">Emballage cadeau gratuit<\/a><br \/>\nTous les produits TheArmak sont livr\u00e9s avec un emballage cadeau \u00e9l\u00e9gant et gratuit. Vous pouvez \u00e9galement joindre une carte-cadeau personnalis\u00e9e \u00e0 votre commande.<\/p>\n<h5><a href=\"https:\/\/armakjewels.com\/fr\/appraisals\/\">\u00c9valuations professionnelles de bijoux<\/a><\/h5>\n<p>TheArmak fournit une \u00e9valuation professionnelle des bijoux avec tous\u00a0<a href=\"https:\/\/armakjewels.com\/fr\/important-information\/\">Cr\u00e9ez vos propres bijoux en diamant\u00ae<\/a>\u00a0articles, ainsi que des bijoux en diamants, perles et pierres pr\u00e9cieuses de plus de 1 000 $.<br \/>\n<a href=\"https:\/\/armakjewels.com\/fr\/thearmak-credit-card\/\">Options de financement<\/a><br \/>\nD\u00e9couvrez les options de paiement flexibles disponibles avec la carte de cr\u00e9dit TheArmak. Option de financement pratique de 12 mois.<br \/>\n<a href=\"https:\/\/armakjewels.com\/fr\/jewelry-insurance\/\">Assurance bijoux<\/a><br \/>\nVotre achat TheArmak est assur\u00e9 depuis notre \u00e9tablissement jusqu'au moment o\u00f9 vous recevez votre article.\u00a0<a href=\"https:\/\/armakjewels.com\/fr\/jewelry-insurance\/\">Learn more<\/a>\u00a0about continuing insurance.<\/p>\n<h5><a href=\"https:\/\/armakjewels.com\/fr\/important-information\/\">Garantie du prix du diamant<\/a><\/h5>\n<p>Contactez TheArmak\u00a0pour comparer le diamant d'un concurrent avec l'un des n\u00f4tres. Dans la plupart des cas, nous pouvons atteindre ou battre leur prix.<br \/>\n<a href=\"https:\/\/armakjewels.com\/fr\/the-armak-diamond-upgrade-program\/\">Programme de surclassement Diamant<\/a><br \/>\nEn savoir plus sur notre nouvelle vie\u00a0<a href=\"https:\/\/armakjewels.com\/fr\/the-armak-diamond-upgrade-program\/\">programme de mise \u00e0 niveau des diamants<\/a>\u00a0pour tous les diamants TheArmak.<br \/>\n<a href=\"https:\/\/armakjewels.com\/fr\/wedding-ring-guide\/\">Taille de bague<\/a><br \/>\nTheArmak\u00a0offre un redimensionnement gratuit sur toutes les bagues de fian\u00e7ailles personnalis\u00e9es au cours de la premi\u00e8re ann\u00e9e. Simplement<a href=\"https:\/\/armakjewels.com\/fr\/contact-us\/\">Nous contacter<\/a>\u00a0pour organiser votre redimensionnement de bague gratuit.<\/p>\n<h5><a href=\"https:\/\/armakjewels.com\/fr\/product-warranty\/\">Garantie du produit<\/a><\/h5>\n<p>Nous garantissons la qualit\u00e9 de nos produits. Si vous avez des pr\u00e9occupations, veuillez\u00a0<a href=\"https:\/\/armakjewels.com\/fr\/contact-us\/\">Nous contacter<\/a>.<\/p>\n<h5><a href=\"https:\/\/armakjewels.com\/fr\/services\/custom-design\/\">Conception personnalis\u00e9e de bagues de fian\u00e7ailles<\/a><\/h5>\n<p>Notre programme de conception personnalis\u00e9e simplifie la fabrication de votre bague unique en son genre gr\u00e2ce \u00e0 des conseils d'experts, aux derni\u00e8res technologies de conception et \u00e0 un savoir-faire exceptionnel.<\/p>\n<h5><a href=\"https:\/\/armakjewels.com\/fr\/important-information\/\">Diamants canadiens<\/a><\/h5>\n<p>Nous sommes heureux d'offrir une vaste gamme de diamants naturels certifi\u00e9s de haute qualit\u00e9 provenant de sources canadiennes.<\/p>\n<h5><a href=\"https:\/\/armakjewels.com\/fr\/important-information\/\">Diamants de couleur<\/a><\/h5>\n<p>TheArmak propose une collection exclusive de diamants de couleur rares, y compris des diamants extr\u00eamement rares dans des teintes rouges et roses.<\/p>\n<h5><a href=\"https:\/\/armakjewels.com\/fr\/important-information\/\">Services de gravure<\/a><\/h5>\n<p>Personnalisez une bague de fian\u00e7ailles, une alliance ou choisissez parmi nos cadeaux en argent sterling \u00e0 faire graver de mani\u00e8re experte.<\/p>\n<h5><a href=\"https:\/\/armakjewels.com\/fr\/important-information\/\">Visualisez votre diamant avant qu'il ne soit serti<\/a><\/h5>\n<p>Une fois que vous avez achet\u00e9, re\u00e7u et inspect\u00e9 votre diamant non serti, renvoyez-le simplement assur\u00e9 \u00e0 TheArmak\u00a0et nous cr\u00e9erons votre bague personnalis\u00e9e pour vous.<\/p>\n<h5>Inscriptions au laser<\/h5>\n<p>Tous nos\u00a0<a href=\"https:\/\/armakjewels.com\/fr\/important-information\/\">Armak \u00a0Collection signature<\/a>les diamants sont grav\u00e9s au laser. Si vous trouvez un diamant qui n'est pas inscrit, nous l'inscrirons pour vous.<\/p>\n<h5><a href=\"https:\/\/armakjewels.com\/fr\/important-information\/\">Commandes internationales<\/a><\/h5>\n<p>TheArmak est fier d'offrir notre\u00a0<a href=\"https:\/\/armakjewels.com\/fr\/important-information\/\">Cr\u00e9ez vos propres bijoux en diamant\u00ae\u00a0<\/a>\u00a0et notre<a href=\"https:\/\/armakjewels.com\/fr\/important-information\/\">diamant en vrac<\/a>\u00a0collecte \u00e0 des clients dans de nombreux autres pays du monde.<\/p>\n<h5><a href=\"https:\/\/armakjewels.com\/fr\/contact-us\/\">Nettoyage et entretien de votre bague<\/a><\/h5>\n<p>Nous vous recommandons de faire nettoyer et polir votre bague et de faire inspecter les griffes tous les six mois. Ces services sont gratuits \u00e0 TheArmak.<\/p>\n<h5><a href=\"https:\/\/armakjewels.com\/fr\/important-information\/\">R\u00e9f\u00e9rez un ami<\/a><\/h5>\n<p>Parlez de TheArmak \u00e0 un ami et vous pourrez tous les deux \u00e9conomiser jusqu'\u00e0 100 $. Vous pouvez \u00e9conomiser \u00e0 chaque parrainage, et il n'y a pas de limite au nombre d'amis que vous pouvez parrainer\u00a0!<\/p>\n<\/div>\n<\/div>\n<\/div>\n<\/div>\n<footer class=\"footer-wrapper\" role=\"contentinfo\">\n<div class=\"footer footer-1 light\">\n<div class=\"row\">\n<div id=\"text-6\" class=\"large-3 columns widget left widget_text\"><\/div>\n<\/div>\n<\/div>\n<\/footer>","protected":false},"excerpt":{"rendered":"<p>TheArmak \u00a0offers an unparalleled level of service and many of your questions may be answered below. For more information about<\/p>","protected":false},"author":1,"featured_media":0,"parent":0,"menu_order":0,"comment_status":"closed","ping_status":"closed","template":"","meta":{"footnotes":""},"class_list":["post-11952","page","type-page","status-publish","hentry"],"_links":{"self":[{"href":"https:\/\/armakjewels.com\/fr\/wp-json\/wp\/v2\/pages\/11952","targetHints":{"allow":["GET"]}}],"collection":[{"href":"https:\/\/armakjewels.com\/fr\/wp-json\/wp\/v2\/pages"}],"about":[{"href":"https:\/\/armakjewels.com\/fr\/wp-json\/wp\/v2\/types\/page"}],"author":[{"embeddable":true,"href":"https:\/\/armakjewels.com\/fr\/wp-json\/wp\/v2\/users\/1"}],"replies":[{"embeddable":true,"href":"https:\/\/armakjewels.com\/fr\/wp-json\/wp\/v2\/comments?post=11952"}],"version-history":[{"count":2,"href":"https:\/\/armakjewels.com\/fr\/wp-json\/wp\/v2\/pages\/11952\/revisions"}],"predecessor-version":[{"id":11985,"href":"https:\/\/armakjewels.com\/fr\/wp-json\/wp\/v2\/pages\/11952\/revisions\/11985"}],"wp:attachment":[{"href":"https:\/\/armakjewels.com\/fr\/wp-json\/wp\/v2\/media?parent=11952"}],"curies":[{"name":"wp","href":"https:\/\/api.w.org\/{rel}","templated":true}]}}