{"id":11950,"date":"2021-11-11T10:14:07","date_gmt":"2021-11-11T10:14:07","guid":{"rendered":"https:\/\/armakjewels.com\/?page_id=11950"},"modified":"2021-11-11T11:06:22","modified_gmt":"2021-11-11T11:06:22","slug":"how-to-care","status":"publish","type":"page","link":"https:\/\/armakjewels.com\/fr\/how-to-care\/","title":{"rendered":"Comment prendre soin"},"content":{"rendered":"<h2>Prendre soin de vos bijoux Armak<\/h2>\n<p>Les bijoux Armak sont extr\u00eamement bien con\u00e7us et s'ils sont bien entretenus, ils peuvent \u00eatre appr\u00e9ci\u00e9s pendant des g\u00e9n\u00e9rations. Les polluants atmosph\u00e9riques, la poussi\u00e8re, la transpiration, les parfums, les cr\u00e8mes et autres \u00e9l\u00e9ments naturels peuvent ternir l'apparence des pierres pr\u00e9cieuses ou des m\u00e9taux pr\u00e9cieux. Pour cette raison, il est toujours recommand\u00e9 d'essuyer vos bijoux avec un chiffon en coton apr\u00e8s les avoir port\u00e9s.<\/p>\n<p>De plus, les bijoux doivent \u00eatre nettoy\u00e9s et inspect\u00e9s par un professionnel une fois par an. Tout comme une belle automobile, l'inspection et l'entretien p\u00e9riodiques des bijoux permettent d'\u00e9viter des r\u00e9parations ou des remplacements co\u00fbteux. Inspectez personnellement vos bijoux lorsque vous les portez en recherchant des pierres l\u00e2ches ou \u00e9br\u00e9ch\u00e9es, des maillons us\u00e9s, des broches tordues ou des fermoirs d\u00e9fectueux.<\/p>\n<p>Si un probl\u00e8me est d\u00e9tect\u00e9, la pi\u00e8ce doit \u00eatre apport\u00e9e imm\u00e9diatement pour r\u00e9paration afin d'\u00e9viter des dommages ou des pertes plus importants. Votre boutique TheArmak la plus proche peut vous faciliter la t\u00e2che, ou vous pouvez appeler\u00a0<a href=\"tel:1-888-398-7626\">1-877-Armak-01<\/a>\u00a0(276-2501)\u00a0pour en savoir plus sur les autres options.<\/p>\n<h2>Comment entretenir mon bracelet Gold Layered ?<\/h2>\n<p>Pour c\u00e9l\u00e9brer le design TheArmak, Parce qu'il est plus fragile que l'argent sterling, veuillez porter votre bracelet avec soin pour \u00e9viter de le rayer ou de le bosseler, Loin des chlores. Eaux sal\u00e9es lorsque vous ne le portez pas, rangez-le dans la pochette de protection TheArmak qui l'accompagne.<\/p>\n<h2>Comment nettoyer vos bijoux TheArmak<\/h2>\n<p>Au fil du temps, les polluants atmosph\u00e9riques, la poussi\u00e8re, la transpiration, les parfums et d'autres \u00e9l\u00e9ments naturels peuvent rendre les bijoux et les pierres pr\u00e9cieuses ternes. Voici quelques conseils pour garder vos pi\u00e8ces propres et brillantes.<\/p>\n<h3>Comment \u00e9viter d'endommager les pierres pr\u00e9cieuses<\/h3>\n<p>Certaines pierres pr\u00e9cieuses sont par nature plus fragiles que d'autres. En g\u00e9n\u00e9ral, vous pouvez pr\u00e9venir de nombreux probl\u00e8mes en n'exposant pas les pierres pr\u00e9cieuses \u00e0 des \u00e9l\u00e9ments communs tels que :<\/p>\n<ul>\n<li>Chlore<\/li>\n<li>Produits chimiques de nettoyage m\u00e9nagers<\/li>\n<li>Chaleur extr\u00eame ou lumi\u00e8re<\/li>\n<li>Eau sal\u00e9e<\/li>\n<\/ul>\n<p>Toutes les pierres pr\u00e9cieuses, y compris les diamants, peuvent s'\u00e9cailler, se rayer ou s'abraser dans les bonnes circonstances. \u00c9vitez de porter des bagues ou des bracelets lorsque vous effectuez des travaux manuels, y compris des travaux m\u00e9nagers. Les bijoux doivent \u00eatre retir\u00e9s avant une activit\u00e9 intense ou lorsqu'ils peuvent \u00eatre soumis \u00e0 des coups violents ou \u00e0 des frottements excessifs.<\/p>\n<p>Pour la plupart des pierres pr\u00e9cieuses, il est pr\u00e9f\u00e9rable de les nettoyer avec du savon \u00e0 vaisselle et de l'eau. Cependant, en raison de la nature fragile des rubis et des \u00e9meraudes, ils ne doivent \u00eatre nettoy\u00e9s qu'avec un chiffon en coton sec - le savon \u00e0 vaisselle dilu\u00e9 ne doit pas \u00eatre utilis\u00e9.<\/p>\n<p>Ne retirez jamais les anneaux en tirant sur la pierre ; les griffes ou la lunette peuvent \u00eatre endommag\u00e9es, ce qui fait que la pierre se desserre ou tombe.<\/p>\n<p>Lorsqu'ils ne sont pas utilis\u00e9s, rangez toujours vos bijoux TheArmak dans la pochette que vous avez re\u00e7ue lors de l'achat. Rangez chaque bijou de pierres pr\u00e9cieuses s\u00e9par\u00e9ment dans sa pochette de rangement pour \u00e9viter le ternissement et les rayures excessifs.<\/p>\n<h2>Nettoyer les bijoux en argent<\/h2>\n<p>L'argent sterling se ternit en pr\u00e9sence d'articles de tous les jours contenant du soufre, tels que le cuir, le caoutchouc, le chlore et la transpiration. Les autres \u00e9l\u00e9ments \u00e0 prendre en compte sont les polluants atmosph\u00e9riques et l'eau sal\u00e9e. Parce que ces substances ne peuvent pas \u00eatre compl\u00e8tement \u00e9vit\u00e9es, il est recommand\u00e9 que l'argent sterling soit r\u00e9guli\u00e8rement essuy\u00e9 avec le c\u00f4t\u00e9 blanc du chiffon de polissage TheArmak fourni avec votre pi\u00e8ce. L'usure r\u00e9guli\u00e8re de votre argent sterling TheArmak peut \u00e9galement aider \u00e0 pr\u00e9venir le ternissement. Nous vous recommandons d'appr\u00e9cier et de porter vos bijoux TheArmak tous les jours. Lorsqu'ils ne sont pas utilis\u00e9s, rangez vos bijoux\u00a0dans la pochette que vous avez re\u00e7ue lors de l'achat.<\/p>\n<p>Utilisez un chiffon en coton propre et un d\u00e9tergent \u00e0 vaisselle doux dilu\u00e9 dans de l'eau. Appliquez le d\u00e9tergent \u00e0 vaisselle dilu\u00e9 sur le chiffon en coton propre et frottez la pi\u00e8ce dans une direction. Essayez d'\u00e9viter les mouvements circulaires.<\/p>\n<p>Pour \u00e9liminer les ternissures plus importantes, lavez vos bijoux en argent avec de l'eau ti\u00e8de et un savon doux. N'utilisez jamais autre chose qu'un chiffon en coton ou en flanelle propre et sans peluches. Nous ne recommandons pas les solutions de nettoyage de type polissage ou trempage de l'argent, qui \u00e9limineront l'oxydation antique que nous appliquons intentionnellement \u00e0 de nombreuses pi\u00e8ces en argent TheArmak pour leur donner leur aspect distinctif. Si un nettoyage plus approfondi est n\u00e9cessaire, un bijoutier agr\u00e9\u00e9 peut nettoyer vos pi\u00e8ces pour les remettre dans un \u00e9tat comme neuf. Nous vous recommandons de faire nettoyer vos bijoux par un professionnel une fois par an.<\/p>\n<h2>Nettoyer les bijoux en or et en platine<\/h2>\n<p>Pour nettoyer les bijoux en or ou en platine, diluez le d\u00e9tergent \u00e0 vaisselle dans un petit bol d'eau ti\u00e8de et faites tremper chaque pi\u00e8ce pendant 3 \u00e0 5 minutes. Nettoyez d\u00e9licatement votre article \u00e0 l'aide d'un chiffon en coton propre. Pour vous assurer d'avoir \u00e9limin\u00e9 tout le savon \u00e0 vaisselle dilu\u00e9, rincez vos bijoux sous l'eau courante ti\u00e8de et s\u00e9chez-les avec un chiffon doux non pelucheux. Assurez-vous de s\u00e9cher compl\u00e8tement vos bijoux avant de les porter \u00e0 nouveau.<\/p>\n<p>TheArmak d\u00e9conseille d'utiliser un nettoyeur \u00e0 ultrasons, un vaporisateur ou d'autres produits chimiques de nettoyage de bijoux \"\u00e0 la maison\" (y compris l'eau de Javel, l'ammoniac, le bicarbonate de soude et le papier d'aluminium) sur les pierres pr\u00e9cieuses. Ils ne doivent \u00eatre nettoy\u00e9s qu'avec du savon \u00e0 vaisselle doux dilu\u00e9 et de l'eau ti\u00e8de (voir ci-dessus pour les instructions de nettoyage).<\/p>\n<h2>Nettoyer des bijoux avec des pierres pr\u00e9cieuses cristallines<\/h2>\n<p>Les pierres pr\u00e9cieuses cristallines, telles que l'am\u00e9thyste, la topaze bleue, la citrine ou le p\u00e9ridot, attirent les huiles et les lotions, ce qui les rend ternes. Pour les nettoyer, faites-les tremper dans un bol d'eau avec une touche de savon \u00e0 vaisselle doux. Une brosse \u00e0 dents souple pour b\u00e9b\u00e9 peut \u00eatre utilis\u00e9e pour frotter autour et derri\u00e8re la pierre. Apr\u00e8s le nettoyage, placez vos bijoux dans une passoire et rincez-les avant de les s\u00e9cher soigneusement avec un chiffon non pelucheux.<\/p>\n<p>Pour les diamants, rubis et saphirs sertis d'or ou de platine, vous pouvez utiliser une goutte d'ammoniaque dans l'eau de rin\u00e7age. Cependant, l'ammoniac d\u00e9colore les pierres pr\u00e9cieuses organiques et endommage et ternit l'argent, ne l'utilisez donc pas sur ces mat\u00e9riaux.<\/p>\n<h2>Nettoyer des bijoux avec des pierres pr\u00e9cieuses organiques et opaques<\/h2>\n<p>N'utilisez jamais de nettoyant \u00e0 ultrasons ou de produits chimiques (y compris l'eau de Javel ou l'ammoniaque) sur les pierres pr\u00e9cieuses organiques et les pierres opaques telles que les perles, les opales, le corail, la turquoise et le lapis-lazuli. Ils ne doivent \u00eatre nettoy\u00e9s qu'avec un chiffon humide. De plus, \u00e9vitez tout contact avec la laque, les lotions et les parfums, qui peuvent \u00eatre absorb\u00e9s avec le temps et provoquer une d\u00e9coloration.<\/p>\n<p>Remarque sur la m\u00e9t\u00e9orite\u00a0:\u00a0Au fil du temps, la surface de la m\u00e9t\u00e9orite s'assombrit naturellement en raison de sa forte teneur en fer. Bien que nous ayons utilis\u00e9 plusieurs mesures pour emp\u00eacher l'oxydation, cette patine est unique \u00e0 la m\u00e9t\u00e9orite, ajoutant \u00e0 sa beaut\u00e9 et prouvant son authenticit\u00e9. Pour pr\u00e9server la finition grav\u00e9e, traitez la m\u00e9t\u00e9orite comme les autres pierres sensibles\u00a0: \u00e9vitez l'abrasion, ainsi que les produits chimiques corrosifs, les produits de nettoyage, le chlore et l'eau sal\u00e9e. En cas d'exposition \u00e0 l'un de ces \u00e9l\u00e9ments, rincez sous l'eau du robinet pendant quelques minutes et s\u00e9chez soigneusement avec une serviette en papier.<\/p>\n<p>Au fur et \u00e0 mesure que votre pi\u00e8ce Meteorite vieillit, elle peut \u00eatre polie \u00e0 la main avec un chiffon de polissage ou laiss\u00e9e seule pour obtenir un aspect antique. Pour redonner tout son \u00e9clat au motif unique Widmanst\u00e4dter (hachures crois\u00e9es), veuillez apporter votre pi\u00e8ce \u00e0 une boutique Armak ou \u00e0 un revendeur agr\u00e9\u00e9 pour une remise \u00e0 neuf.<\/p>\n<h2>Perles de nettoyage<\/h2>\n<p>Les perles n\u00e9cessitent des soins appropri\u00e9s pour conserver leur beaut\u00e9 et leur \u00e9clat. Ils doivent \u00eatre tenus \u00e0 l'\u00e9cart des parfums, des cosm\u00e9tiques, de la transpiration, du chlore, du vinaigre, de l'ammoniac et de la salet\u00e9. Nous vous recommandons de les mettre en dernier, apr\u00e8s les produits capillaires et le parfum. Les perles doivent \u00eatre retir\u00e9es avant l'exercice pour les prot\u00e9ger de la transpiration. Apr\u00e8s les avoir port\u00e9s, essuyez-les d\u00e9licatement avec un chiffon l\u00e9g\u00e8rement humide.<\/p>\n<p>Lavez p\u00e9riodiquement les perles avec un savon doux (pas de d\u00e9tergent) et un chiffon doux. Rincez les perles \u00e0 l'eau claire et enveloppez-les dans une serviette en coton fine et humide pour les s\u00e9cher.Lavez p\u00e9riodiquement les perles avec un savon doux (pas de d\u00e9tergent) et un chiffon doux. Rincez les perles \u00e0 l'eau claire et enveloppez-les dans une serviette en coton fine et humide pour les s\u00e9cher.<\/p>\n<p>Pour \u00e9viter les rayures, les perles doivent \u00eatre rang\u00e9es \u00e0 l'\u00e9cart des autres objets dans la pochette de rangement fournie. Cependant, ne les stockez pas dans un emballage herm\u00e9tique tel qu'un sac en plastique. Les opales et les perles ont besoin d'humidit\u00e9. Lors du stockage, assurez-vous que l'environnement n'est pas trop sec ou ils peuvent se fissurer.<\/p>\n<p>TheArmak d\u00e9conseille d'utiliser un nettoyeur \u00e0 ultrasons, un vaporisateur ou d'autres produits chimiques de nettoyage de bijoux \"\u00e0 la maison\" (y compris l'eau de Javel, l'ammoniac, le bicarbonate de soude et le papier d'aluminium) sur les pierres pr\u00e9cieuses. Ils ne doivent \u00eatre nettoy\u00e9s qu'avec du savon \u00e0 vaisselle doux dilu\u00e9 et de l'eau ti\u00e8de (voir ci-dessus pour les instructions de nettoyage).<\/p>\n<h2>Prendre soin des bracelets en couche d'or<\/h2>\n<p>Pour c\u00e9l\u00e9brer le design TheArmak, Parce qu'il est plus fragile que l'argent sterling, veuillez porter votre bracelet avec soin pour \u00e9viter de le rayer ou de le bosseler, Loin des chlores. Eaux sal\u00e9es lorsque vous ne le portez pas, rangez-le dans la pochette de protection TheArmak qui l'accompagne.<\/p>\n<h2>Prendre soin des bagues en \u00e9meraude<\/h2>\n<p>Ne portez pas votre bague \u00e9meraude pendant que vous faites des t\u00e2ches m\u00e9nag\u00e8res comme laver la vaisselle, l'\u00e9meraude attirera la graisse et le savon. Au bout d'un moment, ces substances s'accumuleront au fond de la pierre pr\u00e9cieuse, lui faisant perdre son \u00e9clat vif. De plus, ne portez pas votre \u00e9meraude lorsque vous pratiquez une activit\u00e9 physique comme le jardinage qui pourrait la rayer ou la fissurer.<\/p>\n<p>Normalement, nettoyez soigneusement les bijoux en \u00e9meraude dans un nettoyeur \u00e0 ultrasons et \u00e0 la vapeur, jamais avec de l'ac\u00e9tone ou similaire, mais si vous avez achet\u00e9 une \u00e9meraude dans une autre bijouterie, soyez prudent, car le traitement \u00e0 l'huile ou les am\u00e9liorations utilis\u00e9es par d'autres marchands peuvent sortir et montrer l'int\u00e9rieur. d\u00e9g\u00e2ts de l'\u00e9meraude. Une \u00e9meraude ne doit jamais \u00eatre expos\u00e9e \u00e0 une forte chaleur, si la solution de nettoyage que vous utilisez est trop chaude pour que vous puissiez y mettre votre main, vous ne devez pas y placer votre \u00e9meraude.<\/p>\n<p>Vos bijoux en \u00e9meraude peuvent \u00eatre laiss\u00e9s dans l'eau et tout savon d\u00e9graissant pendant la nuit \u00e0 temp\u00e9rature ambiante\u00a0; le lendemain, rincez-le \u00e0 l'eau ti\u00e8de et avec une brosse \u00e0 dents souple; brossez-le \u00e0 plusieurs reprises sur le dessous de l'\u00e9meraude pour enlever les accumulations de salet\u00e9 et de graisse. Si le r\u00e9sultat de cette proc\u00e9dure n'est pas satisfaisant, apportez votre pi\u00e8ce d'\u00e9meraude \u00e0 votre bijoutier local et demandez-lui de la mettre dans un nettoyeur \u00e0 ultrasons pendant 5 minutes maximum, puis de la vaporiser tr\u00e8s rapidement, en particulier sous l'\u00e9meraude. Vous verrez l'\u00e9meraude obtenir l'\u00e9clat d'origine. Vous pouvez le faire tous les trois mois sans risque.<\/p>\n<h2>Lorsque l'on consid\u00e8re une \u00e9meraude de qualit\u00e9<\/h2>\n<p>Une \u00e9meraude vert fonc\u00e9 et terne est une pierre tr\u00e8s bon march\u00e9 et si la pierre a des taches de carbone, c'est la moins ch\u00e8re des \u00e9meraudes. Les mineurs colombiens appellent\u00a0ces types de pierres MURRALLA, ce qui signifie les d\u00e9chets de l'\u00e9meraude. La valeur r\u00e9elle de toutes les pierres pr\u00e9cieuses est la luminosit\u00e9 et la brillance du feu vert \u00e0 l'int\u00e9rieur de la pierre. La clart\u00e9 et la coupe sont \u00e9galement tr\u00e8s importantes pour consid\u00e9rer une \u00e9meraude de qualit\u00e9.<\/p>\n<p>Nos ann\u00e9es d'exp\u00e9rience ont montr\u00e9 qu'il n'y a pas d'\u00e9meraude \"parfaite ou parfaite\". Quiconque offre une \u00e9meraude parfaite et sans d\u00e9faut n'est pas au courant des \u00e9meraudes ou pire est trompeur.<\/p>\n<p>Nous garantissons la couleur naturelle et la luminosit\u00e9 de chaque pierre tri\u00e9e sur le volet de notre collection. Ces pierres pr\u00e9cieuses ne changeront jamais et leur beaut\u00e9 remarquable sera appr\u00e9ci\u00e9e par de nombreuses g\u00e9n\u00e9rations \u00e0 venir.<\/p>","protected":false},"excerpt":{"rendered":"<p>Caring for Your Armak Jewelry TheArmak jewelry is extremely well crafted and if cared for properly can be enjoyed for<\/p>","protected":false},"author":1,"featured_media":0,"parent":0,"menu_order":0,"comment_status":"closed","ping_status":"closed","template":"","meta":{"footnotes":""},"class_list":["post-11950","page","type-page","status-publish","hentry"],"_links":{"self":[{"href":"https:\/\/armakjewels.com\/fr\/wp-json\/wp\/v2\/pages\/11950","targetHints":{"allow":["GET"]}}],"collection":[{"href":"https:\/\/armakjewels.com\/fr\/wp-json\/wp\/v2\/pages"}],"about":[{"href":"https:\/\/armakjewels.com\/fr\/wp-json\/wp\/v2\/types\/page"}],"author":[{"embeddable":true,"href":"https:\/\/armakjewels.com\/fr\/wp-json\/wp\/v2\/users\/1"}],"replies":[{"embeddable":true,"href":"https:\/\/armakjewels.com\/fr\/wp-json\/wp\/v2\/comments?post=11950"}],"version-history":[{"count":2,"href":"https:\/\/armakjewels.com\/fr\/wp-json\/wp\/v2\/pages\/11950\/revisions"}],"predecessor-version":[{"id":11986,"href":"https:\/\/armakjewels.com\/fr\/wp-json\/wp\/v2\/pages\/11950\/revisions\/11986"}],"wp:attachment":[{"href":"https:\/\/armakjewels.com\/fr\/wp-json\/wp\/v2\/media?parent=11950"}],"curies":[{"name":"wp","href":"https:\/\/api.w.org\/{rel}","templated":true}]}}