{"id":11948,"date":"2021-11-11T10:13:47","date_gmt":"2021-11-11T10:13:47","guid":{"rendered":"https:\/\/armakjewels.com\/?page_id=11948"},"modified":"2021-11-11T11:16:26","modified_gmt":"2021-11-11T11:16:26","slug":"jewelry-insurance","status":"publish","type":"page","link":"https:\/\/armakjewels.com\/fr\/jewelry-insurance\/","title":{"rendered":"Assurance bijoux"},"content":{"rendered":"<p>Jewelers Mutual Insurance Group a fourni le contenu de cette page.<\/p>\n<h2>Nous vous encourageons \u00e0 prot\u00e9ger votre nouvelle pi\u00e8ce pour votre tranquillit\u00e9 d'esprit<\/h2>\n<p>TheArmak a pris des dispositions pour que Jewelers Mutual Insurance Group apporte \u00e0 nos clients am\u00e9ricains et canadiens (\u00e0 l'exception du Qu\u00e9bec) des informations pr\u00e9cieuses sur la protection de votre achat. Depuis 1913, Jewelers Mutual est le seul assureur d\u00e9di\u00e9 exclusivement aux bijoux et offre une couverture compl\u00e8te de r\u00e9paration ou de remplacement avec une protection mondiale contre la perte, le vol, les dommages et la disparition myst\u00e9rieuse. Assurer votre nouvel achat chez TheArmak peut \u00eatre rapide et facile, et vous donne la libert\u00e9 de porter vos bijoux sans souci, sachant qu'ils sont prot\u00e9g\u00e9s.<\/p>","protected":false},"excerpt":{"rendered":"<p>Jewelers Mutual Insurance Group has provided the content on this page. We Encourage you to Protect your New Piece for<\/p>","protected":false},"author":1,"featured_media":0,"parent":0,"menu_order":0,"comment_status":"closed","ping_status":"closed","template":"","meta":{"footnotes":""},"class_list":["post-11948","page","type-page","status-publish","hentry"],"_links":{"self":[{"href":"https:\/\/armakjewels.com\/fr\/wp-json\/wp\/v2\/pages\/11948","targetHints":{"allow":["GET"]}}],"collection":[{"href":"https:\/\/armakjewels.com\/fr\/wp-json\/wp\/v2\/pages"}],"about":[{"href":"https:\/\/armakjewels.com\/fr\/wp-json\/wp\/v2\/types\/page"}],"author":[{"embeddable":true,"href":"https:\/\/armakjewels.com\/fr\/wp-json\/wp\/v2\/users\/1"}],"replies":[{"embeddable":true,"href":"https:\/\/armakjewels.com\/fr\/wp-json\/wp\/v2\/comments?post=11948"}],"version-history":[{"count":2,"href":"https:\/\/armakjewels.com\/fr\/wp-json\/wp\/v2\/pages\/11948\/revisions"}],"predecessor-version":[{"id":12000,"href":"https:\/\/armakjewels.com\/fr\/wp-json\/wp\/v2\/pages\/11948\/revisions\/12000"}],"wp:attachment":[{"href":"https:\/\/armakjewels.com\/fr\/wp-json\/wp\/v2\/media?parent=11948"}],"curies":[{"name":"wp","href":"https:\/\/api.w.org\/{rel}","templated":true}]}}