{"id":11946,"date":"2021-11-11T10:13:23","date_gmt":"2021-11-11T10:13:23","guid":{"rendered":"https:\/\/armakjewels.com\/?page_id=11946"},"modified":"2022-03-13T18:27:47","modified_gmt":"2022-03-13T18:27:47","slug":"the-armak-credit-card","status":"publish","type":"page","link":"https:\/\/armakjewels.com\/fr\/the-armak-credit-card\/","title":{"rendered":"La carte de cr\u00e9dit Armak"},"content":{"rendered":"<p>La carte de cr\u00e9dit Armak offre des options de financement int\u00e9ressantes, vous donnant la flexibilit\u00e9 de payer au fil du temps*. Les avantages de la carte comprennent des options de paiement pratiques, l'absence de frais annuels** et un acc\u00e8s privil\u00e9gi\u00e9 aux offres et promotions r\u00e9serv\u00e9es aux titulaires de carte.<\/p>\n<h2>Les titulaires de carte b\u00e9n\u00e9ficient :<\/h2>\n<ul>\n<li>Des offres de financement exclusives vous donnant la flexibilit\u00e9 de payer au fil du temps*<\/li>\n<li>Acc\u00e8s sp\u00e9cial aux offres et promotions r\u00e9serv\u00e9es aux titulaires de carte<\/li>\n<li>Aucun frais annuel**<\/li>\n<li><a href=\"https:\/\/armakjewels.com\/fr\/thearmak-credit-card\/\" target=\"_blank\" rel=\"nofollow noopener\">Gestion de compte en ligne pratique<\/a><\/li>\n<\/ul>\n<h1>Option 1 : Aucun int\u00e9r\u00eat si pay\u00e9 int\u00e9gralement dans les 6, 12 ou 18 mois<\/h1>\n<p>Des int\u00e9r\u00eats seront imput\u00e9s \u00e0 votre compte \u00e0 compter de la date d'achat si le solde d'achat n'est pas pay\u00e9 en totalit\u00e9 dans les 6, 12 ou 18 mois ou si vous effectuez un paiement en retard.\u2020<\/p>\n<h3>Option 1 : Aucun int\u00e9r\u00eat si pay\u00e9 int\u00e9gralement dans les 6, 12 ou 18 mois<\/h3>\n<table border=\"1\" width=\"60%\" cellspacing=\"5\" cellpadding=\"5\">\n<tbody>\n<tr>\n<td align=\"center\">6 mois<\/td>\n<td align=\"center\"><strong>500,00 $ \u2013 1.499,99 $<\/strong><\/td>\n<\/tr>\n<tr>\n<td align=\"center\">12 mois<\/td>\n<td align=\"center\"><strong>1 500,00 $ et plus<\/strong><\/td>\n<\/tr>\n<tr>\n<td align=\"center\">18 mois (pour Astor by The Armak\u2122)<\/td>\n<td align=\"center\"><strong>2 000,00 $ et plus<\/strong><\/td>\n<\/tr>\n<\/tbody>\n<\/table>\n<h1>Option 2\u00a0:\u00a0Paiements \u00e9gaux et 9,99\u00a0% APR si pay\u00e9 int\u00e9gralement dans les conditions promotionnelles \u2020\u2020<\/h1>\n<h3>Paiements \u00e9gaux et 9,99\u00a0% APR si pay\u00e9 int\u00e9gralement dans les conditions promotionnelles.\u2020\u2020<\/h3>\n<table border=\"1\" width=\"60%\" cellspacing=\"5\" cellpadding=\"5\">\n<tbody>\n<tr>\n<td align=\"center\">mandat de 24 mois<\/td>\n<td align=\"center\"><strong>$2,000.00 \u2013 $2,999.99<\/strong><\/td>\n<\/tr>\n<tr>\n<td align=\"center\">mandat de 36 mois<\/td>\n<td align=\"center\"><strong>$3,000.00 \u2013 $3,999.99<\/strong><\/td>\n<\/tr>\n<tr>\n<td align=\"center\">mandat de 48 mois<\/td>\n<td align=\"center\"><strong>4 000 $ et plus<\/strong><\/td>\n<\/tr>\n<tr>\n<td align=\"center\">mandat de 60 mois<\/td>\n<td align=\"center\"><strong>6 000 $ et plus<\/strong><\/td>\n<\/tr>\n<\/tbody>\n<\/table>\n<h1>Option 3 : Aucune condition sp\u00e9ciale \u2020\u2020\u2020<\/h1>\n<p>Les nouveaux achats b\u00e9n\u00e9ficient d'un d\u00e9lai de gr\u00e2ce de 25 jours si vous r\u00e9glez l'int\u00e9gralit\u00e9 de votre solde chaque mois.<\/p>\n<h2>Termes et conditions<\/h2>\n<p>* Sous r\u00e9serve de l'approbation du cr\u00e9dit et de la disponibilit\u00e9. Le compte doit \u00eatre en r\u00e8gle au moment de la transaction. Financement promotionnel disponible avec les comptes de carte de cr\u00e9dit The Armak offerts par Comenity Capital Bank, qui d\u00e9termine les qualifications pour le cr\u00e9dit et l'\u00e9ligibilit\u00e9 promotionnelle. Un achat minimum et des paiements mensuels minimums sont requis.<\/p>\n<p>** TAEG d'achat variable standard de 29,99\u00a0%, bas\u00e9 sur le taux pr\u00e9f\u00e9rentiel. Les frais d'int\u00e9r\u00eat minimum sont de 2,00 $ par plan de cr\u00e9dit.<\/p>\n<p><strong>\u2020 Aucun int\u00e9r\u00eat si pay\u00e9 int\u00e9gralement dans les 6, 12 ou 18 mois.<\/strong><br \/>\nAucun int\u00e9r\u00eat si pay\u00e9 int\u00e9gralement dans les 6, 12 ou 18 mois. Des int\u00e9r\u00eats seront imput\u00e9s \u00e0 votre compte (au TAP standard et variable de 29,99\u00a0% bas\u00e9 sur le taux pr\u00e9f\u00e9rentiel) \u00e0 partir de la date d'achat si le solde de l'achat n'est pas pay\u00e9 en totalit\u00e9 pendant la p\u00e9riode promotionnelle ou si vous effectuez un paiement en retard. Des paiements mensuels minimums sont requis pour ce plan pendant la p\u00e9riode promotionnelle. Achat minimum requis de 500,00 $ pour le forfait de 6 mois, 1 500,00 $ pour le forfait de 12 mois ou un diamant Astor d'au moins 2 000 $ pour le forfait de 18 mois. Les comptes de carte de cr\u00e9dit Armak sont propos\u00e9s par Comenity Capital Bank, qui d\u00e9termine les qualifications pour le cr\u00e9dit et l'\u00e9ligibilit\u00e9 aux promotions. \u00c0 aucun moment, le paiement minimum d\u00fb ne sera inf\u00e9rieur \u00e0 27 $. Les frais d'int\u00e9r\u00eat minimaux sont de 2,00\u00a0$. APR variable standard de 29,99\u00a0% bas\u00e9 sur le taux pr\u00e9f\u00e9rentiel.<\/p>\n<p><strong>\u2020\u2020 9,99\u00a0% APR si pay\u00e9 int\u00e9gralement en 24, 36, 48 ou 60 mois.<\/strong><br \/>\nSi le solde n'est pas pay\u00e9 en totalit\u00e9 dans les 24, 36, 48 ou 60 mois ou si vous n'effectuez aucun paiement \u00e0 l'\u00e9ch\u00e9ance, les conditions de cr\u00e9dit r\u00e9guli\u00e8res s'appliqueront et des int\u00e9r\u00eats seront impos\u00e9s \u00e0 partir de la fin de la p\u00e9riode promotionnelle au taux standard, variable TAEG de 29,99\u00a0% bas\u00e9 sur le taux pr\u00e9f\u00e9rentiel. Les paiements mensuels minimums pour ce forfait pendant la p\u00e9riode promotionnelle seront le plus \u00e9lev\u00e9 entre\u00a0: le montant de l'achat, y compris les frais financiers calcul\u00e9s qui seront \u00e9valu\u00e9s \u00e0 partir de la date d'achat jusqu'\u00e0 la fin de la p\u00e9riode promotionnelle, divis\u00e9 par le nombre de mois pendant la p\u00e9riode promotionnelle (arrondi au 1,00\u00a0$ le plus proche)\u00a0; ou 5 $. Achat minimum requis de 2 000 $ pour un forfait de 24 mois, 3 000 $ pour un forfait de 36 mois, 4 000 $ pour un forfait de 48 mois et 6 000 $ pour le forfait de 60 mois. Les comptes de carte de cr\u00e9dit Armak sont propos\u00e9s par Comenity Capital Bank qui d\u00e9termine les qualifications pour le cr\u00e9dit et l'\u00e9ligibilit\u00e9 aux promotions. \u00c0 aucun moment, le paiement minimum d\u00fb ne sera inf\u00e9rieur \u00e0 27 $. Les frais d'int\u00e9r\u00eat minimaux sont de 2,00\u00a0$. APR variable standard de 29,99\u00a0%, bas\u00e9 sur le taux pr\u00e9f\u00e9rentiel.<\/p>\n<p>\u2020\u2020\u2020 Les comptes de carte de cr\u00e9dit Armak sont propos\u00e9s par Comenity Capital Bank, qui d\u00e9termine les qualifications pour le cr\u00e9dit et l'\u00e9ligibilit\u00e9 aux promotions. Des versements mensuels minimums sont exig\u00e9s et \u00e0 aucun moment le paiement minimum d\u00fb ne sera inf\u00e9rieur \u00e0 27,00 $. APR d'achat variable standard de 29,99\u00a0%, bas\u00e9 sur le taux pr\u00e9f\u00e9rentiel. Les frais d'int\u00e9r\u00eat minimums sont de 2,00 $ par plan de cr\u00e9dit.<\/p>","protected":false},"excerpt":{"rendered":"<p>The Armak Credit Card offers compelling financing options, giving you the flexibility to pay over time*. Benefits of the card<\/p>","protected":false},"author":1,"featured_media":0,"parent":0,"menu_order":0,"comment_status":"closed","ping_status":"closed","template":"elementor_header_footer","meta":{"footnotes":""},"class_list":["post-11946","page","type-page","status-publish","hentry"],"_links":{"self":[{"href":"https:\/\/armakjewels.com\/fr\/wp-json\/wp\/v2\/pages\/11946","targetHints":{"allow":["GET"]}}],"collection":[{"href":"https:\/\/armakjewels.com\/fr\/wp-json\/wp\/v2\/pages"}],"about":[{"href":"https:\/\/armakjewels.com\/fr\/wp-json\/wp\/v2\/types\/page"}],"author":[{"embeddable":true,"href":"https:\/\/armakjewels.com\/fr\/wp-json\/wp\/v2\/users\/1"}],"replies":[{"embeddable":true,"href":"https:\/\/armakjewels.com\/fr\/wp-json\/wp\/v2\/comments?post=11946"}],"version-history":[{"count":3,"href":"https:\/\/armakjewels.com\/fr\/wp-json\/wp\/v2\/pages\/11946\/revisions"}],"predecessor-version":[{"id":11999,"href":"https:\/\/armakjewels.com\/fr\/wp-json\/wp\/v2\/pages\/11946\/revisions\/11999"}],"wp:attachment":[{"href":"https:\/\/armakjewels.com\/fr\/wp-json\/wp\/v2\/media?parent=11946"}],"curies":[{"name":"wp","href":"https:\/\/api.w.org\/{rel}","templated":true}]}}