{"id":11944,"date":"2021-11-11T10:13:02","date_gmt":"2021-11-11T10:13:02","guid":{"rendered":"https:\/\/armakjewels.com\/?page_id=11944"},"modified":"2021-11-11T11:15:06","modified_gmt":"2021-11-11T11:15:06","slug":"free-gift-packaging","status":"publish","type":"page","link":"https:\/\/armakjewels.com\/fr\/free-gift-packaging\/","title":{"rendered":"Emballage cadeau gratuit"},"content":{"rendered":"<h2>Aucun emballage cadeau n\u00e9cessaire<\/h2>\n<p>Peu importe ce que vous c\u00e9l\u00e9brez, chaque achat de bijoux est sp\u00e9cial. Pour nous, cela signifie compl\u00e9ter votre commande avec un emballage aussi distinctif et sophistiqu\u00e9 que vos nouveaux bijoux. Qu'il s'agisse d'un cadeau pour un \u00eatre cher ou d'une g\u00e2terie pour vous, nous nous effor\u00e7ons de rendre chaque commande parfaite.<\/p>\n<p>&nbsp;<\/p>\n<div class=\"row container\">\n<div class=\"small-12    large-12  columns\">\n<div class=\"column-inner\">\n<h2>Cartes-cadeaux gratuites<\/h2>\n<p>Pour envoyer une carte gratuite avec votre commande de bijoux, recherchez le lien \"Carte cadeau gratuite\" sur la page de v\u00e9rification de la commande. Cr\u00e9ez ensuite un message personnel \u00e0 imprimer et \u00e0 placer \u00e0 c\u00f4t\u00e9 de vos bijoux.<\/p>\n<\/div>\n<\/div>\n<\/div>\n<div class=\"row container\">\n<div class=\"small-12    large-12  columns\">\n<div class=\"column-inner\">\n<h2>Emballage distinctif The Armak<\/h2>\n<p>De nos bo\u00eetes de pr\u00e9sentation de bagues classiques \u00e0 nos pochettes \u00e0 bijoux souples, chaque diamant et bijou en vrac que nous envoyons est soigneusement arrang\u00e9 afin qu'il arrive pr\u00eat \u00e0 \u00eatre pr\u00e9sent\u00e9.<\/p>\n<p>N'oubliez pas de garder vos paquets The Armak bien cach\u00e9s. Une fois qu'un paquet The Armak est rep\u00e9r\u00e9, il est tr\u00e8s difficile de l'emp\u00eacher d'\u00eatre ouvert.<\/p>\n<\/div>\n<\/div>\n<\/div>","protected":false},"excerpt":{"rendered":"<p>No Gift Wrap Necessary No matter what you\u2019re celebrating, every jewelry purchase is special. To us, that means completing your<\/p>","protected":false},"author":1,"featured_media":0,"parent":0,"menu_order":0,"comment_status":"closed","ping_status":"closed","template":"","meta":{"footnotes":""},"class_list":["post-11944","page","type-page","status-publish","hentry"],"_links":{"self":[{"href":"https:\/\/armakjewels.com\/fr\/wp-json\/wp\/v2\/pages\/11944","targetHints":{"allow":["GET"]}}],"collection":[{"href":"https:\/\/armakjewels.com\/fr\/wp-json\/wp\/v2\/pages"}],"about":[{"href":"https:\/\/armakjewels.com\/fr\/wp-json\/wp\/v2\/types\/page"}],"author":[{"embeddable":true,"href":"https:\/\/armakjewels.com\/fr\/wp-json\/wp\/v2\/users\/1"}],"replies":[{"embeddable":true,"href":"https:\/\/armakjewels.com\/fr\/wp-json\/wp\/v2\/comments?post=11944"}],"version-history":[{"count":3,"href":"https:\/\/armakjewels.com\/fr\/wp-json\/wp\/v2\/pages\/11944\/revisions"}],"predecessor-version":[{"id":11997,"href":"https:\/\/armakjewels.com\/fr\/wp-json\/wp\/v2\/pages\/11944\/revisions\/11997"}],"wp:attachment":[{"href":"https:\/\/armakjewels.com\/fr\/wp-json\/wp\/v2\/media?parent=11944"}],"curies":[{"name":"wp","href":"https:\/\/api.w.org\/{rel}","templated":true}]}}