{"id":11942,"date":"2021-11-11T10:12:40","date_gmt":"2021-11-11T10:12:40","guid":{"rendered":"https:\/\/armakjewels.com\/?page_id=11942"},"modified":"2021-11-11T11:14:18","modified_gmt":"2021-11-11T11:14:18","slug":"free-secure-shipping","status":"publish","type":"page","link":"https:\/\/armakjewels.com\/fr\/free-secure-shipping\/","title":{"rendered":"Livraison s\u00e9curis\u00e9e gratuite"},"content":{"rendered":"<p>Nous nous engageons \u00e0 faire de votre exp\u00e9rience une exp\u00e9rience agr\u00e9able, de l'achat \u00e0 l'exp\u00e9dition.<\/p>\n<h2>Livraison s\u00e9curis\u00e9e gratuite<\/h2>\n<p>Nous offrons une livraison rapide et gratuite sur chaque commande.<\/p>\n<h2>Emballage assur\u00e9 et discret<\/h2>\n<p>Notre bo\u00eete d'exp\u00e9dition assur\u00e9e ne r\u00e9v\u00e9lera pas ce qu'il y a \u00e0 l'int\u00e9rieur.<\/p>\n<h2>Option de ramassage s\u00e9curis\u00e9e et pratique<\/h2>\n<p>Vous pouvez choisir d'exp\u00e9dier votre commande \u00e0 un point FedEx Hold for Pickup.<\/p>","protected":false},"excerpt":{"rendered":"<p>We\u2019re committed to making your entire experience a pleasant one, from shopping to shipping. Free Shipping We offer fast and<\/p>","protected":false},"author":1,"featured_media":0,"parent":0,"menu_order":0,"comment_status":"closed","ping_status":"closed","template":"","meta":{"footnotes":""},"class_list":["post-11942","page","type-page","status-publish","hentry"],"_links":{"self":[{"href":"https:\/\/armakjewels.com\/fr\/wp-json\/wp\/v2\/pages\/11942","targetHints":{"allow":["GET"]}}],"collection":[{"href":"https:\/\/armakjewels.com\/fr\/wp-json\/wp\/v2\/pages"}],"about":[{"href":"https:\/\/armakjewels.com\/fr\/wp-json\/wp\/v2\/types\/page"}],"author":[{"embeddable":true,"href":"https:\/\/armakjewels.com\/fr\/wp-json\/wp\/v2\/users\/1"}],"replies":[{"embeddable":true,"href":"https:\/\/armakjewels.com\/fr\/wp-json\/wp\/v2\/comments?post=11942"}],"version-history":[{"count":2,"href":"https:\/\/armakjewels.com\/fr\/wp-json\/wp\/v2\/pages\/11942\/revisions"}],"predecessor-version":[{"id":11995,"href":"https:\/\/armakjewels.com\/fr\/wp-json\/wp\/v2\/pages\/11942\/revisions\/11995"}],"wp:attachment":[{"href":"https:\/\/armakjewels.com\/fr\/wp-json\/wp\/v2\/media?parent=11942"}],"curies":[{"name":"wp","href":"https:\/\/api.w.org\/{rel}","templated":true}]}}