{"id":11940,"date":"2021-11-11T10:11:33","date_gmt":"2021-11-11T10:11:33","guid":{"rendered":"https:\/\/armakjewels.com\/?page_id=11940"},"modified":"2021-11-11T11:13:00","modified_gmt":"2021-11-11T11:13:00","slug":"free-lifetime-warranty","status":"publish","type":"page","link":"https:\/\/armakjewels.com\/fr\/free-lifetime-warranty\/","title":{"rendered":"Garantie \u00e0 vie gratuite"},"content":{"rendered":"<div class=\"content-block\">\n<div class=\"inline-text\">\n<h2 class=\"subtitle\">Garantie \u00e0 vie du fabricant<\/h2>\n<div class=\"text-content\">\n<p>Nous soutenons nos produits et garantissons que tous les articles seront exempts de d\u00e9fauts de fabrication pendant toute la dur\u00e9e de vie des produits. Si vous pensez que votre article pr\u00e9sente un d\u00e9faut de fabrication, vous pouvez nous le retourner pour inspection. Si nous d\u00e9terminons que votre marchandise est endommag\u00e9e en raison d'un d\u00e9faut de fabrication, nous r\u00e9parerons la marchandise ou, si nous le jugeons appropri\u00e9, remplacerons l'article. Si l'article n'est plus disponible, TheArmak peut, \u00e0 sa discr\u00e9tion, le remplacer par un article similaire ou autoriser un remboursement \u00e9gal au prix de vente de l'article ou du composant d'origine.<\/p>\n<p>Si nous d\u00e9terminons que les dommages ne sont pas caus\u00e9s par un d\u00e9faut de fabrication, nous vous en informerons et vous ferons savoir si des services de r\u00e9paration sont disponibles moyennant des frais ou autrement.<\/p>\n<p>Veuillez noter que de l\u00e9g\u00e8res irr\u00e9gularit\u00e9s et variations dans l'artisanat ou les caract\u00e9ristiques naturelles, ou les inclusions internes, visibles ou non, dans les pierres pr\u00e9cieuses color\u00e9es sont uniques et individuelles \u00e0 chaque article. Ces caract\u00e9ristiques sont consid\u00e9r\u00e9es comme faisant partie du caract\u00e8re de l'article et ne doivent pas \u00eatre consid\u00e9r\u00e9es comme un d\u00e9faut.<\/p>\n<\/div>\n<\/div>\n<\/div>\n<div class=\"content-block\">\n<div class=\"inline-text\">\n<h2 class=\"subtitle\">Services de nettoyage et d'inspection gratuits sur les bagues en diamant<\/h2>\n<div class=\"text-content\">\n<p>Nous vous recommandons de faire nettoyer et inspecter votre bague en diamant tous les six mois ou si elle subit un traumatisme potentiel. Les inspections peuvent aider \u00e0 pr\u00e9venir la perte d'une pierre et \u00e0 prolonger la dur\u00e9e de vie de vos bijoux. Ce service de nettoyage et d'inspection est gratuit pour les clients TheArmak sur leurs bagues en diamant TheArmak. Le client ne paie que les frais d'exp\u00e9dition et TheArmak prend en charge les frais de retour. Les r\u00e9parations de votre montage de bague peuvent \u00e9galement \u00eatre effectu\u00e9es \u00e0 ce moment-l\u00e0 moyennant des frais.<\/p>\n<\/div>\n<\/div>\n<\/div>\n<div class=\"content-block\">\n<div class=\"inline-text\">\n<h2 class=\"subtitle\">Conditions et exclusions<\/h2>\n<div class=\"text-content\">\n<p>La garantie du fabricant et les services compl\u00e9mentaires ci-dessus ne sont disponibles que pour la personne qui a achet\u00e9 le produit couvert aupr\u00e8s de TheArmak.<\/p>\n<p>L'entretien, la r\u00e9paration, le dimensionnement ou tout autre service effectu\u00e9 par une personne autre que TheArmak annulera votre garantie du fabricant.<\/p>\n<p>Les bijoux fins ne sont pas imperm\u00e9ables \u00e0 l'usure normale, aux activit\u00e9s ou aux traumatismes. C'est particuli\u00e8rement vrai pour les bagues puisque les mains sont r\u00e9guli\u00e8rement soumises \u00e0 des abus consid\u00e9rables. Nous ne fournissons pas de garantie pour les dommages dus \u00e0 l'usure normale, \u00e0 la perte de produit, \u00e0 la perte de pierres ou au vol. Les dommages ou les pertes r\u00e9sultant de l'incapacit\u00e9 \u00e0 obtenir les r\u00e9parations n\u00e9cessaires pour maintenir l'int\u00e9grit\u00e9 du produit ne sont pas non plus couverts.<\/p>\n<p>Voici quelques exemples de probl\u00e8mes de bijoux courants qui ne seraient pas consid\u00e9r\u00e9s comme des d\u00e9fauts de fabrication\u00a0:<\/p>\n<ol>\n<li>D\u00e9coloration due \u00e0 l'exposition aux produits chimiques, au maquillage, aux piscines, aux bains \u00e0 remous ou aux bains.<\/li>\n<li>Les griffes et les m\u00e9taux pr\u00e9cieux, en g\u00e9n\u00e9ral, s'usent avec le temps et peuvent n\u00e9cessiter des travaux de \"construction\" ou de restauration comme une usure normale.<\/li>\n<li>Broche(s) tordue(s), coinc\u00e9e(s) ou us\u00e9e(s) permettant \u00e0 une pierre de tomber ou d'\u00eatre perdue en raison de l'usure normale ou d'autres dommages.<\/li>\n<li>Une pierre perdue ou une pierre est tomb\u00e9e en raison d'un \u00e9caillage ou d'un bris caus\u00e9 par l'usure normale ou d'autres dommages.<\/li>\n<\/ol>\n<\/div>\n<\/div>\n<\/div>","protected":false},"excerpt":{"rendered":"<p>Lifetime Manufacturer Warranty We stand behind our products and warrant that all items will be free from manufacturing defects for<\/p>","protected":false},"author":1,"featured_media":0,"parent":0,"menu_order":0,"comment_status":"closed","ping_status":"closed","template":"","meta":{"footnotes":""},"class_list":["post-11940","page","type-page","status-publish","hentry"],"_links":{"self":[{"href":"https:\/\/armakjewels.com\/fr\/wp-json\/wp\/v2\/pages\/11940","targetHints":{"allow":["GET"]}}],"collection":[{"href":"https:\/\/armakjewels.com\/fr\/wp-json\/wp\/v2\/pages"}],"about":[{"href":"https:\/\/armakjewels.com\/fr\/wp-json\/wp\/v2\/types\/page"}],"author":[{"embeddable":true,"href":"https:\/\/armakjewels.com\/fr\/wp-json\/wp\/v2\/users\/1"}],"replies":[{"embeddable":true,"href":"https:\/\/armakjewels.com\/fr\/wp-json\/wp\/v2\/comments?post=11940"}],"version-history":[{"count":2,"href":"https:\/\/armakjewels.com\/fr\/wp-json\/wp\/v2\/pages\/11940\/revisions"}],"predecessor-version":[{"id":11992,"href":"https:\/\/armakjewels.com\/fr\/wp-json\/wp\/v2\/pages\/11940\/revisions\/11992"}],"wp:attachment":[{"href":"https:\/\/armakjewels.com\/fr\/wp-json\/wp\/v2\/media?parent=11940"}],"curies":[{"name":"wp","href":"https:\/\/api.w.org\/{rel}","templated":true}]}}