{"id":11936,"date":"2021-11-11T10:10:01","date_gmt":"2021-11-11T10:10:01","guid":{"rendered":"https:\/\/armakjewels.com\/?page_id=11936"},"modified":"2022-03-13T18:26:56","modified_gmt":"2022-03-13T18:26:56","slug":"diamond-price-matching","status":"publish","type":"page","link":"https:\/\/armakjewels.com\/fr\/diamond-price-matching\/","title":{"rendered":"Comparaison des prix des diamants"},"content":{"rendered":"<p>Nous pensons que nos prix sont imbattables. Cependant, si vous trouvez un diamant de qualit\u00e9 et de caract\u00e9ristiques comparables dont le prix est inf\u00e9rieur \u00e0 celui de notre site, suivez les instructions ci-dessous pour voir si nous pouvons \u00e9galer le prix.<\/p>\n<p>&nbsp;<\/p>\n<div id=\"\" class=\"su-note\">\n<div class=\"su-note-inner su-u-clearfix su-u-trim\">\n<h2>Lignes directrices sur la garantie d'\u00e9galisation des prix des diamants<\/h2>\n<ul>\n<li><strong>Diamond Price Match Guarantee est un service gratuit et ne prend que quelques minutes pour d\u00e9marrer.<\/strong>Appelez-nous simplement au 1-877-Armak-01 (276-2501) et un consultant qualifi\u00e9 en diamants et bijoux se fera un plaisir d'examiner votre demande. Dans la plupart des cas, The Armak s'attend \u00e0 avoir le prix le plus bas, mais peut g\u00e9n\u00e9ralement \u00e9galer le prix si le prix du concurrent est inf\u00e9rieur.<\/li>\n<li><strong>Pas d'argumentaire de vente.<\/strong>Les consultants Armak Diamond &amp; Jewelry ne travaillent pas \u00e0 la commission, il n'y a donc pas de pression, pas d'argumentaire de vente. Nous voulons simplement vous fournir le meilleur diamant possible au meilleur prix.<\/li>\n<li><strong>Le diamant exact.<\/strong>Pour garantir l'exactitude, le programme Diamond Price Match Guarantee exige que les diamants soient class\u00e9s par le Gemological Institute of America (GIA).<\/li>\n<\/ul>\n<\/div>\n<\/div>\n<p>Ce qui suit\u00a0<a href=\"https:\/\/armakjewels.com\/fr\/diamond-price-match-guarantee\/\">termes et conditions<\/a>\u00a0\u062a\u0646\u0637\u0628\u0642 \u0639\u0644\u0649 \u0628\u0631\u0646\u0627\u0645\u062c \u0636\u0645\u0627\u0646 \u0645\u0637\u0627\u0628\u0642\u0629 \u0627\u0644\u0623\u0633\u0639\u0627\u0631 \u0627\u0644\u0645\u0627\u0633\u064a\u0629.<\/p>","protected":false},"excerpt":{"rendered":"<p>We believe that our prices can\u2019t be beat. However, if you find a diamond of comparable quality and characteristics that<\/p>","protected":false},"author":1,"featured_media":0,"parent":0,"menu_order":0,"comment_status":"closed","ping_status":"closed","template":"elementor_header_footer","meta":{"footnotes":""},"class_list":["post-11936","page","type-page","status-publish","hentry"],"_links":{"self":[{"href":"https:\/\/armakjewels.com\/fr\/wp-json\/wp\/v2\/pages\/11936","targetHints":{"allow":["GET"]}}],"collection":[{"href":"https:\/\/armakjewels.com\/fr\/wp-json\/wp\/v2\/pages"}],"about":[{"href":"https:\/\/armakjewels.com\/fr\/wp-json\/wp\/v2\/types\/page"}],"author":[{"embeddable":true,"href":"https:\/\/armakjewels.com\/fr\/wp-json\/wp\/v2\/users\/1"}],"replies":[{"embeddable":true,"href":"https:\/\/armakjewels.com\/fr\/wp-json\/wp\/v2\/comments?post=11936"}],"version-history":[{"count":3,"href":"https:\/\/armakjewels.com\/fr\/wp-json\/wp\/v2\/pages\/11936\/revisions"}],"predecessor-version":[{"id":12134,"href":"https:\/\/armakjewels.com\/fr\/wp-json\/wp\/v2\/pages\/11936\/revisions\/12134"}],"wp:attachment":[{"href":"https:\/\/armakjewels.com\/fr\/wp-json\/wp\/v2\/media?parent=11936"}],"curies":[{"name":"wp","href":"https:\/\/api.w.org\/{rel}","templated":true}]}}