{"id":11932,"date":"2021-11-11T10:08:56","date_gmt":"2021-11-11T10:08:56","guid":{"rendered":"https:\/\/armakjewels.com\/?page_id=11932"},"modified":"2021-11-11T11:08:40","modified_gmt":"2021-11-11T11:08:40","slug":"returns-are-free","status":"publish","type":"page","link":"https:\/\/armakjewels.com\/fr\/returns-are-free\/","title":{"rendered":"Les retours sont gratuits"},"content":{"rendered":"<p>Notre engagement envers vous ne s'arr\u00eate pas \u00e0 la livraison. Nous proposons les services suivants pour rendre votre exp\u00e9rience de retour la plus agr\u00e9able possible :<\/p>\n<h2>Retours sous 7 jours<\/h2>\n<p>Les articles peuvent \u00eatre retourn\u00e9s ou \u00e9chang\u00e9s dans les 7 jours suivant leur exp\u00e9dition.<\/p>\n<h2>Livraison s\u00e9curis\u00e9e gratuite<\/h2>\n<p>Vous recevrez une \u00e9tiquette d'exp\u00e9dition gratuite envoy\u00e9e \u00e0 votre adresse e-mail.*<\/p>\n<h2>Assur\u00e9 et s\u00e9curis\u00e9<\/h2>\n<p>Notre \u00e9tiquette de retour gratuite offre une couverture d'assurance pour votre article.<\/p>\n<h2>Commencez votre retour<\/h2>\n<div id=\"\" class=\"su-note\">\n<div class=\"su-note-inner su-u-clearfix su-u-trim\">Pour les articles de 500 $ et\u00a0<strong>En dessous de<\/strong><\/div>\n<\/div>\n<div id=\"\" class=\"su-note\">\n<div class=\"su-note-inner su-u-clearfix su-u-trim\">\n<div class=\"su-spoiler su-spoiler-style-default su-spoiler-icon-arrow su-spoiler-closed\" data-scroll-offset=\"0\">\n<div class=\"su-spoiler-title\" tabindex=\"0\" role=\"button\">Pour les articles de plus de 500 $<\/div>\n<\/div>\n<\/div>\n<\/div>\n<h2>V\u00e9rifiez votre statut de retour<\/h2>\n<p>Si vous souhaitez v\u00e9rifier l'\u00e9tat de votre retour, veuillez consulter notre\u00a0<a href=\"https:\/\/armakjewels.com\/fr\/returns-are-free\/\">Statut de retour<\/a>\u00a0page.<\/p>\n<p>*Les retours gratuits s'appliquent uniquement aux clients australiens, am\u00e9ricains et canadiens. Deux retours gratuits sont autoris\u00e9s par client et par an. Pour plus de d\u00e9tails, veuillez visiter notre page Politiques de retour.<\/p>","protected":false},"excerpt":{"rendered":"<p>Our commitment to you does not end at delivery. We offer the following services to make your return experience as<\/p>","protected":false},"author":1,"featured_media":0,"parent":0,"menu_order":0,"comment_status":"closed","ping_status":"closed","template":"","meta":{"footnotes":""},"class_list":["post-11932","page","type-page","status-publish","hentry"],"_links":{"self":[{"href":"https:\/\/armakjewels.com\/fr\/wp-json\/wp\/v2\/pages\/11932","targetHints":{"allow":["GET"]}}],"collection":[{"href":"https:\/\/armakjewels.com\/fr\/wp-json\/wp\/v2\/pages"}],"about":[{"href":"https:\/\/armakjewels.com\/fr\/wp-json\/wp\/v2\/types\/page"}],"author":[{"embeddable":true,"href":"https:\/\/armakjewels.com\/fr\/wp-json\/wp\/v2\/users\/1"}],"replies":[{"embeddable":true,"href":"https:\/\/armakjewels.com\/fr\/wp-json\/wp\/v2\/comments?post=11932"}],"version-history":[{"count":2,"href":"https:\/\/armakjewels.com\/fr\/wp-json\/wp\/v2\/pages\/11932\/revisions"}],"predecessor-version":[{"id":11987,"href":"https:\/\/armakjewels.com\/fr\/wp-json\/wp\/v2\/pages\/11932\/revisions\/11987"}],"wp:attachment":[{"href":"https:\/\/armakjewels.com\/fr\/wp-json\/wp\/v2\/media?parent=11932"}],"curies":[{"name":"wp","href":"https:\/\/api.w.org\/{rel}","templated":true}]}}