{"id":11970,"date":"2021-11-11T10:32:24","date_gmt":"2021-11-11T10:32:24","guid":{"rendered":"https:\/\/armakjewels.com\/?page_id=11970"},"modified":"2022-03-30T21:27:26","modified_gmt":"2022-03-30T21:27:26","slug":"gemstone-education","status":"publish","type":"page","link":"https:\/\/armakjewels.com\/es\/gemstone-education\/","title":{"rendered":"Educaci\u00f3n de piedras preciosas"},"content":{"rendered":"<p><strong>CORTE DE PIEDRAS PRECIOSAS<\/strong><\/p>\n<p>Las piedras preciosas de colores generalmente se cortan para maximizar la belleza de su color. Para reconocer la calidad en el corte de una piedra preciosa, hay varios puntos a considerar.<\/p>\n<p><strong>Qu\u00e9 buscar<\/strong><\/p>\n<p>Un buen corte resalta el color de la piedra preciosa, disminuye sus inclusiones y exhibe una buena simetr\u00eda y proporci\u00f3n general. Debido a que el color de las piedras preciosas puede variar, no existen est\u00e1ndares geom\u00e9tricos estrictos cuando se trata de maximizar el brillo o el color. Las piedras preciosas, especialmente las m\u00e1s raras, a veces se cortan por tama\u00f1o sin tener en cuenta su color. Por ejemplo, cuando las variedades de corind\u00f3n como el zafiro y el rub\u00ed se cortan para obtener el peso m\u00e1ximo en lugar de la belleza, pueden mostrar rayas o colores en bandas. Armak vende solo piedras preciosas de colores seleccionadas a mano de la mejor calidad.<\/p>\n<p><strong>Consejo del comprador<\/strong><\/p>\n<p>En una gema con un color m\u00e1s saturado, el mejor corte puede ser m\u00e1s superficial que el promedio, lo que permite que penetre m\u00e1s luz en la gema, mientras que en una gema menos saturada, el color puede beneficiarse de un corte m\u00e1s profundo.<\/p>\n<p><strong>Corte de piedras preciosas<\/strong><\/p>\n<p>Mire la piedra preciosa en el engaste y aseg\u00farese de que todas las facetas sean sim\u00e9tricas. Una corona cortada asim\u00e9tricamente indica una piedra preciosa de baja calidad. En todos los casos, una piedra preciosa bien cortada es sim\u00e9trica y refleja la luz de manera uniforme en la superficie, y el pulido es suave, sin muescas ni rayones. Estas son las caracter\u00edsticas que buscan los joyeros de Armak al seleccionar nuestras joyas con piedras preciosas.<\/p>\n<p><strong>Consejo del comprador<\/strong><\/p>\n<p>Al igual que los diamantes, las gemas de color de alta calidad suelen tener una mesa, una corona, un cintur\u00f3n, un pabell\u00f3n y un culet. Los \u00f3palos iridiscentes son una excepci\u00f3n, y la mayor\u00eda de las veces tienen un corte de cabuj\u00f3n redondeado.<\/p>\n<p><strong>COLOR DE PIEDRAS PRECIOSAS<\/strong><\/p>\n<p>El hermoso color de una piedra preciosa es su caracter\u00edstica m\u00e1s definitoria y muchos joyeros lo consideran el criterio de evaluaci\u00f3n m\u00e1s importante. Al decidir sobre el color de la piedra preciosa, examine el matiz, el tono y la saturaci\u00f3n.<\/p>\n<p><strong>piedras preciosas<\/strong><\/p>\n<p>Rub\u00ed<br \/>\nEsmeralda<br \/>\nZafiro<br \/>\nZafiro rosa<br \/>\nGranate<br \/>\nCitrino<br \/>\nPeridoto<br \/>\n\u00d3palo<br \/>\nAguamarina<br \/>\nTopacio azul<br \/>\nAmatista<br \/>\nTurmalina rosa<br \/>\ntanzanita<br \/>\nMatiz<\/p>\n<p>Las piedras preciosas m\u00e1s valiosas son aquellas que exhiben un color puro y solo matices de otros colores adem\u00e1s de su color primario, como lo hacen todas las piedras preciosas de Armak. Por ejemplo, los zafiros de Armak var\u00edan en tonalidad desde un azul ligeramente viol\u00e1ceo hasta un azul verdoso, los zafiros rosados \u200b\u200bsiempre var\u00edan desde rosa hasta \"rosado ligeramente viol\u00e1ceo\" y los rub\u00edes var\u00edan desde un rojo ligeramente anaranjado hasta un rojo ligeramente viol\u00e1ceo. Con la excepci\u00f3n de \u00f3palos, la variaci\u00f3n en el tono de una piedra preciosa se indicar\u00e1 en los detalles de la piedra preciosa en la p\u00e1gina de detalles del producto.<\/p>\n<p><strong>Tono<\/strong><\/p>\n<p>El tono representa la profundidad del color, desde incoloro hasta negro. El tono de la piedra preciosa se describe como claro, medio claro, medio, medio oscuro y oscuro. Armak ofrece piedras preciosas con los tonos m\u00e1s buscados que se encuentran dentro del rango medio claro a medio oscuro. En todas nuestras joyas con piedras preciosas, las variaciones de tono se indican en los detalles de las piedras preciosas.<\/p>\n<p><strong>Saturaci\u00f3n<\/strong><\/p>\n<p>La saturaci\u00f3n, o pureza del color, se refiere al grado en que la gema est\u00e1 libre de tonos marrones o grises. Las piedras preciosas m\u00e1s deseables, que muestran poco gris o marr\u00f3n, a menudo se describen como que tienen una saturaci\u00f3n de color v\u00edvida o fuerte. Por lo general, los niveles de saturaci\u00f3n de color no se mencionan en los detalles del producto porque las piedras preciosas de nuestras joyas se seleccionan a mano por sus colores vivos.<\/p>\n<p><strong>CLARIDAD DE LAS PIEDRAS PRECIOSAS<\/strong><\/p>\n<p><strong>Marcas de identificaci\u00f3n<\/strong><\/p>\n<p>Debido a que las piedras preciosas se forman en circunstancias \u00fanicas, cada piedra preciosa individual se compone de una combinaci\u00f3n de oligoelementos, que crean un conjunto \u00fanico de marcas o inclusiones de identificaci\u00f3n. Las inclusiones no necesariamente restar\u00e1n valor a la belleza o atractivo de una piedra preciosa de color.<\/p>\n<p><strong>Qu\u00e9 buscar<\/strong><\/p>\n<p>Al considerar la claridad de una piedra preciosa de color, debe comparar sus expectativas con el est\u00e1ndar para esa variedad de piedra preciosa. Algunas variedades de gemas de colores, como la aguamarina, el topacio azul y el citrino, naturalmente tienen menos inclusiones, mientras que otras gemas, como la esmeralda y el rub\u00ed, tienden a tener una mayor tasa de inclusiones aceptables. La claridad es un factor importante al comparar piedras preciosas de colores de calidad. Incluso los \u00f3palos opacos pueden tener inclusiones lechosas que afectar\u00e1n su iridiscencia y juego de colores. En general, los mejores valores est\u00e1n disponibles en piedras preciosas moderadamente incluidas. Se encuentran disponibles piedras preciosas excepcionales con pocas o ninguna inclusi\u00f3n, pero pueden alcanzar precios exorbitantes.<\/p>\n<p><strong>TAMA\u00d1O DE LA PIEDRA PRECIOSA<\/strong><\/p>\n<p><strong>Diferentes Densidades<\/strong><\/p>\n<p>El peso en quilates de una piedra preciosa no necesariamente le permite visualizar con precisi\u00f3n el tama\u00f1o de la piedra preciosa. Diferentes piedras preciosas tienen diferentes densidades (masa por unidad de volumen), por lo que dos gemas que parecen tener el mismo tama\u00f1o en realidad pueden tener pesos muy diferentes. Por ejemplo, un rub\u00ed es m\u00e1s denso que un diamante, por lo que un rub\u00ed de 1 quilate parecer\u00e1 m\u00e1s peque\u00f1o que un diamante de 1 quilate.<\/p>\n<p><strong>Consejo del comprador<\/strong><\/p>\n<p>Solicite siempre las dimensiones de una piedra preciosa para asegurarse de que la mayor parte del peso de la piedra preciosa sea visible cuando se coloque en el engaste. Para ayudarlo a visualizar la apariencia real de las piedras preciosas, en Armak proporcionamos el di\u00e1metro<br \/>\ndimensiones (para redondas) o largo y ancho (para otras formas) de una piedra preciosa determinada. Incluso puede hacer clic en el bot\u00f3n de zoom para ver m\u00e1s de cerca cualquier pieza de joyer\u00eda con piedras preciosas.<\/p>\n<p><strong>MEJORAS CON PIEDRAS PRECIOSAS<\/strong><\/p>\n<p><strong>Pol\u00edtica de mejora de piedras preciosas de colores de Armak<\/strong><\/p>\n<p>Armak ofrece a los consumidores solo piedras preciosas aut\u00e9nticas de la m\u00e1s alta calidad. Nuestras gemas de colores se someten a rigurosas inspecciones internas por parte de nuestros gem\u00f3logos capacitados para garantizar que cumplan con nuestros estrictos est\u00e1ndares de calidad. Debido a su rareza y propiedades visuales \u00fanicas, casi todas las piedras preciosas de colores que se venden en las joyer\u00edas finas, incluido Armak, se mejoran mediante diversas t\u00e9cnicas. Muchas de estas t\u00e9cnicas se han utilizado durante siglos. Las piedras preciosas de colores que no han sido mejoradas son muy raras y alcanzan precios exorbitantes. Nuestros diamantes blancos y de colores de fantas\u00eda no se mejoran de ninguna manera, aparte del corte y pulido normales. La joyer\u00eda de moda con diamantes negros contiene diamantes naturales que han sido tratados para crear el color negro \u00fanico.<\/p>\n<p><strong>Procesos de mejora de piedras preciosas de colores<\/strong><\/p>\n<p>Hay muchos m\u00e9todos para mejorar las piedras preciosas de colores. Describimos las mejoras m\u00e1s comunes a continuaci\u00f3n. Para obtener m\u00e1s informaci\u00f3n sobre las mejoras de gemas de colores, consulte el Manual de informaci\u00f3n sobre gemas de la Asociaci\u00f3n Estadounidense de Comercio de Gemas.<\/p>\n<p><strong>Tratamiento t\u00e9rmico<\/strong><\/p>\n<p>La aplicaci\u00f3n de calor para realzar el color y\/o la claridad de las piedras preciosas ha sido una pr\u00e1ctica com\u00fan en todo el mundo durante siglos. Es parte del proceso est\u00e1ndar de pulido y acabado de muchas gemas de colores. Como tal, es aceptado por la industria de la joyer\u00eda y la Asociaci\u00f3n Americana de Comercio de Gemas. El color mejorado y\/o la claridad de las piedras preciosas tratadas t\u00e9rmicamente es permanente.<\/p>\n<p><strong>Infusi\u00f3n<\/strong><\/p>\n<p>El relleno de un material de gema con aceite, cera, vidrio, resina u otro material, coloreado o incoloro, para mejorar la apariencia. Este proceso comenz\u00f3 hace siglos por comerciantes de piedras preciosas que descubrieron que sumergir las esmeraldas en aceite o cera las hac\u00eda ver m\u00e1s claras a simple vista. Esta pr\u00e1ctica contin\u00faa hoy con muchas piedras preciosas de colores.<\/p>\n<p><strong>Revestimiento<\/strong><\/p>\n<p>El uso de cera, resina o aceite aplicado al exterior de una piedra preciosa coloreada porosa para proteger la sustancia natural y mejorar la robustez y la apariencia.<\/p>\n<p><strong>Blanqueamiento<\/strong><\/p>\n<p>La aplicaci\u00f3n de productos qu\u00edmicos u otros elementos para aclarar o mejorar la consistencia del color.<\/p>\n<p><strong>Tintura<\/strong><\/p>\n<p>El acto de agregar agentes colorantes para que impregnen una piedra preciosa coloreada para realzar o alterar el color.<\/p>\n<p><strong>Irradiaci\u00f3n<\/strong><\/p>\n<p>La alteraci\u00f3n del color de una piedra preciosa mediante el uso de radiaci\u00f3n. Esto suele ir seguido de un proceso de calentamiento. El color realzado de las piedras preciosas irradiadas es permanente.<\/p>\n<p><strong>Tecnolog\u00edas nuevas y futuras<\/strong><\/p>\n<p>Continuamente se est\u00e1n desarrollando t\u00e9cnicas para mejorar las piedras preciosas coloreadas, ya sean detectables o no. Estos pueden ser dif\u00edciles, o en casos raros, imposibles de detectar, incluso para el laboratorio m\u00e1s sofisticado. Armak continuar\u00e1 trabajando con grupos de la industria y expertos en gemolog\u00eda que est\u00e1n comprometidos con la identificaci\u00f3n y divulgaci\u00f3n de t\u00e9cnicas nuevas y futuras para mantener nuestros estrictos est\u00e1ndares de calidad.<\/p>\n<p><strong>Cuidado b\u00e1sico de piedras preciosas<\/strong><\/p>\n<p>Si bien las piedras preciosas son duraderas, requieren diferentes niveles de atenci\u00f3n. Por ejemplo, algunas piedras preciosas son especialmente vulnerables a los productos qu\u00edmicos dom\u00e9sticos y a los cambios de temperatura. La limpieza de piedras preciosas presenta desaf\u00edos especiales. Si bien muchas piedras preciosas deben cuidarse siguiendo nuestras pautas de cuidado b\u00e1sico a continuaci\u00f3n, consulte nuestra Descripci\u00f3n general de cuidado y mejora de piedras preciosas y perlas para comprender los requisitos de cuidado para su piedra espec\u00edfica. Si a\u00fan tiene preguntas, comun\u00edquese con el servicio al cliente de Armak.<\/p>\n<p><strong>Limpieza<\/strong><\/p>\n<p>Despu\u00e9s de quitarse las joyas de piedras preciosas, l\u00edmpielas siguiendo las instrucciones de un limpiador de joyas no abrasivo. Aseg\u00farese de que el limpiador de joyas especifique que es seguro usarlo con su piedra preciosa. Utilice un pa\u00f1o suave para eliminar cualquier resto de suciedad u otros residuos.<\/p>\n<p><strong>almacenar<\/strong><\/p>\n<p>Guarde sus joyas de piedras preciosas en un estuche forrado o en un pa\u00f1o suave, para que las gemas no se toquen entre s\u00ed ni entren en contacto con otras joyas. Las piedras preciosas son m\u00e1s duras que el oro, la plata o el platino y pueden rayar las superficies de sus otras joyas finas si no se mantienen separadas.<\/p>\n<p><strong>Tener puesto<\/strong><\/p>\n<p>Si bien es cierto que las piedras preciosas como el rub\u00ed y el zafiro ocupan el segundo lugar despu\u00e9s del diamante en la escala de dureza, no es una medida de su indestructibilidad. Significa que estas piedras preciosas son capaces de resistir el rayado casi tan bien como un diamante. Las superficies abrasivas, los productos qu\u00edmicos agresivos y los golpes fuertes pueden da\u00f1ar incluso la gema m\u00e1s dura. Tus joyas de piedras preciosas deben ser lo \u00faltimo que te pongas al vestirte y lo primero que te quites al final de la noche. Guarde sus piedras preciosas con cuidado y ser\u00e1n disfrutadas por generaciones.<\/p>\n<p><strong>Esmeralda<\/strong><\/p>\n<p>Normalmente, las joyas de esmeraldas se limpian en un limpiador ultras\u00f3nico y al vapor con mucho cuidado, nunca con acetona o similar, pero si compraste una esmeralda en cualquier otra joyer\u00eda, ten cuidado, porque el tratamiento con aceite o los realces utilizados por otros comerciantes pueden salirse y mostrar el interior. da\u00f1os de la esmeralda. Una esmeralda nunca debe exponerse a altas temperaturas, si la soluci\u00f3n de limpieza que usa est\u00e1 demasiado caliente para que pueda poner su mano, no debe colocar su esmeralda en ella.<br \/>\nyou should not place your emerald in it.Your emerald jewelry can be left in water and any grease remover soap over night at room temperature; the next day rinse it with warm water and a soft toothbrush; brush it repeatedly on the underside of the emerald to remove accumulations of dirt and grease. If the final result of this procedure is not satisfactory, then bring your emerald piece to your local jeweler and ask him to put it in ultrasonic cleaner by not more than 5 minutes and then steam it especially in the underside of the emerald very fast. You will see the emerald<br \/>\nget the original brilliance. You can do this every three month at not risk only A deep-green and dull emerald is actually a very\u00a0 cheap stone and if the stone has carbon spots,\u00a0\u00a0 it is the cheapest of emeralds. The Colombian miners call\u00a0 these kinds of stones MURRALLA which means the waste of the emerald. The real value of all gemstones is the<br \/>\nbrightness and brilliance of green fire inside the stone.\u00a0 Clarity and cut is also very important in considering a quality emerald.<\/p>\n<p>Nuestros a\u00f1os de experiencia han demostrado que no existe una esmeralda \"impecable o perfecta\". Cualquiera que ofrezca una esmeralda perfecta e impecable no tiene conocimientos sobre esmeraldas o, lo que es peor, est\u00e1 enga\u00f1ando.<\/p>\n<p>Garantizamos el color natural y el brillo de cada piedra seleccionada a mano en nuestra colecci\u00f3n. Estas gemas preciosas nunca cambiar\u00e1n y su notable belleza ser\u00e1 apreciada por muchas generaciones venideras.<\/p>\n<p><strong>Descripci\u00f3n general del cuidado y mejora de piedras preciosas y perlas<\/strong><\/p>\n<p>Piedra preciosa<br \/>\nMejoras aceptadas<br \/>\nCuidado de piedras preciosas<br \/>\n\u00c1gata<br \/>\nCalentada o te\u00f1ida para mejorar el color.<br \/>\nCuidado b\u00e1sico de piedras preciosas<br \/>\n\u00c1mbar<br \/>\nCalentada para mejorar el color y la claridad.<br \/>\nNo use limpieza ultras\u00f3nica. Evite cambios bruscos de temperatura, productos qu\u00edmicos, perfumes,<br \/>\ncosm\u00e9ticos y laca para el cabello.<br \/>\nAmatista<br \/>\nCalentada para mejorar el color y la claridad.<br \/>\nCuidado b\u00e1sico de piedras preciosas<br \/>\nApatito<br \/>\nCalor<br \/>\nCuidado b\u00e1sico de piedras preciosas<br \/>\nAguamarina<br \/>\nCalentada para mejorar el color y la claridad.<br \/>\nCuidado b\u00e1sico de piedras preciosas<br \/>\nDiamante negro<br \/>\nCalentada o irradiada para alterar el color.<br \/>\nCuidado b\u00e1sico de piedras preciosas<br \/>\n\u00d3nix negra<br \/>\nTe\u00f1ida.<br \/>\nCuidado b\u00e1sico de piedras preciosas<br \/>\nespinela negra<br \/>\nNinguna.<br \/>\nCuidado b\u00e1sico de piedras preciosas<br \/>\nTopacio azul<\/p>\n<p>Calentado y\/o irradiado para alterar el color. Recubrimiento t\u00e9rmico para alterar el color.<br \/>\nCuidado b\u00e1sico de piedras preciosas<br \/>\nCornalina<br \/>\nCalentada para mejorar el color y la claridad.<br \/>\nCuidado b\u00e1sico de piedras preciosas<br \/>\nCalcedonia<br \/>\nTe\u00f1ida.<br \/>\nCuidado b\u00e1sico de piedras preciosas<br \/>\nDi\u00f3psido de cromo<br \/>\nNinguna<br \/>\nCuidado b\u00e1sico de piedras preciosas<br \/>\nCitrino<br \/>\nCalentada para mejorar el color y la claridad.<br \/>\nCuidado b\u00e1sico de piedras preciosas<br \/>\nCoral<br \/>\nRecubierto o impregnado con sustancias incoloras para mejorar la uniformidad o durabilidad de la superficie.<br \/>\nBlanqueada o te\u00f1ida para mejorar el color.<br \/>\nCuidado b\u00e1sico de piedras preciosas<br \/>\nDiamante<br \/>\nNinguna.<br \/>\nCuidado b\u00e1sico de piedras preciosas<br \/>\nEsmeralda<br \/>\nInfundido para mejorar la claridad y\/o el color.<br \/>\nNo use limpieza ultras\u00f3nica. Evite cambios bruscos de temperatura, productos qu\u00edmicos, perfumes,<br \/>\ncosm\u00e9ticos y laca para el cabello.<br \/>\n\u00d3palo de fuego<br \/>\nNinguna.<br \/>\nNo use limpieza ultras\u00f3nica. Evite cambios bruscos de temperatura, productos qu\u00edmicos, perfumes,<br \/>\ncosm\u00e9ticos y laca para el cabello.<br \/>\nGranate<br \/>\nNinguna.<\/p>\n<p>Evita los cambios bruscos de temperatura.<br \/>\niolita<br \/>\nNinguna.<br \/>\nNo use limpieza ultras\u00f3nica.<br \/>\nKunzita<br \/>\nCalentada o irradiada para alterar el color.<br \/>\nNo utilice la limpieza ultras\u00f3nica. Evite la luz solar directa.<br \/>\nlabradorita<br \/>\nNinguna.<br \/>\nCuidado b\u00e1sico de piedras preciosas<br \/>\nlapisl\u00e1zuli<br \/>\nTe\u00f1ida.<br \/>\nNo use limpieza ultras\u00f3nica. Evite cambios bruscos de temperatura, productos qu\u00edmicos, perfumes,<br \/>\ncosm\u00e9ticos y laca para el cabello.<br \/>\nPiedra de la luna<br \/>\nNinguna.<br \/>\nCuidado b\u00e1sico de piedras preciosas<br \/>\nmorganita<br \/>\nCalentada para mejorar el color y la claridad.<br \/>\nCuidado b\u00e1sico de piedras preciosas<br \/>\n\u00d3palo<br \/>\nCoated to alter surface consistency and durability.<br \/>\nNo use limpieza ultras\u00f3nica. Evite cambios bruscos de temperatura, productos qu\u00edmicos, perfumes,<br \/>\ncosm\u00e9ticos y laca para el cabello.<br \/>\nPerla (natural y cultivada)<br \/>\nBleached, dyed, polished and coated.<br \/>\nNo use limpieza ultras\u00f3nica. Evite cambios bruscos de temperatura, productos qu\u00edmicos, perfumes,<br \/>\ncosm\u00e9ticos y laca para el cabello. Para obtener m\u00e1s informaci\u00f3n, visite Pearl Education.<br \/>\nPeridoto<br \/>\nNinguna.<br \/>\nCuidado b\u00e1sico de piedras preciosas<\/p>\n<p>prehnita<br \/>\nNinguna<br \/>\nCuidado b\u00e1sico de piedras preciosas<br \/>\nCuarzo<br \/>\nVerde\/Lim\u00f3n: Irradiado para mejorar el color. Smokey: Calentado para mejorar el color. Azul: Te\u00f1ido.<br \/>\nRutilado\/Rosa\/blanco: Ninguno.<br \/>\nCuidado b\u00e1sico de piedras preciosas<br \/>\nRub\u00ed<br \/>\nCalentada y \/ o infundida para mejorar el color y la claridad.<br \/>\nCuidado b\u00e1sico de piedras preciosas<br \/>\nZafiro<br \/>\nCalentada y \/ o infundida para mejorar el color y la claridad.<br \/>\nCuidado b\u00e1sico de piedras preciosas<br \/>\nespinela<br \/>\nNinguna<br \/>\nCuidado b\u00e1sico de piedras preciosas<br \/>\ntanzanita<br \/>\nCalentado para alterar el color y la claridad. Infundido para alterar el color y la claridad.<br \/>\nNo use limpieza ultras\u00f3nica. Evite cambios bruscos de temperatura, productos qu\u00edmicos, perfumes,<br \/>\nturmalina<br \/>\nCalentada o irradiada para alterar el color.<br \/>\nNo use limpieza ultras\u00f3nica. Evite cambios bruscos de temperatura, productos qu\u00edmicos, perfumes,<br \/>\nTurquesa<br \/>\nRecubierto o impregnado con sustancias incoloras para mejorar la uniformidad o durabilidad de la superficie.<br \/>\nNo use limpieza ultras\u00f3nica. Evite cambios bruscos de temperatura, productos qu\u00edmicos, perfumes,<br \/>\n\u00e1gata blanca<br \/>\nNinguna.<br \/>\nCuidado b\u00e1sico de piedras preciosas<br \/>\ntopacio blanco<br \/>\nNinguna.<\/p>","protected":false},"excerpt":{"rendered":"<p>GEMSTONE CUT Colored gemstones are generally cut to maximize the beauty of their color. To recognize quality in the cut<\/p>","protected":false},"author":1,"featured_media":0,"parent":0,"menu_order":0,"comment_status":"closed","ping_status":"closed","template":"","meta":{"footnotes":""},"class_list":["post-11970","page","type-page","status-publish","hentry"],"_links":{"self":[{"href":"https:\/\/armakjewels.com\/es\/wp-json\/wp\/v2\/pages\/11970","targetHints":{"allow":["GET"]}}],"collection":[{"href":"https:\/\/armakjewels.com\/es\/wp-json\/wp\/v2\/pages"}],"about":[{"href":"https:\/\/armakjewels.com\/es\/wp-json\/wp\/v2\/types\/page"}],"author":[{"embeddable":true,"href":"https:\/\/armakjewels.com\/es\/wp-json\/wp\/v2\/users\/1"}],"replies":[{"embeddable":true,"href":"https:\/\/armakjewels.com\/es\/wp-json\/wp\/v2\/comments?post=11970"}],"version-history":[{"count":5,"href":"https:\/\/armakjewels.com\/es\/wp-json\/wp\/v2\/pages\/11970\/revisions"}],"predecessor-version":[{"id":13742,"href":"https:\/\/armakjewels.com\/es\/wp-json\/wp\/v2\/pages\/11970\/revisions\/13742"}],"wp:attachment":[{"href":"https:\/\/armakjewels.com\/es\/wp-json\/wp\/v2\/media?parent=11970"}],"curies":[{"name":"wp","href":"https:\/\/api.w.org\/{rel}","templated":true}]}}