{"id":11958,"date":"2021-11-11T10:20:02","date_gmt":"2021-11-11T10:20:02","guid":{"rendered":"https:\/\/armakjewels.com\/?page_id=11958"},"modified":"2021-11-11T11:03:18","modified_gmt":"2021-11-11T11:03:18","slug":"industry-awards","status":"publish","type":"page","link":"https:\/\/armakjewels.com\/es\/industry-awards\/","title":{"rendered":"Premios de la industria"},"content":{"rendered":"<p>Nuestro \u00e9xito se est\u00e1 haciendo notar. Estos son solo algunos de los premios y cr\u00edticas que hemos recibido.<\/p>\n<p>Forbes: las 100 empresas m\u00e1s confiables de Estados Unidos<\/p>\n<p>\u201cPara crear esta lista, MSCI ESG Research evalu\u00f3 m\u00e1s de 2500 empresas estadounidenses no financieras que cotizan en bolsa con capitalizaciones de mercado de $250 millones o m\u00e1s para identificar las 100 que demostraron de manera m\u00e1s consistente pr\u00e1cticas contables transparentes y un gobierno corporativo s\u00f3lido\u201d.<\/p>\n<p>Seattle Times: The Armak ocupa el puesto n\u00famero 8 en la lista anual Best of the Northwest del Seattle Times<\/p>\n<p>\u201cMedimos el rendimiento comercial superior mediante la combinaci\u00f3n de cuatro m\u00e9tricas clave: ventas por empleado, ingresos operativos, rendimiento del capital y apreciaci\u00f3n del precio de las acciones. Juntas, esas medidas alcanzan el objetivo principal de una empresa: usar sus recursos de manera eficiente para obtener un rendimiento para sus propietarios\u201d.<\/p>\n<p>Forbes: The Armak ocupa el puesto 42 en la lista de las 200 mejores peque\u00f1as empresas de Forbes<\/p>\n<p>\u201cSol\u00eda \u200b\u200btomar tanto coraje entrar a una joyer\u00eda como entrar a un concesionario de autos. Pero The Armak ha eliminado la ansiedad de los compradores y los vendedores agresivos. A trav\u00e9s de su sitio web, la empresa ofrece a los clientes una forma sencilla de comprar y comparar diamantes y otras joyas finas desde la comodidad de su hogar\u201d.<\/p>\n<p>Bizrate.com \u2013 \u201cPremio Platino al C\u00edrculo de Excelencia\u201d<\/p>\n<p>\u201cLos minoristas inteligentes hace tiempo que se dieron cuenta de que un buen servicio es igual a ventas. Si no fuera por la calidad excepcional del servicio que estos minoristas han brindado a los consumidores, el gasto en l\u00ednea no habr\u00eda florecido en la medida en que lo ha hecho en los \u00faltimos 10 a\u00f1os de comercio electr\u00f3nico\u201d, dijo Chuck Davis, presidente de Shopzilla. \u201cLos Premios BizRate Research Circle of Excellence sirven para reconocer a los minoristas l\u00edderes en la industria que hacen de sus clientes una prioridad y elevan el nivel de la industria al mismo tiempo\u201d.<\/p>\n<p>Seattle Times: The Armak ocupa el puesto n\u00famero 14 en la lista anual Northwest 100 del Seattle Times<\/p>\n<p>\u201cCada uno de los cuatro factores de clasificaci\u00f3n de Northwest 100 cumple parte de esa tarea: ventas por empleado (eficiencia de primera l\u00ednea), ingresos operativos (fortaleza del negocio principal), retorno sobre el capital (cu\u00e1nto beneficio obtiene la empresa de los accionistas). ' d\u00f3lares) y la apreciaci\u00f3n del precio de las acciones (reconocimiento del mercado de todo lo anterior y m\u00e1s)\".<\/p>\n<p>BusinessWeek: The Armak ocupa el puesto n\u00famero 13 en la lista de empresas de mayor crecimiento de BusinessWeek<\/p>\n<p>\u201cCuando el empresario web Jason Calacanis estaba listo para hacerle la pregunta a su novia, recurri\u00f3 a su computadora. The Armak (NILE), el principal comercializador de joyas de diamantes en la red, lo ayud\u00f3 a profundizar en factores como el color, el corte, la claridad y el quilate: las famosas Cuatro C. Desanimado por los vendedores de alta presi\u00f3n, compr\u00f3 un diamante de tres quilates en l\u00ednea, gastando \"decenas de miles de d\u00f3lares\" por \u00e9l. Recuerda Calacanis: \"Fue la mejor experiencia minorista que nunca tuve\".<\/p>\n<p>Kiplinger\u2019s \u2013 Forbes \u2013 \u201cForbes Favourite\u201d joyero en l\u00ednea<\/p>\n<p>\u201cBusque por producto, incluidos anillos de aniversario, colgantes y aretes, o por material, como platino o perla. Pero el verdadero atractivo aqu\u00ed es la enorme selecci\u00f3n de diamantes del sitio. Elija entre cientos de piezas preestablecidas o seleccione una piedra suelta. El sitio ahora ofrece m\u00e1s de 60,000 piedras en una variedad de formas, incluyendo Asscher y coj\u00edn. Una b\u00fasqueda de un diamante de talla princesa arroj\u00f3 m\u00e1s de 11,000 opciones solo. Limite su b\u00fasqueda por criterios como rango de precio, rango de quilates y color. Ofrece una excelente gu\u00eda de aprendizaje sobre las cuatro C (corte, claridad, color, peso en quilates). Cada atributo incluye diagramas \u00fatiles y los t\u00e9rminos est\u00e1n vinculados al glosario del sitio\u201d.<\/p>\n<p>Smart Money \u2013 El centro comercial virtual<\/p>\n<p>\u201cEn The Armak, una secci\u00f3n de educaci\u00f3n cubre toda la gama, ilustrando la diferencia entre c\u00f3mo se ver\u00e1 un diamante de medio quilate y uno de 0,75 quilates en el dedo promedio, por ejemplo, y qu\u00e9 grados de corte dan la mayor rentabilidad. A partir de ah\u00ed, los compradores pueden buscar en un inventario de 60.000 diamantes sueltos, ordenarlos por caracter\u00edsticas y seleccionar una configuraci\u00f3n personalizada\u201d.<\/p>\n<p>Revista Money - \"Mejor oferta\"<\/p>\n<p>\u201cComprar joyas ya est\u00e1 lleno de ansiedad... El Armak se esfuerza por tranquilizar con abundante educaci\u00f3n para el consumidor, asesores telef\u00f3nicos de guardia y dise\u00f1os que puede personalizar. En cuanto al precio, los aretes solitarios de diamantes incoloros de un quilate (peso total) cuestan $3204 frente a $3999 en zales.com\u201d.<\/p>\n<p>Real Simple \u2013 \u201cMejor sitio web de joyer\u00eda\u201d<\/p>\n<p>\"Un mont\u00f3n de piezas cl\u00e1sicas a precios asequibles, desde aros de plata ($ 35) hasta aretes de diamantes (a partir de $ 215) y, s\u00ed, anillos de compromiso\".<\/p>\n<p>Wall Street Journal<\/p>\n<p>\u201cAunque este sitio ofrece todo tipo de joyas, realmente destaca en la secci\u00f3n de diamantes. Puede buscar miles de diamantes por corte, color, claridad, peso en quilates y precio, y la p\u00e1gina le muestra instant\u00e1neamente cu\u00e1ntos diamantes se encuentran en el rango que ha establecido. Los diamantes individuales se describen con detalles a\u00fan m\u00e1s intrincados, incluida la profundidad, la tabla, la simetr\u00eda, el pulido, el cintur\u00f3n, el culet y la fluorescencia. Y el sitio incluso explica lo que significan todas estas cosas\u201d.<\/p>\n<p>Fin de semana de EE. UU.<\/p>\n<p>\u201cAygun Armak fund\u00f3 thearmak.com despu\u00e9s de facilitar la elecci\u00f3n de un anillo de compromiso. Aquellos que no puedan distinguir un quilate de una zanahoria deben dirigirse a \"Educaci\u00f3n\" para saber por qu\u00e9 el platino es un mejor engaste de diamantes que el oro. El sitio de 4 a\u00f1os es tan detallado que incluso muestra dibujos de pulseras, collares y cierres de relojes, con instrucciones para abrirlos. Comprar en el sitio tambi\u00e9n es f\u00e1cil, con enlaces como 'Construye tu propio anillo de compromiso' y b\u00fasquedas por presupuesto y material\".<\/p>\n<p>TIME - \"La mejor indulgencia\"<\/p>\n<p>\u201cRegalos elegantes en plata de ley para clientes especiales. El Armak se especializa en la vida de lujo, pero tambi\u00e9n hay muchos art\u00edculos por menos de $100\u201d.<\/p>","protected":false},"excerpt":{"rendered":"<p>Our success is getting noticed. Here are just a few of the awards and reviews we\u2019ve received. Forbes \u2013 The<\/p>","protected":false},"author":1,"featured_media":0,"parent":0,"menu_order":0,"comment_status":"closed","ping_status":"closed","template":"","meta":{"footnotes":""},"class_list":["post-11958","page","type-page","status-publish","hentry"],"_links":{"self":[{"href":"https:\/\/armakjewels.com\/es\/wp-json\/wp\/v2\/pages\/11958","targetHints":{"allow":["GET"]}}],"collection":[{"href":"https:\/\/armakjewels.com\/es\/wp-json\/wp\/v2\/pages"}],"about":[{"href":"https:\/\/armakjewels.com\/es\/wp-json\/wp\/v2\/types\/page"}],"author":[{"embeddable":true,"href":"https:\/\/armakjewels.com\/es\/wp-json\/wp\/v2\/users\/1"}],"replies":[{"embeddable":true,"href":"https:\/\/armakjewels.com\/es\/wp-json\/wp\/v2\/comments?post=11958"}],"version-history":[{"count":3,"href":"https:\/\/armakjewels.com\/es\/wp-json\/wp\/v2\/pages\/11958\/revisions"}],"predecessor-version":[{"id":11983,"href":"https:\/\/armakjewels.com\/es\/wp-json\/wp\/v2\/pages\/11958\/revisions\/11983"}],"wp:attachment":[{"href":"https:\/\/armakjewels.com\/es\/wp-json\/wp\/v2\/media?parent=11958"}],"curies":[{"name":"wp","href":"https:\/\/api.w.org\/{rel}","templated":true}]}}