{"id":11954,"date":"2021-11-11T10:17:12","date_gmt":"2021-11-11T10:17:12","guid":{"rendered":"https:\/\/armakjewels.com\/?page_id=11954"},"modified":"2021-11-11T11:04:45","modified_gmt":"2021-11-11T11:04:45","slug":"quality-value","status":"publish","type":"page","link":"https:\/\/armakjewels.com\/es\/quality-value\/","title":{"rendered":"Calidad y Valor"},"content":{"rendered":"<p>En The Armak, nuestra misi\u00f3n es eliminar el misterio de su compra ofreciendo solo los diamantes sueltos y las joyas de la mejor calidad disponibles, junto con la orientaci\u00f3n y la educaci\u00f3n de expertos. Nuestras joyas est\u00e1n fabricadas con materiales superiores e inspeccionadas seg\u00fan est\u00e1ndares de calidad excepcionales. Estamos seguros de que no encontrar\u00e1 un mejor diamante o pieza de joyer\u00eda por el precio.<\/p>\n<p>Esta combinaci\u00f3n de calidad excepcional y valor extraordinario ha atra\u00eddo a miles de parejas a The Armak.<\/p>\n<p>Diamante de la m\u00e1s alta calidad<\/p>\n<p>Como el minorista de diamantes en l\u00ednea m\u00e1s grande, The Armak ofrece la colecci\u00f3n m\u00e1s extensa de los diamantes de talla m\u00e1s fina del mundo. Seleccionados por su calidad, corte, color y claridad excepcionales, nuestros\u00a0<a href=\"https:\/\/armakjewels.com\/es\/quality-value\/\">diamantes sueltos\u00a0<\/a>se eval\u00faan en funci\u00f3n de una escala de clasificaci\u00f3n estandarizada. Cada diamante suelto va acompa\u00f1ado de un informe de clasificaci\u00f3n del\u00a0GIA, un laboratorio de clasificaci\u00f3n de diamantes independiente muy respetado por su consistencia y sus estrictos est\u00e1ndares de clasificaci\u00f3n.<\/p>\n<p><a href=\"https:\/\/armakjewels.com\/es\/quality-value\/\">joyas de diamantes<\/a><\/p>\n<p>Para una calidad excepcional, los diamantes engastados en nuestras joyas cumplen con estrictos est\u00e1ndares m\u00ednimos de calidad. Cada diamante es incoloro o casi incoloro (color de grado D\u2013I) con una claridad excepcional (claridad de grado FL\u2013I1). Este est\u00e1ndar de calidad se aplica a todas nuestras joyas de diamantes, incluso a las piezas con los diamantes m\u00e1s peque\u00f1os.<\/p>\n<p>La joyer\u00eda de moda con diamantes negros est\u00e1 elaborada con diamantes naturales que han sido tratados para\u00a0 \u00a0 \u00a0 \u00a0 \u00a0 \u00a0crear el color negro \u00fanico con un alto brillo. Es com\u00fan que los diamantes negros revelen imperfecciones superficiales menores sin aumento.<\/p>\n<p><a href=\"https:\/\/armakjewels.com\/es\/quality-value\/\">Joyer\u00eda de perlas<\/a><\/p>\n<p>Si bien no existe una clasificaci\u00f3n estandarizada para las perlas en toda la industria, The Armak garantiza que cada perla cumpla con nuestros altos est\u00e1ndares de calidad. Encontrar\u00e1 informaci\u00f3n relacionada con cada tipo de perla. Ofrecemos una variedad de estilos a distintos rangos de precios, incluidas perlas cultivadas de Akoya, de agua dulce, de Tahit\u00ed y del Mar del Sur, para que pueda encontrar la joyer\u00eda con perlas perfecta para su estilo y presupuesto.<\/p>\n<p><a href=\"https:\/\/armakjewels.com\/es\/quality-value\/\">Joyas de platino<\/a><\/p>\n<p>El platino es duradero, fuerte y dura toda la vida. Nuestro metal m\u00e1s popular para anillos de compromiso y de boda, el platino acent\u00faa bellamente el brillo de un diamante. Todo nuestro platino es 95% puro.<\/p>\n<p><a href=\"https:\/\/armakjewels.com\/es\/quality-value\/\">Joyas de oro<\/a><\/p>\n<p>Como elemento duradero que se encuentra en la naturaleza, el oro es muy fuerte. Tambi\u00e9n es el m\u00e1s maleable de todos los metales preciosos y perfecto para joyer\u00eda. Ofrecemos varios colores y aleaciones, incluidos oro blanco, amarillo y rosa de 18k y 14k, junto con oro vermeil. Desde anillos de compromiso y de boda hasta joyas bellamente elaboradas, nuestra gama de joyas de oro se adapta a cualquier presupuesto.<\/p>\n<p><a href=\"https:\/\/armakjewels.com\/es\/quality-value\/\">Joyer\u00eda de plata<\/a><\/p>\n<p>Para joyas duraderas, todas nuestras piezas de plata est\u00e1n hechas de una aleaci\u00f3n de plata esterlina al 92,5 %. A lo largo de los siglos, se ha descubierto que esta aleaci\u00f3n es la mejor combinaci\u00f3n de durabilidad y brillo, conservando la maleabilidad y la belleza de los metales para dise\u00f1os intrincados y duraderos.<\/p>\n<p>.<\/p>","protected":false},"excerpt":{"rendered":"<p>At The Armak, it is our mission to take the mystery out of your purchase by offering only the finest<\/p>","protected":false},"author":1,"featured_media":0,"parent":0,"menu_order":0,"comment_status":"closed","ping_status":"closed","template":"","meta":{"footnotes":""},"class_list":["post-11954","page","type-page","status-publish","hentry"],"_links":{"self":[{"href":"https:\/\/armakjewels.com\/es\/wp-json\/wp\/v2\/pages\/11954","targetHints":{"allow":["GET"]}}],"collection":[{"href":"https:\/\/armakjewels.com\/es\/wp-json\/wp\/v2\/pages"}],"about":[{"href":"https:\/\/armakjewels.com\/es\/wp-json\/wp\/v2\/types\/page"}],"author":[{"embeddable":true,"href":"https:\/\/armakjewels.com\/es\/wp-json\/wp\/v2\/users\/1"}],"replies":[{"embeddable":true,"href":"https:\/\/armakjewels.com\/es\/wp-json\/wp\/v2\/comments?post=11954"}],"version-history":[{"count":2,"href":"https:\/\/armakjewels.com\/es\/wp-json\/wp\/v2\/pages\/11954\/revisions"}],"predecessor-version":[{"id":11984,"href":"https:\/\/armakjewels.com\/es\/wp-json\/wp\/v2\/pages\/11954\/revisions\/11984"}],"wp:attachment":[{"href":"https:\/\/armakjewels.com\/es\/wp-json\/wp\/v2\/media?parent=11954"}],"curies":[{"name":"wp","href":"https:\/\/api.w.org\/{rel}","templated":true}]}}