{"id":11952,"date":"2021-11-11T10:16:20","date_gmt":"2021-11-11T10:16:20","guid":{"rendered":"https:\/\/armakjewels.com\/?page_id=11952"},"modified":"2021-11-11T11:05:37","modified_gmt":"2021-11-11T11:05:37","slug":"important-information","status":"publish","type":"page","link":"https:\/\/armakjewels.com\/es\/important-information\/","title":{"rendered":"Informaci\u00f3n importante"},"content":{"rendered":"<div id=\"main-content\" class=\"site-main hfeed light\">\n<div class=\"page-wrapper\">\n<div class=\"row\">\n<div id=\"content\" class=\"large-12 columns\" role=\"main\">\n<p>TheArmak\u00a0ofrece un nivel de servicio sin igual y muchas de sus preguntas pueden ser respondidas a continuaci\u00f3n. Para obtener m\u00e1s informaci\u00f3n sobre cualquiera de nuestros servicios, lo invitamos a conversar con uno de nuestros consultores expertos en diamantes y joyas en<a href=\"mailto:service@theArmak.com\">info@thearmak.com .com<\/a>\u00a0o<br \/>\n1-877-Armak-01 (276-2501).<\/p>\n<h5><a href=\"https:\/\/armakjewels.com\/es\/free-shipping\/\">Env\u00edo seguro gratuito<\/a><\/h5>\n<p>TheArmak\u00a0ofrece env\u00edo seguro gratuito en todos los pedidos de EE.\u00a0UU. Los pedidos de m\u00e1s de $1,000 son elegibles para env\u00edo al d\u00eda siguiente.<br \/>\n<a href=\"https:\/\/armakjewels.com\/es\/online-returns\/\">Devoluciones en l\u00ednea<\/a><br \/>\nLas devoluciones son simples con solo 4 sencillos pasos.<br \/>\n<a href=\"https:\/\/armakjewels.com\/es\/important-information\/www.thearmak.com\/gift-packaging\/\">Embalaje de regalo gratis<\/a><br \/>\nTodos los productos de TheArmak vienen con un elegante paquete de regalo gratuito. Tambi\u00e9n puede adjuntar una tarjeta de regalo personalizada con su pedido.<\/p>\n<h5><a href=\"https:\/\/armakjewels.com\/es\/appraisals\/\">Tasaciones profesionales de joyer\u00eda<\/a><\/h5>\n<p>TheArmak proporciona una tasaci\u00f3n profesional de joyas con todos\u00a0<a href=\"https:\/\/armakjewels.com\/es\/important-information\/\">Construya su propia joyer\u00eda de diamantes\u00ae<\/a>\u00a0art\u00edculos, as\u00ed como joyas de diamantes, perlas y piedras preciosas de m\u00e1s de $1,000.<br \/>\n<a href=\"https:\/\/armakjewels.com\/es\/thearmak-credit-card\/\">Opciones de financiaci\u00f3n<\/a><br \/>\nConozca las opciones de pago flexibles disponibles con la tarjeta de cr\u00e9dito TheArmak. Conveniente opci\u00f3n de financiamiento de 12 meses.<br \/>\n<a href=\"https:\/\/armakjewels.com\/es\/jewelry-insurance\/\">Seguro de joyer\u00eda<\/a><br \/>\nSu compra de TheArmak est\u00e1 asegurada desde nuestras instalaciones hasta el momento en que recibe su art\u00edculo.\u00a0<a href=\"https:\/\/armakjewels.com\/es\/jewelry-insurance\/\">Learn more<\/a>\u00a0about continuing insurance.<\/p>\n<h5><a href=\"https:\/\/armakjewels.com\/es\/important-information\/\">Garant\u00eda del precio del diamante<\/a><\/h5>\n<p>P\u00f3ngase en contacto con TheArmak\u00a0para comparar el diamante de un competidor con uno de los nuestros. En la mayor\u00eda de los casos, podemos igualar o mejorar su precio.<br \/>\n<a href=\"https:\/\/armakjewels.com\/es\/the-armak-diamond-upgrade-program\/\">Programa de mejora de diamantes<\/a><br \/>\nAprende sobre nuestra nueva vida\u00a0<a href=\"https:\/\/armakjewels.com\/es\/the-armak-diamond-upgrade-program\/\">programa de actualizaci\u00f3n de diamantes<\/a>\u00a0para todos los diamantes de TheArmak.<br \/>\n<a href=\"https:\/\/armakjewels.com\/es\/wedding-ring-guide\/\">Tama\u00f1o del anillo<\/a><br \/>\nTheArmak ofrece cambio de tama\u00f1o de anillo de cortes\u00eda en todos los anillos de compromiso personalizados durante el primer a\u00f1o. Simplemente<a href=\"https:\/\/armakjewels.com\/es\/contact-us\/\">Contacta con nosotras<\/a>\u00a0para organizar el cambio de tama\u00f1o de su anillo gratis.<\/p>\n<h5><a href=\"https:\/\/armakjewels.com\/es\/product-warranty\/\">La garant\u00eda del producto<\/a><\/h5>\n<p>Respaldamos la calidad de nuestros productos. Si tiene alguna inquietud, por favor\u00a0<a href=\"https:\/\/armakjewels.com\/es\/contact-us\/\">Contacta con nosotras<\/a>.<\/p>\n<h5><a href=\"https:\/\/armakjewels.com\/es\/services\/custom-design\/\">Anillos de compromiso de dise\u00f1o personalizado<\/a><\/h5>\n<p>Nuestro programa de dise\u00f1o personalizado hace que la elaboraci\u00f3n de su anillo \u00fanico sea simple con la gu\u00eda de expertos, la \u00faltima tecnolog\u00eda de dise\u00f1o y una artesan\u00eda excepcional.<\/p>\n<h5><a href=\"https:\/\/armakjewels.com\/es\/important-information\/\">Diamantes canadienses<\/a><\/h5>\n<p>Nos complace ofrecer una amplia gama de diamantes naturales certificados de alta calidad de fuentes canadienses.<\/p>\n<h5><a href=\"https:\/\/armakjewels.com\/es\/important-information\/\">Diamantes de colores<\/a><\/h5>\n<p>TheArmak ofrece una colecci\u00f3n exclusiva de diamantes de colores raros, incluidos diamantes extremadamente raros en tonos rojos y rosas.<\/p>\n<h5><a href=\"https:\/\/armakjewels.com\/es\/important-information\/\">Servicios de grabado<\/a><\/h5>\n<p>Personalice un anillo de compromiso, un anillo de bodas o elija entre nuestros regalos de plata esterlina para grabarlos de manera experta.<\/p>\n<h5><a href=\"https:\/\/armakjewels.com\/es\/important-information\/\">Vea su diamante antes de engarzarlo<\/a><\/h5>\n<p>Una vez que compre, reciba e inspeccione su diamante suelto, simplemente env\u00edelo asegurado a TheArmak y crearemos su anillo personalizado para usted.<\/p>\n<h5>Inscripciones l\u00e1ser<\/h5>\n<p>Todos nuestros El<a href=\"https:\/\/armakjewels.com\/es\/important-information\/\">Colecci\u00f3n Signature de Armak<\/a>los diamantes est\u00e1n inscritos con l\u00e1ser. Si encuentra un diamante que no est\u00e1 inscrito, lo inscribiremos por usted.<\/p>\n<h5><a href=\"https:\/\/armakjewels.com\/es\/important-information\/\">Pedidos Internacionales<\/a><\/h5>\n<p>TheArmak se enorgullece de ofrecer nuestra\u00a0<a href=\"https:\/\/armakjewels.com\/es\/important-information\/\">Construya su propia joyer\u00eda de diamantes\u00ae\u00a0<\/a>\u00a0Y nuestra<a href=\"https:\/\/armakjewels.com\/es\/important-information\/\">diamante suelto<\/a>\u00a0colecci\u00f3n a clientes en muchos otros pa\u00edses alrededor del mundo.<\/p>\n<h5><a href=\"https:\/\/armakjewels.com\/es\/contact-us\/\">Limpieza y mantenimiento de su anillo<\/a><\/h5>\n<p>Recomendamos que limpie y pula su anillo y que inspeccione las puntas cada seis meses. Estos servicios son gratuitos en TheArmak.<\/p>\n<h5><a href=\"https:\/\/armakjewels.com\/es\/important-information\/\">Recomendar a una amiga<\/a><\/h5>\n<p>Cu\u00e9ntale a un amigo sobre TheArmak y ambos pueden ahorrar hasta $100. \u00a1Puedes ahorrar con cada referencia y no hay l\u00edmite para la cantidad de amigos que puedes recomendar!<\/p>\n<\/div>\n<\/div>\n<\/div>\n<\/div>\n<footer class=\"footer-wrapper\" role=\"contentinfo\">\n<div class=\"footer footer-1 light\">\n<div class=\"row\">\n<div id=\"text-6\" class=\"large-3 columns widget left widget_text\"><\/div>\n<\/div>\n<\/div>\n<\/footer>","protected":false},"excerpt":{"rendered":"<p>TheArmak \u00a0offers an unparalleled level of service and many of your questions may be answered below. For more information about<\/p>","protected":false},"author":1,"featured_media":0,"parent":0,"menu_order":0,"comment_status":"closed","ping_status":"closed","template":"","meta":{"footnotes":""},"class_list":["post-11952","page","type-page","status-publish","hentry"],"_links":{"self":[{"href":"https:\/\/armakjewels.com\/es\/wp-json\/wp\/v2\/pages\/11952","targetHints":{"allow":["GET"]}}],"collection":[{"href":"https:\/\/armakjewels.com\/es\/wp-json\/wp\/v2\/pages"}],"about":[{"href":"https:\/\/armakjewels.com\/es\/wp-json\/wp\/v2\/types\/page"}],"author":[{"embeddable":true,"href":"https:\/\/armakjewels.com\/es\/wp-json\/wp\/v2\/users\/1"}],"replies":[{"embeddable":true,"href":"https:\/\/armakjewels.com\/es\/wp-json\/wp\/v2\/comments?post=11952"}],"version-history":[{"count":2,"href":"https:\/\/armakjewels.com\/es\/wp-json\/wp\/v2\/pages\/11952\/revisions"}],"predecessor-version":[{"id":11985,"href":"https:\/\/armakjewels.com\/es\/wp-json\/wp\/v2\/pages\/11952\/revisions\/11985"}],"wp:attachment":[{"href":"https:\/\/armakjewels.com\/es\/wp-json\/wp\/v2\/media?parent=11952"}],"curies":[{"name":"wp","href":"https:\/\/api.w.org\/{rel}","templated":true}]}}