{"id":11950,"date":"2021-11-11T10:14:07","date_gmt":"2021-11-11T10:14:07","guid":{"rendered":"https:\/\/armakjewels.com\/?page_id=11950"},"modified":"2021-11-11T11:06:22","modified_gmt":"2021-11-11T11:06:22","slug":"how-to-care","status":"publish","type":"page","link":"https:\/\/armakjewels.com\/es\/how-to-care\/","title":{"rendered":"C\u00f3mo cuidar"},"content":{"rendered":"<h2>Cuidado de sus joyas Armak<\/h2>\n<p>Las joyas de Armak est\u00e1n extremadamente bien elaboradas y, si se cuidan adecuadamente, se pueden disfrutar durante generaciones. Los contaminantes del aire, el polvo, la transpiraci\u00f3n, los perfumes, las cremas y otros elementos naturales pueden opacar la apariencia de las piedras preciosas o los metales preciosos. Debido a esto, siempre es una buena pr\u00e1ctica limpiar sus joyas con un pa\u00f1o de algod\u00f3n despu\u00e9s de usarlas.<\/p>\n<p>Adem\u00e1s, las joyas deben limpiarse e inspeccionarse profesionalmente una vez al a\u00f1o. Al igual que un buen autom\u00f3vil, la inspecci\u00f3n y el mantenimiento peri\u00f3dicos de las joyas ayudan a evitar reparaciones o reemplazos costosos. Inspeccione personalmente sus joyas mientras las usa buscando piedras sueltas o astilladas, eslabones gastados, puntas dobladas o cierres que no funcionen correctamente.<\/p>\n<p>Si se encuentra un problema, la pieza debe llevarse de inmediato para su reparaci\u00f3n para evitar da\u00f1os o p\u00e9rdidas mayores. Su boutique TheArmak m\u00e1s cercana puede facilitar esto, o puede llamar\u00a0<a href=\"tel:1-888-398-7626\">1-877-Armak-01<\/a>\u00a0(276-2501)\u00a0para conocer otras opciones.<\/p>\n<h2>\u00bfC\u00f3mo cuido mi pulsera Gold Layered?<\/h2>\n<p>Para celebrar el dise\u00f1o de TheArmak, ya que es m\u00e1s fr\u00e1gil que la plata esterlina, use su pulsera con cuidado para evitar rayarla o abollarla, lejos de los cloros. Aguas saladas cuando no lo est\u00e9 usando, gu\u00e1rdelo en la bolsa protectora TheArmak que viene con \u00e9l.<\/p>\n<h2>C\u00f3mo limpiar tus joyas TheArmak<\/h2>\n<p>Con el tiempo, los contaminantes del aire, el polvo, la transpiraci\u00f3n, los perfumes y otros elementos naturales pueden hacer que las joyas y las piedras preciosas se vean opacas. A continuaci\u00f3n se presentan algunos consejos para mantener sus piezas limpias y brillantes.<\/p>\n<h3>C\u00f3mo evitar da\u00f1ar las piedras preciosas<\/h3>\n<p>Algunas piedras preciosas son por naturaleza m\u00e1s fr\u00e1giles que otras. En general, puede prevenir muchos problemas al no exponer las piedras preciosas a elementos comunes como:<\/p>\n<ul>\n<li>Cloro<\/li>\n<li>Productos qu\u00edmicos de limpieza para el hogar<\/li>\n<li>Luz o calor extremo<\/li>\n<li>Agua salada<\/li>\n<\/ul>\n<p>Todas las piedras preciosas, incluidos los diamantes, pueden astillarse, rayarse o desgastarse en las circunstancias adecuadas. Evite usar anillos o pulseras mientras realiza cualquier trabajo manual, incluidas las tareas del hogar. Las joyas deben quitarse antes de una actividad extenuante o durante momentos en los que puedan estar sujetas a golpes fuertes o fricci\u00f3n excesiva.<\/p>\n<p>Para la mayor\u00eda de las piedras preciosas, es mejor limpiarlas con agua y jab\u00f3n para lavar platos. Sin embargo, debido a la naturaleza fr\u00e1gil de los rub\u00edes y las esmeraldas, solo se deben limpiar con un pa\u00f1o de algod\u00f3n seco; no se debe usar jab\u00f3n para lavar platos diluido.<\/p>\n<p>Nunca quite los anillos tirando de la piedra; las puntas o el bisel pueden da\u00f1arse y hacer que la piedra se afloje o se caiga.<\/p>\n<p>Cuando no est\u00e9 en uso, siempre guarde sus joyas TheArmak en la bolsa que recibi\u00f3 cuando las compr\u00f3. Guarde cada pieza de joyer\u00eda de piedras preciosas por separado en su bolsa de almacenamiento para evitar que se deslustre y se raye en exceso.<\/p>\n<h2>Limpieza de joyas de plata<\/h2>\n<p>La plata esterlina se empa\u00f1a en presencia de art\u00edculos cotidianos comunes que contienen azufre, como cuero, caucho, cloro y transpiraci\u00f3n. Otros elementos a tener en cuenta son los contaminantes del aire y el agua salada. Debido a que estas sustancias no se pueden evitar por completo, se recomienda que la plata esterlina se limpie de forma rutinaria con el lado blanco del pa\u00f1o de pulido TheArmak que vino con la pieza. El uso regular de su plata esterlina TheArmak tambi\u00e9n puede ayudar a prevenir el deslustre; le recomendamos que disfrute y use sus joyas TheArmak todos los d\u00edas. Cuando no est\u00e9 en uso, guarde sus joyas en la bolsa que recibi\u00f3 cuando las compr\u00f3.<\/p>\n<p>Utilice un pa\u00f1o de algod\u00f3n limpio y un detergente lavavajillas suave diluido en agua. Aplique el detergente para platos diluido en el pa\u00f1o de algod\u00f3n limpio y frote la pieza en una direcci\u00f3n. Trate de evitar los movimientos circulares.<\/p>\n<p>Para quitar el deslustre m\u00e1s pesado, lave sus joyas de plata con agua tibia y un jab\u00f3n suave. Nunca use nada m\u00e1s que un pa\u00f1o de algod\u00f3n o franela limpio y sin protuberancias. No recomendamos soluciones de limpieza de pulido o ba\u00f1o de plata, que eliminar\u00e1n la oxidaci\u00f3n antigua que aplicamos intencionalmente a muchas piezas de plata de TheArmak para darles su aspecto distintivo. Si se requiere una limpieza m\u00e1s profunda, un joyero autorizado puede limpiar sus piezas para restaurarlas a una condici\u00f3n como nueva. Recomendamos que un profesional limpie sus joyas una vez al a\u00f1o.<\/p>\n<h2>Limpieza de joyas de oro y platino<\/h2>\n<p>Para limpiar joyas de oro o platino, diluya detergente para platos en un recipiente peque\u00f1o con agua tibia y remoje cada pieza durante 3 a 5 minutos. Limpie suavemente su art\u00edculo con un pa\u00f1o de algod\u00f3n limpio. Para asegurarse de haber eliminado todo el detergente para platos diluido, enjuague sus joyas con agua corriente tibia y s\u00e9quelas con un pa\u00f1o suave que no suelte pelusa. Aseg\u00farese de secar completamente sus joyas antes de volver a usarlas.<\/p>\n<p>TheArmak desaconseja el uso de limpiadores ultras\u00f3nicos, vaporizadores u otros productos qu\u00edmicos de limpieza de joyas \"caseros\" (incluidos lej\u00eda, amon\u00edaco, bicarbonato de sodio y papel de aluminio) en las piedras preciosas. Solo deben limpiarse con jab\u00f3n para platos suave diluido y agua tibia (consulte las instrucciones de limpieza m\u00e1s arriba).<\/p>\n<h2>Limpieza de joyas con piedras preciosas cristalinas<\/h2>\n<p>Las piedras preciosas cristalinas, como la amatista, el topacio azul, el citrino o el peridoto, atraen los aceites y las lociones, lo que hace que se vean opacos. Para limpiarlos, sum\u00e9rjalos en un recipiente con agua con un poco de detergente lavavajillas suave. Se puede usar un cepillo de dientes suave para beb\u00e9s para frotar alrededor y detr\u00e1s de la piedra. Despu\u00e9s de limpiar, coloque sus joyas en un colador y enju\u00e1guelas antes de secarlas completamente con un pa\u00f1o sin pelusa.<\/p>\n<p>Para diamantes, rub\u00edes y zafiros engastados en oro o platino, puede usar una gota de amon\u00edaco en el agua de enjuague. Sin embargo, el amon\u00edaco decolora las piedras preciosas org\u00e1nicas y da\u00f1a y opaca la plata, as\u00ed que no lo uses en estos materiales.<\/p>\n<h2>Limpieza de joyas con piedras preciosas org\u00e1nicas y opacas<\/h2>\n<p>Nunca use un limpiador ultras\u00f3nico o productos qu\u00edmicos (incluyendo lej\u00eda o amon\u00edaco) en gemas org\u00e1nicas y piedras opacas como perlas, \u00f3palos, coral, turquesa y lapisl\u00e1zuli. Solo deben limpiarse con un pa\u00f1o h\u00famedo. Adem\u00e1s, evite el contacto con laca para el cabello, lociones y perfumes, que pueden absorberse con el tiempo y causar decoloraci\u00f3n.<\/p>\n<p>Una nota sobre el meteorito: con el tiempo, la superficie del meteorito se oscurece naturalmente debido a su alto contenido de hierro. Si bien hemos empleado varias medidas para evitar la oxidaci\u00f3n, esta p\u00e1tina es exclusiva del meteorito, lo que se suma a su belleza y prueba su autenticidad. Para preservar el acabado grabado, trate el meteorito como otras piedras sensibles: evite la abrasi\u00f3n, as\u00ed como los productos qu\u00edmicos corrosivos, los productos de limpieza, el cloro y el agua salada. Si se expone a alguno de estos, enjuague con agua del grifo durante unos minutos y seque completamente con una toalla de papel.<\/p>\n<p>A medida que su pieza de meteorito envejece, se puede pulir a mano con un pa\u00f1o de pulido o dejarla sola para lograr un aspecto antiguo. Para restaurar el exclusivo patr\u00f3n Widmanst\u00e4dter (rayado cruzado) a su m\u00e1ximo esplendor, lleve su pieza a una boutique Armak o distribuidor autorizado para su renovaci\u00f3n.<\/p>\n<h2>Perlas de limpieza<\/h2>\n<p>Las perlas requieren un cuidado adecuado para conservar su belleza y brillo. Deben mantenerse alejados de perfumes, cosm\u00e9ticos, transpiraci\u00f3n, cloro, vinagre, amon\u00edaco y suciedad. Te recomendamos pon\u00e9rtelos al final, despu\u00e9s de los productos para el cabello y el perfume. Las perlas deben quitarse antes de hacer ejercicio para protegerlas de la transpiraci\u00f3n. Despu\u00e9s de usarlos, l\u00edmpielos suavemente con un pa\u00f1o ligeramente h\u00famedo.<\/p>\n<p>Lave las perlas peri\u00f3dicamente con jab\u00f3n suave (no detergente) y un pa\u00f1o suave. Enjuague las perlas en agua limpia y envu\u00e9lvalas en una toalla de algod\u00f3n h\u00fameda y delgada para que se sequen.<\/p>\n<p>Para evitar rayones, las perlas deben almacenarse lejos de otros objetos en la bolsa de almacenamiento provista. Sin embargo, no los guarde en un paquete herm\u00e9tico como una bolsa de pl\u00e1stico. Los \u00f3palos y las perlas requieren humedad. Al almacenarlos, aseg\u00farese de que el ambiente no sea demasiado seco o pueden agrietarse.<\/p>\n<p>TheArmak desaconseja el uso de limpiadores ultras\u00f3nicos, vaporizadores u otros productos qu\u00edmicos de limpieza de joyas \"caseros\" (incluidos lej\u00eda, amon\u00edaco, bicarbonato de sodio y papel de aluminio) en las piedras preciosas. Solo deben limpiarse con jab\u00f3n para platos suave diluido y agua tibia (consulte las instrucciones de limpieza m\u00e1s arriba).<\/p>\n<h2>Cuidado de las pulseras de capas de oro<\/h2>\n<p>Para celebrar el dise\u00f1o de TheArmak, ya que es m\u00e1s fr\u00e1gil que la plata esterlina, use su pulsera con cuidado para evitar rayarla o abollarla, lejos de los cloros. Aguas saladas cuando no lo est\u00e9 usando, gu\u00e1rdelo en la bolsa protectora TheArmak que viene con \u00e9l.<\/p>\n<h2>El cuidado de los anillos de esmeraldas<\/h2>\n<p>No use su anillo de esmeraldas mientras realiza las tareas del hogar, como lavar los platos, la esmeralda atraer\u00e1 la grasa y el jab\u00f3n. Despu\u00e9s de un tiempo, estas sustancias se acumular\u00e1n en la parte inferior de la piedra preciosa, lo que har\u00e1 que pierda su brillo vivo. Adem\u00e1s, no use su esmeralda cuando pueda estar realizando una actividad f\u00edsica como la jardiner\u00eda que podr\u00eda rayarla o romperla.<\/p>\n<p>Normalmente, las joyas de esmeraldas se limpian en un limpiador ultras\u00f3nico y al vapor con mucho cuidado, nunca con acetona o similar, pero si compraste una esmeralda en cualquier otra joyer\u00eda, ten cuidado, porque el tratamiento con aceite o los realces utilizados por otros comerciantes pueden salirse y mostrar el interior. da\u00f1os de la esmeralda. Una esmeralda nunca debe exponerse a altas temperaturas, si la soluci\u00f3n de limpieza que usa est\u00e1 demasiado caliente para que pueda poner su mano, no debe colocar su esmeralda en ella.<\/p>\n<p>Sus joyas de esmeraldas se pueden dejar en agua y cualquier jab\u00f3n quitagrasas durante la noche a temperatura ambiente; al d\u00eda siguiente enjuague con agua tibia y un cepillo de dientes suave; Cep\u00edllelo repetidamente en la parte inferior de la esmeralda para eliminar las acumulaciones de suciedad y grasa. Si el resultado de este procedimiento no es satisfactorio, lleve su pieza de esmeralda a su joyero local y p\u00eddale que la ponga en un limpiador ultras\u00f3nico por no m\u00e1s de 5 minutos y luego la vaporice, especialmente en la parte inferior de la esmeralda, muy r\u00e1pido. Ver\u00e1s que la esmeralda adquiere el brillo original. Puede hacer esto cada tres meses sin riesgo.<\/p>\n<h2>Al considerar una esmeralda de calidad<\/h2>\n<p>Una esmeralda de color verde oscuro y opaca es una piedra muy\u00a0barata y si la piedra tiene manchas de carb\u00f3n, es la m\u00e1s barata de las esmeraldas. Los mineros colombianos llaman a este tipo de piedras MURRALLA que significa el desperdicio de la esmeralda. El valor real de todas las piedras preciosas es el brillo y el brillo del fuego verde dentro de la piedra. La claridad y el corte tambi\u00e9n son muy importantes al considerar una esmeralda de calidad.<\/p>\n<p>Nuestros a\u00f1os de experiencia han demostrado que no existe una esmeralda \"impecable o perfecta\". Cualquiera que ofrezca una esmeralda perfecta e impecable no tiene conocimientos sobre esmeraldas o, lo que es peor, est\u00e1 enga\u00f1ando.<\/p>\n<p>Garantizamos el color natural y el brillo de cada piedra seleccionada a mano en nuestra colecci\u00f3n. Estas gemas preciosas nunca cambiar\u00e1n y su notable belleza ser\u00e1 apreciada por muchas generaciones venideras.<\/p>","protected":false},"excerpt":{"rendered":"<p>Caring for Your Armak Jewelry TheArmak jewelry is extremely well crafted and if cared for properly can be enjoyed for<\/p>","protected":false},"author":1,"featured_media":0,"parent":0,"menu_order":0,"comment_status":"closed","ping_status":"closed","template":"","meta":{"footnotes":""},"class_list":["post-11950","page","type-page","status-publish","hentry"],"_links":{"self":[{"href":"https:\/\/armakjewels.com\/es\/wp-json\/wp\/v2\/pages\/11950","targetHints":{"allow":["GET"]}}],"collection":[{"href":"https:\/\/armakjewels.com\/es\/wp-json\/wp\/v2\/pages"}],"about":[{"href":"https:\/\/armakjewels.com\/es\/wp-json\/wp\/v2\/types\/page"}],"author":[{"embeddable":true,"href":"https:\/\/armakjewels.com\/es\/wp-json\/wp\/v2\/users\/1"}],"replies":[{"embeddable":true,"href":"https:\/\/armakjewels.com\/es\/wp-json\/wp\/v2\/comments?post=11950"}],"version-history":[{"count":2,"href":"https:\/\/armakjewels.com\/es\/wp-json\/wp\/v2\/pages\/11950\/revisions"}],"predecessor-version":[{"id":11986,"href":"https:\/\/armakjewels.com\/es\/wp-json\/wp\/v2\/pages\/11950\/revisions\/11986"}],"wp:attachment":[{"href":"https:\/\/armakjewels.com\/es\/wp-json\/wp\/v2\/media?parent=11950"}],"curies":[{"name":"wp","href":"https:\/\/api.w.org\/{rel}","templated":true}]}}