{"id":11948,"date":"2021-11-11T10:13:47","date_gmt":"2021-11-11T10:13:47","guid":{"rendered":"https:\/\/armakjewels.com\/?page_id=11948"},"modified":"2021-11-11T11:16:26","modified_gmt":"2021-11-11T11:16:26","slug":"jewelry-insurance","status":"publish","type":"page","link":"https:\/\/armakjewels.com\/es\/jewelry-insurance\/","title":{"rendered":"Seguro de joyer\u00eda"},"content":{"rendered":"<p>Jewelers Mutual Insurance Group ha proporcionado el contenido de esta p\u00e1gina.<\/p>\n<h2>Te Animamos a Proteger tu Nueva Pieza para tu Tranquilidad<\/h2>\n<p>TheArmak ha hecho arreglos con Jewelers Mutual Insurance Group para brindarles a nuestros clientes de EE. UU. y Canad\u00e1 (excluyendo Qu\u00e9bec) informaci\u00f3n valiosa sobre c\u00f3mo ayudarlos a proteger su compra. Desde 1913, Jewelers Mutual ha sido la \u00fanica aseguradora dedicada exclusivamente a la joyer\u00eda y ofrece cobertura integral de reparaci\u00f3n o reemplazo con protecci\u00f3n mundial contra p\u00e9rdida, robo, da\u00f1o y desaparici\u00f3n misteriosa. Asegurar su nueva compra de TheArmak puede ser r\u00e1pido y f\u00e1cil, y le brinda la libertad de usar sus joyas sin preocupaciones, sabiendo que est\u00e1n protegidas.<\/p>","protected":false},"excerpt":{"rendered":"<p>Jewelers Mutual Insurance Group has provided the content on this page. We Encourage you to Protect your New Piece for<\/p>","protected":false},"author":1,"featured_media":0,"parent":0,"menu_order":0,"comment_status":"closed","ping_status":"closed","template":"","meta":{"footnotes":""},"class_list":["post-11948","page","type-page","status-publish","hentry"],"_links":{"self":[{"href":"https:\/\/armakjewels.com\/es\/wp-json\/wp\/v2\/pages\/11948","targetHints":{"allow":["GET"]}}],"collection":[{"href":"https:\/\/armakjewels.com\/es\/wp-json\/wp\/v2\/pages"}],"about":[{"href":"https:\/\/armakjewels.com\/es\/wp-json\/wp\/v2\/types\/page"}],"author":[{"embeddable":true,"href":"https:\/\/armakjewels.com\/es\/wp-json\/wp\/v2\/users\/1"}],"replies":[{"embeddable":true,"href":"https:\/\/armakjewels.com\/es\/wp-json\/wp\/v2\/comments?post=11948"}],"version-history":[{"count":2,"href":"https:\/\/armakjewels.com\/es\/wp-json\/wp\/v2\/pages\/11948\/revisions"}],"predecessor-version":[{"id":12000,"href":"https:\/\/armakjewels.com\/es\/wp-json\/wp\/v2\/pages\/11948\/revisions\/12000"}],"wp:attachment":[{"href":"https:\/\/armakjewels.com\/es\/wp-json\/wp\/v2\/media?parent=11948"}],"curies":[{"name":"wp","href":"https:\/\/api.w.org\/{rel}","templated":true}]}}