{"id":11944,"date":"2021-11-11T10:13:02","date_gmt":"2021-11-11T10:13:02","guid":{"rendered":"https:\/\/armakjewels.com\/?page_id=11944"},"modified":"2021-11-11T11:15:06","modified_gmt":"2021-11-11T11:15:06","slug":"free-gift-packaging","status":"publish","type":"page","link":"https:\/\/armakjewels.com\/es\/free-gift-packaging\/","title":{"rendered":"Embalaje de regalo gratis"},"content":{"rendered":"<h2>No es necesario envolver para regalo.<\/h2>\n<p>No importa lo que est\u00e9s celebrando, cada compra de joyas es especial. Para nosotros, eso significa completar su pedido con un empaque tan distintivo y sofisticado como su nueva joyer\u00eda. Ya sea un regalo para un ser querido o un regalo para usted, nos esforzamos para que cada pedido sea perfecto.<\/p>\n<p>&nbsp;<\/p>\n<div class=\"row container\">\n<div class=\"small-12    large-12  columns\">\n<div class=\"column-inner\">\n<h2>Tarjetas de regalo gratis<\/h2>\n<p>Para enviar una tarjeta gratis con su pedido de joyas, busque el enlace \"Tarjeta de regalo gratis\" en la p\u00e1gina de revisi\u00f3n del pedido. Luego, elabore un mensaje personal para imprimirlo y colocarlo junto a sus joyas.<\/p>\n<\/div>\n<\/div>\n<\/div>\n<div class=\"row container\">\n<div class=\"small-12    large-12  columns\">\n<div class=\"column-inner\">\n<h2>Distintivo El Empaque Armak<\/h2>\n<p>Desde nuestras cl\u00e1sicas cajas de presentaci\u00f3n de anillos hasta nuestros estuches blandos para joyas, todos los diamantes sueltos y art\u00edculos de joyer\u00eda que enviamos se arreglan cuidadosamente para que lleguen listos para su presentaci\u00f3n.<\/p>\n<p>Solo recuerda mantener tus paquetes de The Armak bien escondidos. Una vez que se detecta un paquete de The Armak, es muy dif\u00edcil evitar que se abra.<\/p>\n<\/div>\n<\/div>\n<\/div>","protected":false},"excerpt":{"rendered":"<p>No Gift Wrap Necessary No matter what you\u2019re celebrating, every jewelry purchase is special. To us, that means completing your<\/p>","protected":false},"author":1,"featured_media":0,"parent":0,"menu_order":0,"comment_status":"closed","ping_status":"closed","template":"","meta":{"footnotes":""},"class_list":["post-11944","page","type-page","status-publish","hentry"],"_links":{"self":[{"href":"https:\/\/armakjewels.com\/es\/wp-json\/wp\/v2\/pages\/11944","targetHints":{"allow":["GET"]}}],"collection":[{"href":"https:\/\/armakjewels.com\/es\/wp-json\/wp\/v2\/pages"}],"about":[{"href":"https:\/\/armakjewels.com\/es\/wp-json\/wp\/v2\/types\/page"}],"author":[{"embeddable":true,"href":"https:\/\/armakjewels.com\/es\/wp-json\/wp\/v2\/users\/1"}],"replies":[{"embeddable":true,"href":"https:\/\/armakjewels.com\/es\/wp-json\/wp\/v2\/comments?post=11944"}],"version-history":[{"count":3,"href":"https:\/\/armakjewels.com\/es\/wp-json\/wp\/v2\/pages\/11944\/revisions"}],"predecessor-version":[{"id":11997,"href":"https:\/\/armakjewels.com\/es\/wp-json\/wp\/v2\/pages\/11944\/revisions\/11997"}],"wp:attachment":[{"href":"https:\/\/armakjewels.com\/es\/wp-json\/wp\/v2\/media?parent=11944"}],"curies":[{"name":"wp","href":"https:\/\/api.w.org\/{rel}","templated":true}]}}