{"id":11940,"date":"2021-11-11T10:11:33","date_gmt":"2021-11-11T10:11:33","guid":{"rendered":"https:\/\/armakjewels.com\/?page_id=11940"},"modified":"2021-11-11T11:13:00","modified_gmt":"2021-11-11T11:13:00","slug":"free-lifetime-warranty","status":"publish","type":"page","link":"https:\/\/armakjewels.com\/es\/free-lifetime-warranty\/","title":{"rendered":"Garant\u00eda gratuita de por vida"},"content":{"rendered":"<div class=\"content-block\">\n<div class=\"inline-text\">\n<h2 class=\"subtitle\">Garant\u00eda del fabricante de por vida<\/h2>\n<div class=\"text-content\">\n<p>Respaldamos nuestros productos y garantizamos que todos los art\u00edculos estar\u00e1n libres de defectos de fabricaci\u00f3n durante la vida \u00fatil de los productos. Si cree que su art\u00edculo tiene un defecto de fabricaci\u00f3n, puede devolv\u00e9rnoslo para que lo inspeccionemos. Si determinamos que su mercanc\u00eda est\u00e1 da\u00f1ada debido a un defecto de fabricaci\u00f3n, repararemos la mercanc\u00eda o, si lo consideramos apropiado, reemplazaremos el art\u00edculo. Si el art\u00edculo ya no est\u00e1 disponible, TheArmak puede, a su discreci\u00f3n, reemplazarlo por uno similar o permitir un reembolso equivalente al precio de venta del art\u00edculo o componente original.<\/p>\n<p>Si determinamos que el da\u00f1o no se debe a un defecto de fabricaci\u00f3n, se lo notificaremos y le informaremos si los servicios de reparaci\u00f3n est\u00e1n disponibles al costo o no.<\/p>\n<p>Tenga en cuenta que las ligeras irregularidades y variaciones en la artesan\u00eda o las caracter\u00edsticas naturales, o las inclusiones internas, visibles o no, en las gemas de colores son \u00fanicas e individuales para cada art\u00edculo. Estas caracter\u00edsticas se consideran parte del car\u00e1cter del art\u00edculo y no deben considerarse un defecto.<\/p>\n<\/div>\n<\/div>\n<\/div>\n<div class=\"content-block\">\n<div class=\"inline-text\">\n<h2 class=\"subtitle\">Servicios de limpieza e inspecci\u00f3n de cortes\u00eda en anillos de diamantes<\/h2>\n<div class=\"text-content\">\n<p>Recomendamos limpiar e inspeccionar su anillo de diamantes cada seis meses o si sufre alg\u00fan trauma potencial. Las inspecciones pueden ayudar a prevenir la p\u00e9rdida de una piedra y prolongar la vida \u00fatil de sus joyas. Este servicio de limpieza e inspecci\u00f3n es gratuito para los clientes de TheArmak en sus anillos de diamantes TheArmak. El cliente solo paga el env\u00edo y TheArmak paga el env\u00edo de devoluci\u00f3n. Las reparaciones de su montaje de anillo tambi\u00e9n se pueden hacer en este momento a un costo.<\/p>\n<\/div>\n<\/div>\n<\/div>\n<div class=\"content-block\">\n<div class=\"inline-text\">\n<h2 class=\"subtitle\">Condiciones y exclusiones<\/h2>\n<div class=\"text-content\">\n<p>La garant\u00eda del fabricante y los servicios complementarios anteriores est\u00e1n disponibles \u00fanicamente para la persona que compr\u00f3 el producto cubierto de TheArmak.<\/p>\n<p>El mantenimiento, la reparaci\u00f3n, el dimensionamiento u otro servicio realizado por alguien que no sea TheArmak anular\u00e1 la garant\u00eda del fabricante.<\/p>\n<p>La joyer\u00eda fina no es inmune al desgaste normal, las actividades o los traumas. Esto es particularmente cierto en el caso de los anillos, ya que las manos est\u00e1n sujetas regularmente a abusos considerables. No ofrecemos garant\u00edas por da\u00f1os debidos al desgaste normal, p\u00e9rdida del producto, p\u00e9rdida de piedras o robo. Tampoco est\u00e1n cubiertos los da\u00f1os o p\u00e9rdidas que resulten de no obtener las reparaciones necesarias para mantener la integridad del producto.<\/p>\n<p>Algunos ejemplos de problemas comunes de joyer\u00eda que no se considerar\u00edan defectos de fabricaci\u00f3n incluyen:<\/p>\n<ol>\n<li>Decoloraci\u00f3n debido a la exposici\u00f3n a productos qu\u00edmicos, maquillaje, piscinas, jacuzzis o ba\u00f1os.<\/li>\n<li>Las puntas y los metales preciosos, en general, se desgastan con el tiempo y pueden requerir trabajos de \u201cconstrucci\u00f3n\u201d o restauraci\u00f3n como desgaste normal.<\/li>\n<li>Puntas dobladas, atrapadas o desgastadas que permiten que una piedra se caiga o se pierda debido al desgaste normal u otros da\u00f1os.<\/li>\n<li>Se ha perdido una piedra o se ha ca\u00eddo una piedra debido a astillas o roturas causadas por el desgaste normal u otros da\u00f1os.<\/li>\n<\/ol>\n<\/div>\n<\/div>\n<\/div>","protected":false},"excerpt":{"rendered":"<p>Lifetime Manufacturer Warranty We stand behind our products and warrant that all items will be free from manufacturing defects for<\/p>","protected":false},"author":1,"featured_media":0,"parent":0,"menu_order":0,"comment_status":"closed","ping_status":"closed","template":"","meta":{"footnotes":""},"class_list":["post-11940","page","type-page","status-publish","hentry"],"_links":{"self":[{"href":"https:\/\/armakjewels.com\/es\/wp-json\/wp\/v2\/pages\/11940","targetHints":{"allow":["GET"]}}],"collection":[{"href":"https:\/\/armakjewels.com\/es\/wp-json\/wp\/v2\/pages"}],"about":[{"href":"https:\/\/armakjewels.com\/es\/wp-json\/wp\/v2\/types\/page"}],"author":[{"embeddable":true,"href":"https:\/\/armakjewels.com\/es\/wp-json\/wp\/v2\/users\/1"}],"replies":[{"embeddable":true,"href":"https:\/\/armakjewels.com\/es\/wp-json\/wp\/v2\/comments?post=11940"}],"version-history":[{"count":2,"href":"https:\/\/armakjewels.com\/es\/wp-json\/wp\/v2\/pages\/11940\/revisions"}],"predecessor-version":[{"id":11992,"href":"https:\/\/armakjewels.com\/es\/wp-json\/wp\/v2\/pages\/11940\/revisions\/11992"}],"wp:attachment":[{"href":"https:\/\/armakjewels.com\/es\/wp-json\/wp\/v2\/media?parent=11940"}],"curies":[{"name":"wp","href":"https:\/\/api.w.org\/{rel}","templated":true}]}}