{"id":11938,"date":"2021-11-11T10:10:57","date_gmt":"2021-11-11T10:10:57","guid":{"rendered":"https:\/\/armakjewels.com\/?page_id=11938"},"modified":"2021-11-11T11:12:19","modified_gmt":"2021-11-11T11:12:19","slug":"diamond-upgrade-program","status":"publish","type":"page","link":"https:\/\/armakjewels.com\/es\/diamond-upgrade-program\/","title":{"rendered":"Programa de mejora de diamantes"},"content":{"rendered":"<p>Como parte de nuestro compromiso de joyero de por vida, The Armak se complace en ofrecer un programa de actualizaci\u00f3n de diamantes de por vida en todos los diamantes de grado GIA y AGSL. Simplemente llame a un consultor de joyas y diamantes al 1-877-276-2501 para obtener m\u00e1s informaci\u00f3n sobre nuestro programa de actualizaci\u00f3n y para seleccionar su nuevo diamante*.<\/p>\n<h2>Directrices de actualizaci\u00f3n de Armak<\/h2>\n<p><strong>Diamante:<\/strong><\/p>\n<ul>\n<li>Todos los diamantes de grado GIA o AGSL comprados en The Armak son elegibles.<\/li>\n<li>Recibir\u00e1 un cr\u00e9dito equivalente al 100 % del precio original para la compra de un nuevo diamante.<\/li>\n<li>El precio de su nuevo diamante debe ser al menos el doble del precio de su diamante original.<\/li>\n<li>Su diamante debe estar en su estado original con el informe de clasificaci\u00f3n de diamantes original.<\/li>\n<li>Cualquier da\u00f1o al diamante original lo descalificar\u00e1 de nuestro programa de actualizaci\u00f3n.<\/li>\n<\/ul>\n<p><strong>Ajustes:<\/strong><\/p>\n<ul>\n<li>El valor del cr\u00e9dito se basar\u00e1 \u00fanicamente en el valor del diamante.<\/li>\n<li>Si su engaste se ajusta a su nuevo diamante y se encuentra en condiciones reutilizables, engastaremos su nuevo diamante en su engaste original.<\/li>\n<li>Si su configuraci\u00f3n original no se puede reutilizar, tiene la opci\u00f3n de mantener la configuraci\u00f3n o aceptar un cr\u00e9dito seg\u00fan lo determine The Armak.<\/li>\n<li>Cualquier diamante que no haya sido engastado originalmente por The Armak debe devolverse sin el engaste.<\/li>\n<\/ul>\n<p><strong>Informes de clasificaci\u00f3n de diamantes:<\/strong><\/p>\n<ul>\n<li>El informe de clasificaci\u00f3n de diamantes original debe devolverse en condiciones reutilizables. Se pueden aplicar cargos por cualquier informe da\u00f1ado.<\/li>\n<\/ul>\n<p>&nbsp;<\/p>\n<p>*El programa de actualizaci\u00f3n The Armak Diamond est\u00e1 disponible para compras enviadas a EE. UU. Las actualizaciones para otros pa\u00edses pueden ser elegibles seg\u00fan el caso. La compra de actualizaci\u00f3n debe realizarse en la moneda original. Los diamantes de colores no son elegibles para este programa.<\/p>","protected":false},"excerpt":{"rendered":"<p>As part of our jeweler for life commitment, The Armak is pleased to offer a lifetime diamond upgrade program on<\/p>","protected":false},"author":1,"featured_media":0,"parent":0,"menu_order":0,"comment_status":"closed","ping_status":"closed","template":"","meta":{"footnotes":""},"class_list":["post-11938","page","type-page","status-publish","hentry"],"_links":{"self":[{"href":"https:\/\/armakjewels.com\/es\/wp-json\/wp\/v2\/pages\/11938","targetHints":{"allow":["GET"]}}],"collection":[{"href":"https:\/\/armakjewels.com\/es\/wp-json\/wp\/v2\/pages"}],"about":[{"href":"https:\/\/armakjewels.com\/es\/wp-json\/wp\/v2\/types\/page"}],"author":[{"embeddable":true,"href":"https:\/\/armakjewels.com\/es\/wp-json\/wp\/v2\/users\/1"}],"replies":[{"embeddable":true,"href":"https:\/\/armakjewels.com\/es\/wp-json\/wp\/v2\/comments?post=11938"}],"version-history":[{"count":3,"href":"https:\/\/armakjewels.com\/es\/wp-json\/wp\/v2\/pages\/11938\/revisions"}],"predecessor-version":[{"id":11991,"href":"https:\/\/armakjewels.com\/es\/wp-json\/wp\/v2\/pages\/11938\/revisions\/11991"}],"wp:attachment":[{"href":"https:\/\/armakjewels.com\/es\/wp-json\/wp\/v2\/media?parent=11938"}],"curies":[{"name":"wp","href":"https:\/\/api.w.org\/{rel}","templated":true}]}}