{"id":11936,"date":"2021-11-11T10:10:01","date_gmt":"2021-11-11T10:10:01","guid":{"rendered":"https:\/\/armakjewels.com\/?page_id=11936"},"modified":"2022-03-13T18:26:56","modified_gmt":"2022-03-13T18:26:56","slug":"diamond-price-matching","status":"publish","type":"page","link":"https:\/\/armakjewels.com\/es\/diamond-price-matching\/","title":{"rendered":"Coincidencia de precios de diamantes"},"content":{"rendered":"<p>Creemos que nuestros precios no pueden ser vencidos. Sin embargo, si encuentra un diamante de calidad y caracter\u00edsticas comparables que tiene un precio m\u00e1s bajo que el de nuestro sitio, siga las pautas a continuaci\u00f3n para ver si podemos igualar el precio.<\/p>\n<p>&nbsp;<\/p>\n<div id=\"\" class=\"su-note\">\n<div class=\"su-note-inner su-u-clearfix su-u-trim\">\n<h2>Directrices de garant\u00eda de igualaci\u00f3n de precios de diamantes<\/h2>\n<ul>\n<li><strong>Diamond Price Match Guarantee es un servicio gratuito y solo toma unos minutos para comenzar.<\/strong>Simplemente ll\u00e1menos al 1-877-Armak-01 (276-2501) y un consultor de joyas y diamantes calificado estar\u00e1 encantado de revisar su consulta. En la mayor\u00eda de los casos, The Armak espera tener el precio m\u00e1s bajo, pero normalmente puede igualar el precio si el precio de la competencia es m\u00e1s bajo.<\/li>\n<li><strong>Sin argumento de venta.<\/strong>Los consultores de joyas y diamantes de Armak no trabajan a comisi\u00f3n, por lo que no hay presi\u00f3n ni argumentos de venta. Simplemente queremos ofrecerle el mejor diamante posible al mejor precio.<\/li>\n<li><strong>El diamante exacto.<\/strong>Para garantizar la precisi\u00f3n, el programa Diamond Price Match Guarantee requiere que los diamantes sean calificados por el Gemological Institute of America (GIA).<\/li>\n<\/ul>\n<\/div>\n<\/div>\n<p>La siguiente\u00a0<a href=\"https:\/\/armakjewels.com\/es\/diamond-price-match-guarantee\/\">T\u00e9rminos y condiciones<\/a>\u00a0aplicar a nuestro programa de garant\u00eda de igualaci\u00f3n de precios de diamantes.<\/p>","protected":false},"excerpt":{"rendered":"<p>We believe that our prices can\u2019t be beat. However, if you find a diamond of comparable quality and characteristics that<\/p>","protected":false},"author":1,"featured_media":0,"parent":0,"menu_order":0,"comment_status":"closed","ping_status":"closed","template":"elementor_header_footer","meta":{"footnotes":""},"class_list":["post-11936","page","type-page","status-publish","hentry"],"_links":{"self":[{"href":"https:\/\/armakjewels.com\/es\/wp-json\/wp\/v2\/pages\/11936","targetHints":{"allow":["GET"]}}],"collection":[{"href":"https:\/\/armakjewels.com\/es\/wp-json\/wp\/v2\/pages"}],"about":[{"href":"https:\/\/armakjewels.com\/es\/wp-json\/wp\/v2\/types\/page"}],"author":[{"embeddable":true,"href":"https:\/\/armakjewels.com\/es\/wp-json\/wp\/v2\/users\/1"}],"replies":[{"embeddable":true,"href":"https:\/\/armakjewels.com\/es\/wp-json\/wp\/v2\/comments?post=11936"}],"version-history":[{"count":3,"href":"https:\/\/armakjewels.com\/es\/wp-json\/wp\/v2\/pages\/11936\/revisions"}],"predecessor-version":[{"id":12134,"href":"https:\/\/armakjewels.com\/es\/wp-json\/wp\/v2\/pages\/11936\/revisions\/12134"}],"wp:attachment":[{"href":"https:\/\/armakjewels.com\/es\/wp-json\/wp\/v2\/media?parent=11936"}],"curies":[{"name":"wp","href":"https:\/\/api.w.org\/{rel}","templated":true}]}}