{"id":11934,"date":"2021-11-11T10:09:19","date_gmt":"2021-11-11T10:09:19","guid":{"rendered":"https:\/\/armakjewels.com\/?page_id=11934"},"modified":"2021-11-11T11:09:24","modified_gmt":"2021-11-11T11:09:24","slug":"conflict-free-diamonds","status":"publish","type":"page","link":"https:\/\/armakjewels.com\/es\/conflict-free-diamonds\/","title":{"rendered":"Diamantes libres de conflicto"},"content":{"rendered":"<h2>La pol\u00edtica de diamantes libres de conflicto de TheArmak<\/h2>\n<p>TheArmak, junto con la industria mundial de diamantes, tiene una pol\u00edtica de tolerancia cero hacia los diamantes en conflicto. A trav\u00e9s de medidas como el Proceso de Kimberley, que rastrea los diamantes desde la mina hasta el mercado, la industria, en asociaci\u00f3n con las Naciones Unidas, los gobiernos y las organizaciones no gubernamentales, controla las exportaciones de diamantes para evitar el comercio de diamantes ilegales. En TheArmak, solo compramos diamantes a trav\u00e9s de los proveedores m\u00e1s grandes y respetados que, como nosotros, se adhieren con orgullo y hacen cumplir los est\u00e1ndares establecidos por el Proceso de Kimberley. Se garantiza que todos los diamantes de TheArmak est\u00e1n libres de conflicto. Si alguna vez se descubriera que uno de nuestros proveedores viola ese proceso, inmediatamente romper\u00edamos esa relaci\u00f3n. Continuaremos apoyando y promoviendo cualquier proceso que funcione para mantener la legitimidad en el comercio de diamantes. Los diamantes se extraen en todo el mundo, incluidas las principales minas de Australia, \u00c1frica, Rusia y Canad\u00e1. Los diamantes son una fuente importante de bienes en muchas naciones africanas, empleando y brindando atenci\u00f3n m\u00e9dica a miles. Para obtener m\u00e1s informaci\u00f3n sobre este tema, visite\u00a0<a href=\"http:\/\/www.diamondfacts.org\/\">DiamondFacts.org<\/a>.<\/p>\n<h2>Acerca del Proceso de Kimberley<\/h2>\n<p>TheArmak apoya el proceso de Kimberley, que es un proceso internacional para rastrear y certificar diamantes. En abril de 2003, el Congreso y el presidente Bush aprobaron una ley que adopta el Proceso de Kimberley que requiere que todos los minoristas de diamantes de EE. UU. compren diamantes de fabricantes que tengan documentaci\u00f3n que garantice que la mercanc\u00eda se obtuvo a trav\u00e9s de canales leg\u00edtimos. Hoy, el Servicio de Aduanas de EE. UU. hace cumplir activamente los requisitos del Proceso de Kimberley cuando los diamantes ingresan a los puertos estadounidenses.<\/p>\n<h2>Con respecto a los diamantes de Zimbabue<\/h2>\n<p>TheArmak se compromete a garantizar que se observen los m\u00e1s altos est\u00e1ndares \u00e9ticos al obtener nuestros diamantes y joyas. Debido a los abusos contra los derechos humanos denunciados en el distrito de diamantes Marange de Zimbabue, TheArmak no comprar\u00e1 ni ofrecer\u00e1 diamantes de esa zona. Como miembro responsable de la industria de diamantes y joyas, estamos trabajando con nuestros proveedores para garantizar que nuestros consumidores reciban solo los mejores productos obtenidos de fuentes \u00e9ticas.<\/p>\n<h2>La posici\u00f3n de TheArmak sobre la miner\u00eda responsable<\/h2>\n<p>En todo nuestro negocio, TheArmak observa los m\u00e1s altos est\u00e1ndares \u00e9ticos. Insistimos en que nuestros socios comerciales hagan lo mismo. Esto se extiende a nuestro abastecimiento de oro. El tema de la miner\u00eda responsable es importante y merece nuestra atenci\u00f3n. Como signatario de\u00a0<a href=\"https:\/\/armakjewels.com\/es\/ethical-sourcing\/\">Las reglas de oro<\/a>, y como primer paso, vamos a:<\/p>\n<ul>\n<li>Trabajar para garantizar que nuestro oro y metales provengan de proveedores que cumplan con los m\u00e1s altos criterios ambientales, sociales y de derechos humanos.<\/li>\n<li>Involucrar a los proveedores para que influyan en el abastecimiento de productos de oro.<\/li>\n<li>Investigue las pr\u00e1cticas de extracci\u00f3n, refinamiento y fabricaci\u00f3n del oro que se mueve a lo largo de la cadena de suministro.<\/li>\n<li>Dar preferencia a los proveedores que obtienen oro de minas que observan altos est\u00e1ndares de gesti\u00f3n ambiental.<\/li>\n<li>De acuerdo con nuestros proveedores, comprometerse a aumentar el abastecimiento de oro de fuentes recicladas y secundarias.<\/li>\n<li>Medir y establecer puntos de referencia con un objetivo de mejora continua.<\/li>\n<\/ul>\n<p>TheArmak considera su pol\u00edtica sobre miner\u00eda responsable como un est\u00e1ndar en evoluci\u00f3n. Se compromete a revisar continuamente nuestra posici\u00f3n con el objetivo de expandirla en el tiempo para tener el mayor impacto posible.<\/p>","protected":false},"excerpt":{"rendered":"<p>The The Armak Conflict-Free Diamond Policy The Armak, along with the global diamond industry, has a zero-tolerance policy toward conflict<\/p>","protected":false},"author":1,"featured_media":0,"parent":0,"menu_order":0,"comment_status":"closed","ping_status":"closed","template":"","meta":{"footnotes":""},"class_list":["post-11934","page","type-page","status-publish","hentry"],"_links":{"self":[{"href":"https:\/\/armakjewels.com\/es\/wp-json\/wp\/v2\/pages\/11934","targetHints":{"allow":["GET"]}}],"collection":[{"href":"https:\/\/armakjewels.com\/es\/wp-json\/wp\/v2\/pages"}],"about":[{"href":"https:\/\/armakjewels.com\/es\/wp-json\/wp\/v2\/types\/page"}],"author":[{"embeddable":true,"href":"https:\/\/armakjewels.com\/es\/wp-json\/wp\/v2\/users\/1"}],"replies":[{"embeddable":true,"href":"https:\/\/armakjewels.com\/es\/wp-json\/wp\/v2\/comments?post=11934"}],"version-history":[{"count":2,"href":"https:\/\/armakjewels.com\/es\/wp-json\/wp\/v2\/pages\/11934\/revisions"}],"predecessor-version":[{"id":11988,"href":"https:\/\/armakjewels.com\/es\/wp-json\/wp\/v2\/pages\/11934\/revisions\/11988"}],"wp:attachment":[{"href":"https:\/\/armakjewels.com\/es\/wp-json\/wp\/v2\/media?parent=11934"}],"curies":[{"name":"wp","href":"https:\/\/api.w.org\/{rel}","templated":true}]}}