{"id":11932,"date":"2021-11-11T10:08:56","date_gmt":"2021-11-11T10:08:56","guid":{"rendered":"https:\/\/armakjewels.com\/?page_id=11932"},"modified":"2021-11-11T11:08:40","modified_gmt":"2021-11-11T11:08:40","slug":"returns-are-free","status":"publish","type":"page","link":"https:\/\/armakjewels.com\/es\/returns-are-free\/","title":{"rendered":"Las devoluciones son gratuitas"},"content":{"rendered":"<p>Nuestro compromiso con usted no termina en la entrega. Ofrecemos los siguientes servicios para que su experiencia de regreso sea lo m\u00e1s placentera posible:<\/p>\n<h2>Devoluciones de 7 d\u00edas<\/h2>\n<p>Los art\u00edculos pueden devolverse o cambiarse dentro de los 7 d\u00edas posteriores al env\u00edo.<\/p>\n<h2>Env\u00edo seguro gratuito<\/h2>\n<p>Recibir\u00e1 una etiqueta de env\u00edo gratis en su correo electr\u00f3nico.*<\/p>\n<h2>Asegurada y segura<\/h2>\n<p>Nuestra etiqueta de devoluci\u00f3n gratuita brinda cobertura de seguro para su art\u00edculo.<\/p>\n<h2>Comience su devoluci\u00f3n<\/h2>\n<div id=\"\" class=\"su-note\">\n<div class=\"su-note-inner su-u-clearfix su-u-trim\">Para art\u00edculos $500 y\u00a0<strong>Baja<\/strong><\/div>\n<\/div>\n<div id=\"\" class=\"su-note\">\n<div class=\"su-note-inner su-u-clearfix su-u-trim\">\n<div class=\"su-spoiler su-spoiler-style-default su-spoiler-icon-arrow su-spoiler-closed\" data-scroll-offset=\"0\">\n<div class=\"su-spoiler-title\" tabindex=\"0\" role=\"button\">Para art\u00edculos de m\u00e1s de $500<\/div>\n<\/div>\n<\/div>\n<\/div>\n<h2>Verifique el estado de su devoluci\u00f3n<\/h2>\n<p>Si desea comprobar el estado de su devoluci\u00f3n, visite nuestro\u00a0<a href=\"https:\/\/armakjewels.com\/es\/returns-are-free\/\">Estado de devoluci\u00f3n<\/a>\u00a0p\u00e1gina.<\/p>\n<p>*Las devoluciones gratuitas se aplican solo a clientes de Australia, EE. UU. y Canad\u00e1. Se permiten dos devoluciones gratuitas por cliente, por a\u00f1o. Para obtener m\u00e1s detalles, visite nuestra p\u00e1gina de Pol\u00edticas de devoluci\u00f3n.<\/p>","protected":false},"excerpt":{"rendered":"<p>Our commitment to you does not end at delivery. We offer the following services to make your return experience as<\/p>","protected":false},"author":1,"featured_media":0,"parent":0,"menu_order":0,"comment_status":"closed","ping_status":"closed","template":"","meta":{"footnotes":""},"class_list":["post-11932","page","type-page","status-publish","hentry"],"_links":{"self":[{"href":"https:\/\/armakjewels.com\/es\/wp-json\/wp\/v2\/pages\/11932","targetHints":{"allow":["GET"]}}],"collection":[{"href":"https:\/\/armakjewels.com\/es\/wp-json\/wp\/v2\/pages"}],"about":[{"href":"https:\/\/armakjewels.com\/es\/wp-json\/wp\/v2\/types\/page"}],"author":[{"embeddable":true,"href":"https:\/\/armakjewels.com\/es\/wp-json\/wp\/v2\/users\/1"}],"replies":[{"embeddable":true,"href":"https:\/\/armakjewels.com\/es\/wp-json\/wp\/v2\/comments?post=11932"}],"version-history":[{"count":2,"href":"https:\/\/armakjewels.com\/es\/wp-json\/wp\/v2\/pages\/11932\/revisions"}],"predecessor-version":[{"id":11987,"href":"https:\/\/armakjewels.com\/es\/wp-json\/wp\/v2\/pages\/11932\/revisions\/11987"}],"wp:attachment":[{"href":"https:\/\/armakjewels.com\/es\/wp-json\/wp\/v2\/media?parent=11932"}],"curies":[{"name":"wp","href":"https:\/\/api.w.org\/{rel}","templated":true}]}}