{"id":11958,"date":"2021-11-11T10:20:02","date_gmt":"2021-11-11T10:20:02","guid":{"rendered":"https:\/\/armakjewels.com\/?page_id=11958"},"modified":"2021-11-11T11:03:18","modified_gmt":"2021-11-11T11:03:18","slug":"industry-awards","status":"publish","type":"page","link":"https:\/\/armakjewels.com\/de\/industry-awards\/","title":{"rendered":"Branchenauszeichnungen"},"content":{"rendered":"<p>Unser Erfolg macht sich bemerkbar. Hier sind nur einige der Auszeichnungen und Bewertungen, die wir erhalten haben.<\/p>\n<p>Forbes \u2013 Die 100 vertrauensw\u00fcrdigsten Unternehmen in Amerika<\/p>\n<p>\u201eUm diese Liste zu erstellen, hat MSCI ESG Research mehr als 2.500 b\u00f6rsennotierte amerikanische Nicht-Finanzunternehmen mit einer Marktkapitalisierung von 250 Millionen US-Dollar oder mehr \u00fcberpr\u00fcft, um die 100 zu identifizieren, die am best\u00e4ndigsten transparente Rechnungslegungspraktiken und eine solide Unternehmensf\u00fchrung demonstriert haben.\u201c<\/p>\n<p>Seattle Times \u2013 The Armak steht auf Platz 8 der j\u00e4hrlichen Best-of-the-Northwest-Liste der Seattle Times<\/p>\n<p>\u201eWir messen \u00fcberlegene Gesch\u00e4ftsleistung, indem wir vier Schl\u00fcsselkennzahlen kombinieren: Umsatz pro Mitarbeiter, Betriebsergebnis, Eigenkapitalrendite und Aktienkurssteigerung. Zusammen erreichen diese Messungen den Hauptzweck eines Unternehmens: die effiziente Nutzung seiner Ressourcen, um eine Rendite f\u00fcr seine Eigent\u00fcmer zu erzielen.\u201c<\/p>\n<p>Forbes \u2013 The Armak steht auf Platz 42 der Forbes-Liste der 200 besten Kleinunternehmen<\/p>\n<p>\u201eFr\u00fcher brauchte es genauso viel Mut, in ein Juweliergesch\u00e4ft zu gehen, wie in ein Autohaus. Aber The Armak hat die Angst der K\u00e4ufer und aufdringliche Verk\u00e4ufer beseitigt. \u00dcber seine Website bietet das Unternehmen seinen Kunden eine problemlose M\u00f6glichkeit, Diamanten und anderen edlen Schmuck bequem von zu Hause aus zu kaufen und zu vergleichen.\u201c<\/p>\n<p>Bizrate.com \u2013 \u201eCircle of Excellence Platinum Award\u201c<\/p>\n<p>\u201eSchlaue Einzelh\u00e4ndler haben l\u00e4ngst erkannt, dass guter Service gleichbedeutend mit Umsatz ist. Ohne die au\u00dfergew\u00f6hnliche Servicequalit\u00e4t, die diese Einzelh\u00e4ndler den Verbrauchern bieten, w\u00e4ren die Online-Ausgaben nicht in dem Ma\u00dfe gestiegen, wie sie es in den letzten 10 Jahren des E-Commerce getan haben\u201c, sagte Chuck Davis, Vorsitzender von Shopzilla. \u201eDie BizRate Research Circle of Excellence Awards dienen dazu, branchenf\u00fchrende Einzelh\u00e4ndler anzuerkennen, die ihre Kunden zur Priorit\u00e4t machen und gleichzeitig die Messlatte der Branche h\u00f6her legen.\u201c<\/p>\n<p>Seattle Times \u2013 The Armak steht auf Platz 14 der j\u00e4hrlichen Northwest 100-Liste der Seattle Times<\/p>\n<p>\u201eJeder der vier Ranking-Faktoren der Northwest 100 erf\u00fcllt einen Teil dieser Aufgabe: Umsatz pro Mitarbeiter (Umsatzeffizienz), Betriebsergebnis (St\u00e4rke des Kerngesch\u00e4fts), Eigenkapitalrendite (wie viel Geld das Unternehmen von den Aktion\u00e4ren bekommt ' Dollar) und Aktienkursanstieg (Marktanerkennung f\u00fcr all das oben Genannte und mehr).\u201c<\/p>\n<p>BusinessWeek \u2013 The Armak steht auf Platz 13 der BusinessWeek-Liste der wachstumsst\u00e4rksten Unternehmen<\/p>\n<p>\u201eAls der Webunternehmer Jason Calacanis bereit war, seiner Freundin die Frage zu stellen, wandte er sich seinem Computer zu. The Armak (NILE), der f\u00fchrende Vermarkter von Diamantschmuck im Internet, half ihm dabei, Faktoren wie Farbe, Schliff, Reinheit und Karat \u2013 die ber\u00fchmten vier Cs \u2013 zu verbessern. Von Hochdruckverk\u00e4ufern abgeschreckt, schnappte er sich online einen dreikar\u00e4tigen Diamanten und gab daf\u00fcr \u201eZehntausende von Dollar\u201c aus. Calacanis erinnert sich: \u201eEs war das beste Einzelhandelserlebnis, das ich noch nie hatte.\u201c<\/p>\n<p>Kiplinger\u2019s \u2013 Forbes \u2013 \u201eForbes Favorite\u201c Online-Juwelier<\/p>\n<p>\u201eSuchen Sie nach Produkt, einschlie\u00dflich Jubil\u00e4umsringen, Anh\u00e4ngern und Ohrringen, oder nach Material wie Platin oder Perle. Aber der eigentliche Anziehungspunkt hier ist die enorme Auswahl an Diamanten der Website. W\u00e4hlen Sie aus Hunderten von voreingestellten Teilen oder w\u00e4hlen Sie einen losen Stein. Die Website bietet jetzt mehr als 60.000 Steine \u200b\u200bin einer Vielzahl von Formen, einschlie\u00dflich Asscher- und Kissenschliff. Allein die Suche nach einem Diamanten im Prinzessinnenschliff ergab mehr als 11.000 Auswahlm\u00f6glichkeiten. Grenzen Sie Ihre Suche nach Kriterien wie Preisspanne, Karatspanne und Farbe ein. Bietet einen hervorragenden Lernleitfaden zu den vier Cs (Schnitt, Klarheit, Farbe, Karatgewicht). Jedes Attribut enth\u00e4lt hilfreiche Diagramme und Begriffe sind mit dem Glossar der Website verkn\u00fcpft.\u201c<\/p>\n<p>Smart Money \u2013 Die virtuelle Mall<\/p>\n<p>\u201eBei The Armak deckt ein Schulungsbereich die gesamte Bandbreite ab und veranschaulicht den Unterschied zwischen dem Aussehen eines Diamanten mit einem halben Karat und einem Diamanten mit 0,75 Karat beispielsweise an einem durchschnittlichen Finger und welche Schliffgrade den besten Preis erzielen. Von dort aus k\u00f6nnen K\u00e4ufer einen Bestand von 60.000 losen Diamanten durchsuchen, sie nach Merkmalen sortieren und eine benutzerdefinierte Fassung ausw\u00e4hlen.\u201c<\/p>\n<p>Money Magazine \u2013 \u201eBester Deal\u201c<\/p>\n<p>\u201eSchmuck zu kaufen ist ohnehin mit Angst behaftet \u2026 The Armak bem\u00fcht sich sehr, mit umfassender Verbraucheraufkl\u00e4rung, telefonischen Beratern auf Abruf und Designs, die Sie anpassen k\u00f6nnen, zu beruhigen. Was den Preis betrifft, so kosten farblose Diamant-Solit\u00e4r-Ohrstecker mit einem Karat (Gesamtgewicht) 3.204 $ gegen\u00fcber 3.999 $ bei zales.com.\u201c<\/p>\n<p>Real Simple \u2013 \u201eBeste Website f\u00fcr Schmuck\u201c<\/p>\n<p>\u201eViele klassische St\u00fccke zu erschwinglichen Preisen, von Silberreifen (35 $) \u00fcber Diamantnieten (ab 215 $) bis hin zu Verlobungsringen.\u201c<\/p>\n<p>Wallstreet Journal<\/p>\n<p>\u201eObwohl diese Seite alle Arten von Schmuck anbietet, kommt sie in der Diamantenabteilung wirklich zur Geltung. Sie k\u00f6nnen Tausende von Diamanten nach Schliff, Farbe, Reinheit, Karatgewicht und Preis durchsuchen, und die Seite zeigt Ihnen sofort, wie viele Diamanten in den von Ihnen festgelegten Bereich fallen. Einzelne Diamanten werden noch detaillierter beschrieben, einschlie\u00dflich Tiefe, Tabelle, Symmetrie, Politur, Rundiste, Kalette und Fluoreszenz. Und die Seite erkl\u00e4rt sogar, was all diese Dinge bedeuten.\u201c<\/p>\n<p>USA-Wochenende<\/p>\n<p>\u201eAygun Armak gr\u00fcndete thearmak.com, nachdem er es einfach gemacht hatte, einen Verlobungsring auszuw\u00e4hlen. Diejenigen, die ein Karat nicht von einer Karotte unterscheiden k\u00f6nnen, sollten zu \u201eBildung\u201c gehen, um zu erfahren, warum Platin eine bessere Diamantfassung als Gold ist. Die 4 Jahre alte Seite ist so detailliert, dass sie sogar Zeichnungen von Armb\u00e4ndern, Halsketten und Uhrenverschl\u00fcssen mit Anweisungen zum \u00d6ffnen zeigt. Auch das Einkaufen auf der Website ist einfach mit Links wie \u201eBauen Sie Ihren eigenen Verlobungsring\u201c und Suchen nach Budget und Material.\u201c<\/p>\n<p>ZEIT \u2013 \u201eBester Genuss\u201c<\/p>\n<p>\u201eElegante Geschenke aus Sterlingsilber f\u00fcr besondere Kunden. Das Armak ist auf das luxuri\u00f6se Leben spezialisiert, aber es gibt auch viele Artikel unter 100 Dollar.\u201c<\/p>","protected":false},"excerpt":{"rendered":"<p>Our success is getting noticed. Here are just a few of the awards and reviews we\u2019ve received. Forbes \u2013 The<\/p>","protected":false},"author":1,"featured_media":0,"parent":0,"menu_order":0,"comment_status":"closed","ping_status":"closed","template":"","meta":{"footnotes":""},"class_list":["post-11958","page","type-page","status-publish","hentry"],"_links":{"self":[{"href":"https:\/\/armakjewels.com\/de\/wp-json\/wp\/v2\/pages\/11958","targetHints":{"allow":["GET"]}}],"collection":[{"href":"https:\/\/armakjewels.com\/de\/wp-json\/wp\/v2\/pages"}],"about":[{"href":"https:\/\/armakjewels.com\/de\/wp-json\/wp\/v2\/types\/page"}],"author":[{"embeddable":true,"href":"https:\/\/armakjewels.com\/de\/wp-json\/wp\/v2\/users\/1"}],"replies":[{"embeddable":true,"href":"https:\/\/armakjewels.com\/de\/wp-json\/wp\/v2\/comments?post=11958"}],"version-history":[{"count":3,"href":"https:\/\/armakjewels.com\/de\/wp-json\/wp\/v2\/pages\/11958\/revisions"}],"predecessor-version":[{"id":11983,"href":"https:\/\/armakjewels.com\/de\/wp-json\/wp\/v2\/pages\/11958\/revisions\/11983"}],"wp:attachment":[{"href":"https:\/\/armakjewels.com\/de\/wp-json\/wp\/v2\/media?parent=11958"}],"curies":[{"name":"wp","href":"https:\/\/api.w.org\/{rel}","templated":true}]}}