{"id":11954,"date":"2021-11-11T10:17:12","date_gmt":"2021-11-11T10:17:12","guid":{"rendered":"https:\/\/armakjewels.com\/?page_id=11954"},"modified":"2021-11-11T11:04:45","modified_gmt":"2021-11-11T11:04:45","slug":"quality-value","status":"publish","type":"page","link":"https:\/\/armakjewels.com\/de\/quality-value\/","title":{"rendered":"Qualit\u00e4t &amp; Wert"},"content":{"rendered":"<p>Bei The Armak ist es unsere Mission, das Geheimnis Ihres Kaufs zu l\u00fcften, indem wir nur die besten verf\u00fcgbaren losen Diamanten und Schmuckst\u00fccke zusammen mit fachkundiger Beratung und Ausbildung anbieten. Unser Schmuck wird aus hochwertigen Materialien gefertigt und nach au\u00dfergew\u00f6hnlichen Qualit\u00e4tsstandards gepr\u00fcft. Wir sind zuversichtlich, dass Sie f\u00fcr den Preis keinen besseren Diamanten oder Schmuckst\u00fcck finden werden.<\/p>\n<p>Diese Kombination aus au\u00dfergew\u00f6hnlicher Qualit\u00e4t und au\u00dfergew\u00f6hnlichem Wert hat Tausende von Paaren in The Armak gelockt.<\/p>\n<p>H\u00f6chste Diamantqualit\u00e4t<\/p>\n<p>Als gr\u00f6\u00dfter Online-Diamantenh\u00e4ndler bietet The Armak die umfangreichste Kollektion der weltweit feinsten geschliffenen Diamanten. Ausgew\u00e4hlt f\u00fcr au\u00dfergew\u00f6hnliche Qualit\u00e4t, Schnitt, Farbe und Klarheit unserer\u00a0<a href=\"https:\/\/armakjewels.com\/de\/quality-value\/\">lose Diamanten\u00a0<\/a>werden auf der Grundlage einer standardisierten Bewertungsskala bewertet. Jeder lose Diamant wird von einem Bewertungsbericht des GIA begleitet, einem unabh\u00e4ngigen Diamanten-Bewertungslabor, das f\u00fcr seine Konsistenz und strengen Bewertungsstandards hoch angesehen ist.<\/p>\n<p><a href=\"https:\/\/armakjewels.com\/de\/quality-value\/\">Diamantschmuck<\/a><\/p>\n<p>F\u00fcr au\u00dfergew\u00f6hnliche Qualit\u00e4t erf\u00fcllen die in unseren Schmuck eingefassten Diamanten strenge Mindestqualit\u00e4tsstandards. Jeder Diamant ist farblos bis nahezu farblos (Farbgrad D\u2013I) mit au\u00dfergew\u00f6hnlicher Reinheit (Reinheitsgrad FL\u2013I1). Dieser Qualit\u00e4tsstandard gilt f\u00fcr all unseren Diamantschmuck \u2013 auch f\u00fcr St\u00fccke mit den kleinsten Diamanten.<\/p>\n<p>Modeschmuck mit schwarzen Diamanten wird aus nat\u00fcrlichen Diamanten gefertigt, die behandelt wurden, um\u00a0 \u00a0 \u00a0 \u00a0 \u00a0 \u00a0die einzigartige schwarze Farbe mit hohem Glanz zu erzeugen. Es ist \u00fcblich, dass schwarze Diamanten ohne Vergr\u00f6\u00dferung kleinere Oberfl\u00e4chenfehler aufweisen.<\/p>\n<p><a href=\"https:\/\/armakjewels.com\/de\/quality-value\/\">Perlenschmuck<\/a><\/p>\n<p>W\u00e4hrend es branchenweit keine standardisierte Einstufung f\u00fcr Perlen gibt, stellt The Armak sicher, dass jede Perle unseren hohen Qualit\u00e4tsstandards entspricht. Hier finden Sie Informationen zu jedem Perlentyp. Wir bieten eine Vielzahl von Stilen in unterschiedlichen Preisklassen an, darunter Akoya-, S\u00fc\u00dfwasser-, Tahiti- und S\u00fcdsee-Zuchtperlen, sodass Sie den perfekten Perlenschmuck f\u00fcr Ihren Stil und Ihr Budget finden k\u00f6nnen.<\/p>\n<p><a href=\"https:\/\/armakjewels.com\/de\/quality-value\/\">Schmuck aus Platin<\/a><\/p>\n<p>Platin ist best\u00e4ndig, stark und h\u00e4lt ein Leben lang. Platin, unser beliebtestes Metall f\u00fcr Verlobungs- und Eheringe, hebt die Brillanz eines Diamanten wunderbar hervor. Unser gesamtes Platin ist zu 95 % rein.<\/p>\n<p><a href=\"https:\/\/armakjewels.com\/de\/quality-value\/\">Goldschmuck<\/a><\/p>\n<p>Als dauerhaftes Element in der Natur ist Gold sehr stark. Es ist auch das formbarste aller Edelmetalle und perfekt f\u00fcr Schmuck. Wir bieten verschiedene Farben und Legierungen an, darunter sowohl 18-kar\u00e4tiges als auch 14-kar\u00e4tiges Wei\u00df-, Gelb- und Ros\u00e9gold sowie Gold-Vermeil. Von Verlobungs- und Eheringen bis hin zu wundersch\u00f6n gearbeitetem Schmuck, unsere Auswahl an Goldschmuck passt in jedes Budget.<\/p>\n<p><a href=\"https:\/\/armakjewels.com\/de\/quality-value\/\">Silberschmuck<\/a><\/p>\n<p>F\u00fcr langlebigen Schmuck sind alle unsere Silberst\u00fccke aus einer 92,5 % Legierung aus Sterlingsilber gefertigt. Diese Legierung hat sich im Laufe der Jahrhunderte als die beste Kombination aus Haltbarkeit und Glanz erwiesen und die Formbarkeit und Sch\u00f6nheit des Metalls f\u00fcr komplizierte und dauerhafte Designs bewahrt.<\/p>\n<p>.<\/p>","protected":false},"excerpt":{"rendered":"<p>At The Armak, it is our mission to take the mystery out of your purchase by offering only the finest<\/p>","protected":false},"author":1,"featured_media":0,"parent":0,"menu_order":0,"comment_status":"closed","ping_status":"closed","template":"","meta":{"footnotes":""},"class_list":["post-11954","page","type-page","status-publish","hentry"],"_links":{"self":[{"href":"https:\/\/armakjewels.com\/de\/wp-json\/wp\/v2\/pages\/11954","targetHints":{"allow":["GET"]}}],"collection":[{"href":"https:\/\/armakjewels.com\/de\/wp-json\/wp\/v2\/pages"}],"about":[{"href":"https:\/\/armakjewels.com\/de\/wp-json\/wp\/v2\/types\/page"}],"author":[{"embeddable":true,"href":"https:\/\/armakjewels.com\/de\/wp-json\/wp\/v2\/users\/1"}],"replies":[{"embeddable":true,"href":"https:\/\/armakjewels.com\/de\/wp-json\/wp\/v2\/comments?post=11954"}],"version-history":[{"count":2,"href":"https:\/\/armakjewels.com\/de\/wp-json\/wp\/v2\/pages\/11954\/revisions"}],"predecessor-version":[{"id":11984,"href":"https:\/\/armakjewels.com\/de\/wp-json\/wp\/v2\/pages\/11954\/revisions\/11984"}],"wp:attachment":[{"href":"https:\/\/armakjewels.com\/de\/wp-json\/wp\/v2\/media?parent=11954"}],"curies":[{"name":"wp","href":"https:\/\/api.w.org\/{rel}","templated":true}]}}