{"id":11952,"date":"2021-11-11T10:16:20","date_gmt":"2021-11-11T10:16:20","guid":{"rendered":"https:\/\/armakjewels.com\/?page_id=11952"},"modified":"2021-11-11T11:05:37","modified_gmt":"2021-11-11T11:05:37","slug":"important-information","status":"publish","type":"page","link":"https:\/\/armakjewels.com\/de\/important-information\/","title":{"rendered":"Wichtige Informationen"},"content":{"rendered":"<div id=\"main-content\" class=\"site-main hfeed light\">\n<div class=\"page-wrapper\">\n<div class=\"row\">\n<div id=\"content\" class=\"large-12 columns\" role=\"main\">\n<p>TheArmak bietet einen beispiellosen Service und viele Ihrer Fragen werden m\u00f6glicherweise unten beantwortet. F\u00fcr weitere Informationen zu unseren Dienstleistungen laden wir Sie zu einem Gespr\u00e4ch mit einem unserer erfahrenen Diamant- und Schmuckberater unter ein<a href=\"mailto:service@theArmak.com\">info@thearmak.com .com<\/a>\u00a0oder<br \/>\n1-877-Armak-01 (276-2501).<\/p>\n<h5><a href=\"https:\/\/armakjewels.com\/de\/free-shipping\/\">Kostenloser sicherer Versand<\/a><\/h5>\n<p>TheArmak bietet kostenlosen sicheren Versand f\u00fcr jede US-Bestellung. Bestellungen \u00fcber 1.000 $ sind f\u00fcr den Versand \u00fcber Nacht berechtigt.<br \/>\n<a href=\"https:\/\/armakjewels.com\/de\/online-returns\/\">Online-R\u00fcckgabe<\/a><br \/>\nR\u00fccksendungen sind einfach mit nur 4 einfachen Schritten.<br \/>\n<a href=\"https:\/\/armakjewels.com\/de\/important-information\/www.thearmak.com\/gift-packaging\/\">Kostenlose Geschenkverpackung<\/a><br \/>\nAlle TheArmak-Produkte werden mit einer kostenlosen, eleganten Geschenkverpackung geliefert. Sie k\u00f6nnen Ihrer Bestellung auch einen personalisierten Geschenkgutschein beilegen.<\/p>\n<h5><a href=\"https:\/\/armakjewels.com\/de\/appraisals\/\">Professionelle Schmuckbewertung<\/a><\/h5>\n<p>TheArmak bietet eine professionelle Schmuckbewertung mit allem\u00a0<a href=\"https:\/\/armakjewels.com\/de\/important-information\/\">Bauen Sie Ihren eigenen Diamantschmuck\u00ae<\/a>\u00a0Artikel sowie Diamant-, Perlen- und Edelsteinschmuck \u00fcber 1.000 $.<br \/>\n<a href=\"https:\/\/armakjewels.com\/de\/thearmak-credit-card\/\">Finanzierungsm\u00f6glichkeiten<\/a><br \/>\nErfahren Sie mehr \u00fcber die flexiblen Zahlungsoptionen, die mit der TheArmak-Kreditkarte verf\u00fcgbar sind. Bequeme 12-Monats-Finanzierungsoption.<br \/>\n<a href=\"https:\/\/armakjewels.com\/de\/jewelry-insurance\/\">Schmuckversicherung<\/a><br \/>\nIhr TheArmak-Kauf ist von unserer Einrichtung versichert, bis Sie Ihren Artikel erhalten.\u00a0<a href=\"https:\/\/armakjewels.com\/de\/jewelry-insurance\/\">Learn more<\/a>\u00a0about continuing insurance.<\/p>\n<h5><a href=\"https:\/\/armakjewels.com\/de\/important-information\/\">Diamantpreisgarantie<\/a><\/h5>\n<p>Wenden Sie sich an TheArmak, um den Diamanten eines Mitbewerbers mit einem von uns zu vergleichen. In den meisten F\u00e4llen k\u00f6nnen wir ihren Preis erreichen oder unterbieten.<br \/>\n<a href=\"https:\/\/armakjewels.com\/de\/the-armak-diamond-upgrade-program\/\">Diamant-Upgrade-Programm<\/a><br \/>\nErfahren Sie mehr \u00fcber unser neues Leben\u00a0<a href=\"https:\/\/armakjewels.com\/de\/the-armak-diamond-upgrade-program\/\">Diamant-Upgrade-Programm<\/a>\u00a0f\u00fcr alle TheArmak-Diamanten.<br \/>\n<a href=\"https:\/\/armakjewels.com\/de\/wedding-ring-guide\/\">Ringgr\u00f6\u00dfe<\/a><br \/>\nTheArmak bietet im ersten Jahr eine kostenlose Ringgr\u00f6\u00dfenanpassung f\u00fcr alle ma\u00dfgefertigten Verlobungsringe an. Einfach<a href=\"https:\/\/armakjewels.com\/de\/contact-us\/\">contact us<\/a>\u00a0um Ihre kostenlose Ringgr\u00f6\u00dfe zu arrangieren.<\/p>\n<h5><a href=\"https:\/\/armakjewels.com\/de\/product-warranty\/\">Produktgarantie<\/a><\/h5>\n<p>Wir stehen hinter der Qualit\u00e4t unserer Produkte. Wenn Sie irgendwelche Bedenken haben, bitte\u00a0<a href=\"https:\/\/armakjewels.com\/de\/contact-us\/\">contact us<\/a>.<\/p>\n<h5><a href=\"https:\/\/armakjewels.com\/de\/services\/custom-design\/\">Kundenspezifische Design-Verlobungsringe<\/a><\/h5>\n<p>Unser kundenspezifisches Designprogramm macht die Herstellung Ihres einzigartigen Rings mit fachm\u00e4nnischer Anleitung, der neuesten Designtechnologie und au\u00dfergew\u00f6hnlicher Handwerkskunst einfach.<\/p>\n<h5><a href=\"https:\/\/armakjewels.com\/de\/important-information\/\">Kanadische Diamanten<\/a><\/h5>\n<p>Wir freuen uns, Ihnen eine gro\u00dfe Auswahl an hochwertigen, zertifizierten Naturdiamanten aus kanadischen Quellen anbieten zu k\u00f6nnen.<\/p>\n<h5><a href=\"https:\/\/armakjewels.com\/de\/important-information\/\">Farbige Diamanten<\/a><\/h5>\n<p>TheArmak bietet eine exklusive Kollektion seltener farbiger Diamanten, einschlie\u00dflich \u00e4u\u00dferst seltener Diamanten in Rot- und Rosat\u00f6nen.<\/p>\n<h5><a href=\"https:\/\/armakjewels.com\/de\/important-information\/\">Gravurservice<\/a><\/h5>\n<p>Personalisieren Sie einen Verlobungsring, Ehering oder w\u00e4hlen Sie aus unseren Geschenken aus Sterlingsilber, um sie fachm\u00e4nnisch gravieren zu lassen.<\/p>\n<h5><a href=\"https:\/\/armakjewels.com\/de\/important-information\/\">Sehen Sie sich Ihren Diamanten an, bevor er gefasst wird<\/a><\/h5>\n<p>Sobald Sie Ihren losen Diamanten gekauft, erhalten und inspiziert haben, senden Sie ihn einfach versichert an TheArmak zur\u00fcck und wir fertigen Ihren individuellen Ring f\u00fcr Sie an.<\/p>\n<h5>Laserbeschriftungen<\/h5>\n<p>Alle unsere\u00a0The<a href=\"https:\/\/armakjewels.com\/de\/important-information\/\">Armak Signature-Sammlung<\/a>Diamanten werden laserbeschriftet. Wenn Sie einen Diamanten finden, der nicht beschriftet ist, beschriften wir ihn f\u00fcr Sie.<\/p>\n<h5><a href=\"https:\/\/armakjewels.com\/de\/important-information\/\">Internationale Bestellungen<\/a><\/h5>\n<p>TheArmak ist stolz darauf, unsere anbieten zu k\u00f6nnen\u00a0<a href=\"https:\/\/armakjewels.com\/de\/important-information\/\">Bauen Sie Ihren eigenen Diamantschmuck\u00ae\u00a0<\/a>\u00a0und unser<a href=\"https:\/\/armakjewels.com\/de\/important-information\/\">loser Diamant<\/a>\u00a0Abholung an Kunden in vielen anderen L\u00e4ndern der Welt.<\/p>\n<h5><a href=\"https:\/\/armakjewels.com\/de\/contact-us\/\">Reinigung und Pflege Ihres Rings<\/a><\/h5>\n<p>Wir empfehlen Ihnen, Ihren Ring alle sechs Monate reinigen, polieren und die Krappen \u00fcberpr\u00fcfen zu lassen. Diese Dienstleistungen sind bei TheArmak kostenlos.<\/p>\n<h5><a href=\"https:\/\/armakjewels.com\/de\/important-information\/\">Empfehlen Sie einen Freund<\/a><\/h5>\n<p>Erz\u00e4hlen Sie einem Freund von TheArmak und Sie k\u00f6nnen beide bis zu 100 $ sparen. Sie k\u00f6nnen bei jeder Empfehlung sparen und es gibt keine Begrenzung, wie viele Freunde Sie empfehlen k\u00f6nnen!<\/p>\n<\/div>\n<\/div>\n<\/div>\n<\/div>\n<footer class=\"footer-wrapper\" role=\"contentinfo\">\n<div class=\"footer footer-1 light\">\n<div class=\"row\">\n<div id=\"text-6\" class=\"large-3 columns widget left widget_text\"><\/div>\n<\/div>\n<\/div>\n<\/footer>","protected":false},"excerpt":{"rendered":"<p>TheArmak \u00a0offers an unparalleled level of service and many of your questions may be answered below. For more information about<\/p>","protected":false},"author":1,"featured_media":0,"parent":0,"menu_order":0,"comment_status":"closed","ping_status":"closed","template":"","meta":{"footnotes":""},"class_list":["post-11952","page","type-page","status-publish","hentry"],"_links":{"self":[{"href":"https:\/\/armakjewels.com\/de\/wp-json\/wp\/v2\/pages\/11952","targetHints":{"allow":["GET"]}}],"collection":[{"href":"https:\/\/armakjewels.com\/de\/wp-json\/wp\/v2\/pages"}],"about":[{"href":"https:\/\/armakjewels.com\/de\/wp-json\/wp\/v2\/types\/page"}],"author":[{"embeddable":true,"href":"https:\/\/armakjewels.com\/de\/wp-json\/wp\/v2\/users\/1"}],"replies":[{"embeddable":true,"href":"https:\/\/armakjewels.com\/de\/wp-json\/wp\/v2\/comments?post=11952"}],"version-history":[{"count":2,"href":"https:\/\/armakjewels.com\/de\/wp-json\/wp\/v2\/pages\/11952\/revisions"}],"predecessor-version":[{"id":11985,"href":"https:\/\/armakjewels.com\/de\/wp-json\/wp\/v2\/pages\/11952\/revisions\/11985"}],"wp:attachment":[{"href":"https:\/\/armakjewels.com\/de\/wp-json\/wp\/v2\/media?parent=11952"}],"curies":[{"name":"wp","href":"https:\/\/api.w.org\/{rel}","templated":true}]}}