{"id":11948,"date":"2021-11-11T10:13:47","date_gmt":"2021-11-11T10:13:47","guid":{"rendered":"https:\/\/armakjewels.com\/?page_id=11948"},"modified":"2021-11-11T11:16:26","modified_gmt":"2021-11-11T11:16:26","slug":"jewelry-insurance","status":"publish","type":"page","link":"https:\/\/armakjewels.com\/de\/jewelry-insurance\/","title":{"rendered":"Schmuckversicherung"},"content":{"rendered":"<p>Jewellers Mutual Insurance Group hat den Inhalt dieser Seite bereitgestellt.<\/p>\n<h2>Wir ermutigen Sie, Ihr neues St\u00fcck f\u00fcr Ihren Seelenfrieden zu sch\u00fctzen<\/h2>\n<p>TheArmak hat f\u00fcr die Jewellers Mutual Insurance Group arrangiert, unseren Kunden in den USA und Kanada (au\u00dfer Qu\u00e9bec) wertvolle Informationen zum Schutz Ihres Kaufs zu \u00fcbermitteln. Seit 1913 ist Jewellers Mutual der einzige Versicherer, der sich ausschlie\u00dflich auf Schmuck spezialisiert hat und bietet eine umfassende Reparatur- oder Ersatzversicherung mit weltweitem Schutz vor Verlust, Diebstahl, Besch\u00e4digung und mysteri\u00f6sem Verschwinden. Die Versicherung Ihres Neukaufs bei TheArmak kann schnell und einfach sein und gibt Ihnen die Freiheit, Ihren Schmuck sorgenfrei zu tragen, da Sie wissen, dass er gesch\u00fctzt ist.<\/p>","protected":false},"excerpt":{"rendered":"<p>Jewelers Mutual Insurance Group has provided the content on this page. We Encourage you to Protect your New Piece for<\/p>","protected":false},"author":1,"featured_media":0,"parent":0,"menu_order":0,"comment_status":"closed","ping_status":"closed","template":"","meta":{"footnotes":""},"class_list":["post-11948","page","type-page","status-publish","hentry"],"_links":{"self":[{"href":"https:\/\/armakjewels.com\/de\/wp-json\/wp\/v2\/pages\/11948","targetHints":{"allow":["GET"]}}],"collection":[{"href":"https:\/\/armakjewels.com\/de\/wp-json\/wp\/v2\/pages"}],"about":[{"href":"https:\/\/armakjewels.com\/de\/wp-json\/wp\/v2\/types\/page"}],"author":[{"embeddable":true,"href":"https:\/\/armakjewels.com\/de\/wp-json\/wp\/v2\/users\/1"}],"replies":[{"embeddable":true,"href":"https:\/\/armakjewels.com\/de\/wp-json\/wp\/v2\/comments?post=11948"}],"version-history":[{"count":2,"href":"https:\/\/armakjewels.com\/de\/wp-json\/wp\/v2\/pages\/11948\/revisions"}],"predecessor-version":[{"id":12000,"href":"https:\/\/armakjewels.com\/de\/wp-json\/wp\/v2\/pages\/11948\/revisions\/12000"}],"wp:attachment":[{"href":"https:\/\/armakjewels.com\/de\/wp-json\/wp\/v2\/media?parent=11948"}],"curies":[{"name":"wp","href":"https:\/\/api.w.org\/{rel}","templated":true}]}}