{"id":11946,"date":"2021-11-11T10:13:23","date_gmt":"2021-11-11T10:13:23","guid":{"rendered":"https:\/\/armakjewels.com\/?page_id=11946"},"modified":"2022-03-13T18:27:47","modified_gmt":"2022-03-13T18:27:47","slug":"the-armak-credit-card","status":"publish","type":"page","link":"https:\/\/armakjewels.com\/de\/the-armak-credit-card\/","title":{"rendered":"Die Armak-Kreditkarte"},"content":{"rendered":"<p>Die Armak-Kreditkarte bietet \u00fcberzeugende Finanzierungsoptionen, die Ihnen die Flexibilit\u00e4t geben, \u00fcber einen l\u00e4ngeren Zeitraum zu zahlen*. Zu den Vorteilen der Karte geh\u00f6ren bequeme Zahlungsoptionen, keine Jahresgeb\u00fchr** und besonderer Zugang zu Angeboten und Aktionen nur f\u00fcr Karteninhaber.<\/p>\n<h2>Karteninhaber genie\u00dfen:<\/h2>\n<ul>\n<li>Exklusive Finanzierungsangebote, die Ihnen die Flexibilit\u00e4t geben, im Laufe der Zeit zu zahlen*<\/li>\n<li>Besonderer Zugang zu Angeboten und Aktionen nur f\u00fcr Karteninhaber<\/li>\n<li>Keine Jahresgeb\u00fchr**<\/li>\n<li><a href=\"https:\/\/armakjewels.com\/de\/thearmak-credit-card\/\" target=\"_blank\" rel=\"nofollow noopener\">Bequeme Online-Kontof\u00fchrung<\/a><\/li>\n<\/ul>\n<h1>Option 1: Keine Zinsen bei vollst\u00e4ndiger Zahlung innerhalb von 6, 12 oder 18 Monaten<\/h1>\n<p>Zinsen werden Ihrem Konto ab dem Kaufdatum belastet, wenn der Kaufbetrag nicht innerhalb von 6, 12 oder 18 Monaten vollst\u00e4ndig bezahlt wird oder wenn Sie eine versp\u00e4tete Zahlung leisten.\u2020<\/p>\n<h3>Option 1: Keine Zinsen bei vollst\u00e4ndiger Zahlung innerhalb von 6, 12 oder 18 Monaten<\/h3>\n<table border=\"1\" width=\"60%\" cellspacing=\"5\" cellpadding=\"5\">\n<tbody>\n<tr>\n<td align=\"center\">6 Monate<\/td>\n<td align=\"center\"><strong>500,00 $ \u2013 1.499,99 $<\/strong><\/td>\n<\/tr>\n<tr>\n<td align=\"center\">12 Monate<\/td>\n<td align=\"center\"><strong>$1.500,00 und mehr<\/strong><\/td>\n<\/tr>\n<tr>\n<td align=\"center\">18 Monate (f\u00fcr Astor von The Armak\u2122)<\/td>\n<td align=\"center\"><strong>$2.000,00 und mehr<\/strong><\/td>\n<\/tr>\n<\/tbody>\n<\/table>\n<h1>Option 2: Equal Payments und 9,99 % effektiver Jahreszins bei vollst\u00e4ndiger Zahlung innerhalb der Aktionsbedingungen \u2020\u2020<\/h1>\n<h3>Equal Payments und 9,99\u00a0% effektiver Jahreszins bei vollst\u00e4ndiger Zahlung innerhalb der Aktionsbedingungen.\u2020\u2020<\/h3>\n<table border=\"1\" width=\"60%\" cellspacing=\"5\" cellpadding=\"5\">\n<tbody>\n<tr>\n<td align=\"center\">24 Monate Laufzeit<\/td>\n<td align=\"center\"><strong>$2,000.00 \u2013 $2,999.99<\/strong><\/td>\n<\/tr>\n<tr>\n<td align=\"center\">36 Monate Laufzeit<\/td>\n<td align=\"center\"><strong>$3,000.00 \u2013 $3,999.99<\/strong><\/td>\n<\/tr>\n<tr>\n<td align=\"center\">48 Monate Laufzeit<\/td>\n<td align=\"center\"><strong>$4.000 und mehr<\/strong><\/td>\n<\/tr>\n<tr>\n<td align=\"center\">60 Monate Laufzeit<\/td>\n<td align=\"center\"><strong>$6.000 und mehr<\/strong><\/td>\n<\/tr>\n<\/tbody>\n<\/table>\n<h1>Option 3: Keine Sonderbedingungen \u2020\u2020\u2020<\/h1>\n<p>Neuk\u00e4ufen wird eine 25-t\u00e4gige Nachfrist gew\u00e4hrt, wenn Sie Ihr Guthaben jeden Monat vollst\u00e4ndig bezahlen.<\/p>\n<h2>Gesch\u00e4ftsbedingungen<\/h2>\n<p>* Abh\u00e4ngig von Kreditgenehmigung und Verf\u00fcgbarkeit. Das Konto muss zum Zeitpunkt der Transaktion einwandfrei sein. Werbefinanzierung verf\u00fcgbar mit den von der Comenity Capital Bank angebotenen Armak-Kreditkartenkonten, die die Qualifikationen f\u00fcr Kredit- und Werbeberechtigungen bestimmen. Mindestabnahme und monatliche Mindestzahlungen sind erforderlich.<\/p>\n<p>** Variabler Standard-Kauf-APR von 29,99 %, basierend auf dem Prime Rate. Die Mindestzinsgeb\u00fchr betr\u00e4gt 2,00 USD pro Kreditplan.<\/p>\n<p><strong>\u2020 Keine Zinsen bei vollst\u00e4ndiger Zahlung innerhalb von 6, 12 oder 18 Monaten.<\/strong><br \/>\nKeine Zinsen bei vollst\u00e4ndiger Zahlung innerhalb von 6, 12 oder 18 Monaten. Ihrem Konto werden ab dem Kaufdatum Zinsen (zum standardm\u00e4\u00dfigen, variablen effektiven Jahreszins von 29,99 % basierend auf dem Prime Rate) berechnet, wenn der Kaufbetrag nicht vollst\u00e4ndig innerhalb des Aktionszeitraums bezahlt wird oder wenn Sie eine versp\u00e4tete Zahlung leisten. F\u00fcr diesen Plan sind w\u00e4hrend des Aktionszeitraums monatliche Mindestzahlungen erforderlich. Erforderlicher Mindestkauf von 500,00 USD f\u00fcr den 6-Monats-Plan, 1.500,00 USD f\u00fcr den 12-Monats-Plan oder ein Astor Diamond von mindestens 2.000 USD f\u00fcr den 18-Monats-Plan. Die Armak-Kreditkartenkonten werden von der Comenity Capital Bank angeboten, die die Qualifikationen f\u00fcr Kredit- und Bef\u00f6rderungsberechtigung festlegt. Die f\u00e4llige Mindestzahlung betr\u00e4gt zu keinem Zeitpunkt weniger als 27 USD. Die Mindestzinsgeb\u00fchr betr\u00e4gt 2,00 $. Standardm\u00e4\u00dfiger variabler effektiver Jahreszins von 29,99 % basierend auf dem Prime Rate.<\/p>\n<p><strong>\u2020\u2020 9,99 % effektiver Jahreszins bei vollst\u00e4ndiger Zahlung in 24, 36, 48 oder 60 Monaten.<\/strong><br \/>\nWenn der Restbetrag nach 24, 36, 48 oder 60 Monaten nicht vollst\u00e4ndig beglichen wird oder Sie bei F\u00e4lligkeit keine Zahlung leisten, gelten die regul\u00e4ren Kreditbedingungen und es werden ab dem Ende des Aktionszeitraums Zinsen zum \u00fcblichen, variablen Zinssatz erhoben APR von 29,99 % basierend auf dem Prime Rate. Die monatlichen Mindestzahlungen f\u00fcr diesen Plan w\u00e4hrend des Aktionszeitraums sind der gr\u00f6\u00dfere der folgenden Werte: der Kaufbetrag, einschlie\u00dflich der berechneten Finanzierungskosten, die vom Kaufdatum bis zum Ende des Aktionszeitraums berechnet werden, geteilt durch die Anzahl der Monate im Aktionszeitraum (gerundet auf den n\u00e4chsten 1,00 $); oder $5. Erforderlicher Mindestkauf von 2.000 USD f\u00fcr den 24-Monats-Plan, 3.000 USD f\u00fcr den 36-Monats-Plan, 4.000 USD f\u00fcr den 48-Monats-Plan und 6000 USD f\u00fcr den 60-Monats-Plan. Die Armak-Kreditkartenkonten werden von der Comenity Capital Bank angeboten, die die Qualifikationen f\u00fcr Kredit- und Bef\u00f6rderungsberechtigung festlegt. Die f\u00e4llige Mindestzahlung betr\u00e4gt zu keinem Zeitpunkt weniger als 27 USD. Die Mindestzinsgeb\u00fchr betr\u00e4gt 2,00 $. Standardm\u00e4\u00dfiger variabler effektiver Jahreszins von 29,99 %, basierend auf dem Prime Rate.<\/p>\n<p>\u2020\u2020\u2020 Die Armak-Kreditkartenkonten werden von der Comenity Capital Bank angeboten, die die Qualifikationen f\u00fcr Kredit- und Bef\u00f6rderungsberechtigung festlegt. Monatliche Mindestzahlungen sind erforderlich und zu keinem Zeitpunkt wird die f\u00e4llige Mindestzahlung weniger als 27,00 $ betragen. Standardm\u00e4\u00dfiger variabler Kauf-APR von 29,99 %, basierend auf dem Prime Rate. Die Mindestzinsgeb\u00fchr betr\u00e4gt 2,00 USD pro Kreditplan.<\/p>","protected":false},"excerpt":{"rendered":"<p>The Armak Credit Card offers compelling financing options, giving you the flexibility to pay over time*. Benefits of the card<\/p>","protected":false},"author":1,"featured_media":0,"parent":0,"menu_order":0,"comment_status":"closed","ping_status":"closed","template":"elementor_header_footer","meta":{"footnotes":""},"class_list":["post-11946","page","type-page","status-publish","hentry"],"_links":{"self":[{"href":"https:\/\/armakjewels.com\/de\/wp-json\/wp\/v2\/pages\/11946","targetHints":{"allow":["GET"]}}],"collection":[{"href":"https:\/\/armakjewels.com\/de\/wp-json\/wp\/v2\/pages"}],"about":[{"href":"https:\/\/armakjewels.com\/de\/wp-json\/wp\/v2\/types\/page"}],"author":[{"embeddable":true,"href":"https:\/\/armakjewels.com\/de\/wp-json\/wp\/v2\/users\/1"}],"replies":[{"embeddable":true,"href":"https:\/\/armakjewels.com\/de\/wp-json\/wp\/v2\/comments?post=11946"}],"version-history":[{"count":3,"href":"https:\/\/armakjewels.com\/de\/wp-json\/wp\/v2\/pages\/11946\/revisions"}],"predecessor-version":[{"id":11999,"href":"https:\/\/armakjewels.com\/de\/wp-json\/wp\/v2\/pages\/11946\/revisions\/11999"}],"wp:attachment":[{"href":"https:\/\/armakjewels.com\/de\/wp-json\/wp\/v2\/media?parent=11946"}],"curies":[{"name":"wp","href":"https:\/\/api.w.org\/{rel}","templated":true}]}}