{"id":11940,"date":"2021-11-11T10:11:33","date_gmt":"2021-11-11T10:11:33","guid":{"rendered":"https:\/\/armakjewels.com\/?page_id=11940"},"modified":"2021-11-11T11:13:00","modified_gmt":"2021-11-11T11:13:00","slug":"free-lifetime-warranty","status":"publish","type":"page","link":"https:\/\/armakjewels.com\/de\/free-lifetime-warranty\/","title":{"rendered":"Kostenlose lebenslange Garantie"},"content":{"rendered":"<div class=\"content-block\">\n<div class=\"inline-text\">\n<h2 class=\"subtitle\">Lebenslange Herstellergarantie<\/h2>\n<div class=\"text-content\">\n<p>Wir stehen hinter unseren Produkten und garantieren, dass alle Artikel f\u00fcr die Lebensdauer der Produkte frei von Herstellungsfehlern sind. Wenn Sie der Meinung sind, dass Ihr Artikel einen Herstellungsfehler aufweist, k\u00f6nnen Sie ihn zur \u00dcberpr\u00fcfung an uns zur\u00fccksenden. Wenn wir feststellen, dass Ihre Ware aufgrund eines Herstellungsfehlers besch\u00e4digt ist, werden wir die Ware reparieren oder, wenn wir dies f\u00fcr angemessen halten, den Artikel ersetzen. Wenn der Artikel nicht mehr verf\u00fcgbar ist, kann TheArmak nach eigenem Ermessen einen Ersatz durch einen \u00e4hnlichen Artikel oder eine R\u00fcckerstattung in H\u00f6he des Verkaufspreises des urspr\u00fcnglichen Artikels oder der urspr\u00fcnglichen Komponente gew\u00e4hren.<\/p>\n<p>Wenn wir feststellen, dass der Schaden nicht durch einen Herstellungsfehler verursacht wurde, werden wir Sie benachrichtigen und Ihnen mitteilen, ob Reparaturdienste kostenpflichtig oder anderweitig verf\u00fcgbar sind.<\/p>\n<p>Bitte beachten Sie, dass leichte Unregelm\u00e4\u00dfigkeiten und Abweichungen in der Verarbeitung oder nat\u00fcrlichen Merkmalen oder sichtbare oder nicht sichtbare interne Einschl\u00fcsse in farbigen Edelsteinen einzigartig und individuell f\u00fcr jeden Artikel sind. Diese Eigenschaften geh\u00f6ren zur Beschaffenheit der Sache und sind nicht als Mangel anzusehen.<\/p>\n<\/div>\n<\/div>\n<\/div>\n<div class=\"content-block\">\n<div class=\"inline-text\">\n<h2 class=\"subtitle\">Kostenloser Reinigungs- und Inspektionsservice f\u00fcr Diamantringe<\/h2>\n<div class=\"text-content\">\n<p>Wir empfehlen, Ihren Diamantring alle sechs Monate oder bei m\u00f6glichen Traumata reinigen und \u00fcberpr\u00fcfen zu lassen. Inspektionen k\u00f6nnen helfen, den Verlust eines Steins zu verhindern und die Lebensdauer Ihres Schmucks zu verl\u00e4ngern. Dieser Reinigungs- und Inspektionsservice ist f\u00fcr TheArmak-Kunden f\u00fcr ihre TheArmak-Diamantringe kostenlos. Der Kunde zahlt nur den Versand und TheArmak\u00a0zahlt den R\u00fcckversand. Reparaturen an Ihrer Ringhalterung k\u00f6nnen zu diesem Zeitpunkt ebenfalls zum Selbstkostenpreis durchgef\u00fchrt werden.<\/p>\n<\/div>\n<\/div>\n<\/div>\n<div class=\"content-block\">\n<div class=\"inline-text\">\n<h2 class=\"subtitle\">Bedingungen und Ausschl\u00fcsse<\/h2>\n<div class=\"text-content\">\n<p>Die vorstehende Herstellergarantie und die kostenlosen Services stehen nur der Person zur Verf\u00fcgung, die das abgedeckte Produkt von TheArmak gekauft hat.<\/p>\n<p>Wartung, Reparatur, Dimensionierung oder andere Serviceleistungen, die von jemand anderem als TheArmak durchgef\u00fchrt werden, f\u00fchren zum Erl\u00f6schen Ihrer Herstellergarantie.<\/p>\n<p>Feiner Schmuck ist nicht unempfindlich gegen normale Abnutzung, Aktivit\u00e4ten oder Traumata. Dies gilt insbesondere f\u00fcr Ringe, da H\u00e4nde regelm\u00e4\u00dfig erheblichen Misshandlungen ausgesetzt sind. Wir \u00fcbernehmen keine Gew\u00e4hrleistung f\u00fcr Sch\u00e4den durch normale Abnutzung, Produktverlust, Verlust von Steinen oder Diebstahl. Sch\u00e4den oder Verluste, die aus dem Vers\u00e4umnis resultieren, Reparaturen durchzuf\u00fchren, die zur Aufrechterhaltung der Integrit\u00e4t des Produkts erforderlich sind, sind ebenfalls nicht abgedeckt.<\/p>\n<p>Einige Beispiele f\u00fcr h\u00e4ufige Schmuckprobleme, die nicht als Herstellungsfehler angesehen werden, sind:<\/p>\n<ol>\n<li>Verf\u00e4rbung durch Kontakt mit Chemikalien, Make-up, Schwimmb\u00e4dern, Whirlpools oder Baden.<\/li>\n<li>Krappen und Edelmetalle nutzen sich im Allgemeinen mit der Zeit ab und erfordern m\u00f6glicherweise \u201eAufbau-\u201c oder Restaurierungsarbeiten als normale Abnutzung.<\/li>\n<li>Verbogene, eingeklemmte oder abgenutzte Zacken, wodurch ein Stein aufgrund normaler Abnutzung oder anderer Besch\u00e4digung herausfallen oder verloren gehen kann.<\/li>\n<li>Verlorener Stein oder ein Stein, der aufgrund von Abplatzungen oder Br\u00fcchen durch normale Abnutzung oder andere Sch\u00e4den herausgefallen ist.<\/li>\n<\/ol>\n<\/div>\n<\/div>\n<\/div>","protected":false},"excerpt":{"rendered":"<p>Lifetime Manufacturer Warranty We stand behind our products and warrant that all items will be free from manufacturing defects for<\/p>","protected":false},"author":1,"featured_media":0,"parent":0,"menu_order":0,"comment_status":"closed","ping_status":"closed","template":"","meta":{"footnotes":""},"class_list":["post-11940","page","type-page","status-publish","hentry"],"_links":{"self":[{"href":"https:\/\/armakjewels.com\/de\/wp-json\/wp\/v2\/pages\/11940","targetHints":{"allow":["GET"]}}],"collection":[{"href":"https:\/\/armakjewels.com\/de\/wp-json\/wp\/v2\/pages"}],"about":[{"href":"https:\/\/armakjewels.com\/de\/wp-json\/wp\/v2\/types\/page"}],"author":[{"embeddable":true,"href":"https:\/\/armakjewels.com\/de\/wp-json\/wp\/v2\/users\/1"}],"replies":[{"embeddable":true,"href":"https:\/\/armakjewels.com\/de\/wp-json\/wp\/v2\/comments?post=11940"}],"version-history":[{"count":2,"href":"https:\/\/armakjewels.com\/de\/wp-json\/wp\/v2\/pages\/11940\/revisions"}],"predecessor-version":[{"id":11992,"href":"https:\/\/armakjewels.com\/de\/wp-json\/wp\/v2\/pages\/11940\/revisions\/11992"}],"wp:attachment":[{"href":"https:\/\/armakjewels.com\/de\/wp-json\/wp\/v2\/media?parent=11940"}],"curies":[{"name":"wp","href":"https:\/\/api.w.org\/{rel}","templated":true}]}}