{"id":11936,"date":"2021-11-11T10:10:01","date_gmt":"2021-11-11T10:10:01","guid":{"rendered":"https:\/\/armakjewels.com\/?page_id=11936"},"modified":"2022-03-13T18:26:56","modified_gmt":"2022-03-13T18:26:56","slug":"diamond-price-matching","status":"publish","type":"page","link":"https:\/\/armakjewels.com\/de\/diamond-price-matching\/","title":{"rendered":"Diamond Price Matching"},"content":{"rendered":"<p>Wir glauben, dass unsere Preise unschlagbar sind. Wenn Sie jedoch einen Diamanten vergleichbarer Qualit\u00e4t und Eigenschaften finden, der g\u00fcnstiger ist als der auf unserer Website, befolgen Sie die nachstehenden Richtlinien, um zu sehen, ob wir den Preis halten k\u00f6nnen.<\/p>\n<p>&nbsp;<\/p>\n<div id=\"\" class=\"su-note\">\n<div class=\"su-note-inner su-u-clearfix su-u-trim\">\n<h2>Richtlinien f\u00fcr die Diamond Price Match-Garantie<\/h2>\n<ul>\n<li><strong>Die Diamond Price Match-Garantie ist ein kostenloser Service und der Einstieg dauert nur wenige Minuten.<\/strong>Rufen Sie uns einfach unter 1-877-Armak-01 (276-2501) an und ein qualifizierter Berater f\u00fcr Diamanten und Schmuck wird Ihre Anfrage gerne pr\u00fcfen. In den meisten F\u00e4llen erwartet The Armak den niedrigsten Preis, kann aber normalerweise mit dem Preis mithalten, wenn der Preis des Konkurrenten niedriger ist.<\/li>\n<li><strong>Kein Verkaufsgespr\u00e4ch.<\/strong>Die Armak Diamond &amp; Jewelry Consultants arbeiten nicht auf Provisionsbasis, es gibt also keinen Druck, kein Verkaufsgespr\u00e4ch. Wir m\u00f6chten Ihnen einfach den bestm\u00f6glichen Diamanten zum besten Preis anbieten.<\/li>\n<li><strong>Der exakte Diamant.<\/strong>Um die Genauigkeit zu gew\u00e4hrleisten, erfordert das Diamond Price Match Guarantee-Programm, dass Diamanten vom Gemological Institute of America (GIA) bewertet werden.<\/li>\n<\/ul>\n<\/div>\n<\/div>\n<p>Die folgende\u00a0<a href=\"https:\/\/armakjewels.com\/de\/diamond-price-match-guarantee\/\">Gesch\u00e4ftsbedingungen<\/a>\u00a0Bewerben Sie sich f\u00fcr unser Diamond Price Match Guarantee-Programm.<\/p>","protected":false},"excerpt":{"rendered":"<p>We believe that our prices can\u2019t be beat. However, if you find a diamond of comparable quality and characteristics that<\/p>","protected":false},"author":1,"featured_media":0,"parent":0,"menu_order":0,"comment_status":"closed","ping_status":"closed","template":"elementor_header_footer","meta":{"footnotes":""},"class_list":["post-11936","page","type-page","status-publish","hentry"],"_links":{"self":[{"href":"https:\/\/armakjewels.com\/de\/wp-json\/wp\/v2\/pages\/11936","targetHints":{"allow":["GET"]}}],"collection":[{"href":"https:\/\/armakjewels.com\/de\/wp-json\/wp\/v2\/pages"}],"about":[{"href":"https:\/\/armakjewels.com\/de\/wp-json\/wp\/v2\/types\/page"}],"author":[{"embeddable":true,"href":"https:\/\/armakjewels.com\/de\/wp-json\/wp\/v2\/users\/1"}],"replies":[{"embeddable":true,"href":"https:\/\/armakjewels.com\/de\/wp-json\/wp\/v2\/comments?post=11936"}],"version-history":[{"count":3,"href":"https:\/\/armakjewels.com\/de\/wp-json\/wp\/v2\/pages\/11936\/revisions"}],"predecessor-version":[{"id":12134,"href":"https:\/\/armakjewels.com\/de\/wp-json\/wp\/v2\/pages\/11936\/revisions\/12134"}],"wp:attachment":[{"href":"https:\/\/armakjewels.com\/de\/wp-json\/wp\/v2\/media?parent=11936"}],"curies":[{"name":"wp","href":"https:\/\/api.w.org\/{rel}","templated":true}]}}