{"id":11932,"date":"2021-11-11T10:08:56","date_gmt":"2021-11-11T10:08:56","guid":{"rendered":"https:\/\/armakjewels.com\/?page_id=11932"},"modified":"2021-11-11T11:08:40","modified_gmt":"2021-11-11T11:08:40","slug":"returns-are-free","status":"publish","type":"page","link":"https:\/\/armakjewels.com\/de\/returns-are-free\/","title":{"rendered":"R\u00fccksendungen sind kostenlos"},"content":{"rendered":"<p>Unser Engagement f\u00fcr Sie endet nicht mit der Lieferung. Um Ihre R\u00fcckreise so angenehm wie m\u00f6glich zu gestalten, bieten wir Ihnen folgende Services an:<\/p>\n<h2>7-Tage-R\u00fcckgabe<\/h2>\n<p>Artikel k\u00f6nnen innerhalb von 7 Tagen nach Versand zur\u00fcckgegeben oder umgetauscht werden.<\/p>\n<h2>Kostenloser sicherer Versand<\/h2>\n<p>Sie erhalten ein kostenloses Versandetikett per E-Mail.*<\/p>\n<h2>Versichert und sicher<\/h2>\n<p>Unser kostenloses R\u00fccksendeetikett bietet Versicherungsschutz f\u00fcr Ihren Artikel.<\/p>\n<h2>Starten Sie Ihre R\u00fcckkehr<\/h2>\n<div id=\"\" class=\"su-note\">\n<div class=\"su-note-inner su-u-clearfix su-u-trim\">F\u00fcr Artikel $500 und\u00a0<strong>Unter<\/strong><\/div>\n<\/div>\n<div id=\"\" class=\"su-note\">\n<div class=\"su-note-inner su-u-clearfix su-u-trim\">\n<div class=\"su-spoiler su-spoiler-style-default su-spoiler-icon-arrow su-spoiler-closed\" data-scroll-offset=\"0\">\n<div class=\"su-spoiler-title\" tabindex=\"0\" role=\"button\">F\u00fcr Artikel \u00fcber 500 $<\/div>\n<\/div>\n<\/div>\n<\/div>\n<h2>\u00dcberpr\u00fcfen Sie Ihren R\u00fcckgabestatus<\/h2>\n<p>Wenn Sie den Status Ihrer R\u00fccksendung \u00fcberpr\u00fcfen m\u00f6chten, besuchen Sie bitte unsere\u00a0<a href=\"https:\/\/armakjewels.com\/de\/returns-are-free\/\">R\u00fcckgabestatus<\/a>\u00a0Seite.<\/p>\n<p>*Kostenlose R\u00fccksendungen gelten nur f\u00fcr Kunden in Australien, den USA und Kanada. Pro Kunde und Jahr sind zwei kostenlose R\u00fccksendungen zul\u00e4ssig. Weitere Informationen finden Sie auf unserer Seite R\u00fcckgaberichtlinien.<\/p>","protected":false},"excerpt":{"rendered":"<p>Our commitment to you does not end at delivery. We offer the following services to make your return experience as<\/p>","protected":false},"author":1,"featured_media":0,"parent":0,"menu_order":0,"comment_status":"closed","ping_status":"closed","template":"","meta":{"footnotes":""},"class_list":["post-11932","page","type-page","status-publish","hentry"],"_links":{"self":[{"href":"https:\/\/armakjewels.com\/de\/wp-json\/wp\/v2\/pages\/11932","targetHints":{"allow":["GET"]}}],"collection":[{"href":"https:\/\/armakjewels.com\/de\/wp-json\/wp\/v2\/pages"}],"about":[{"href":"https:\/\/armakjewels.com\/de\/wp-json\/wp\/v2\/types\/page"}],"author":[{"embeddable":true,"href":"https:\/\/armakjewels.com\/de\/wp-json\/wp\/v2\/users\/1"}],"replies":[{"embeddable":true,"href":"https:\/\/armakjewels.com\/de\/wp-json\/wp\/v2\/comments?post=11932"}],"version-history":[{"count":2,"href":"https:\/\/armakjewels.com\/de\/wp-json\/wp\/v2\/pages\/11932\/revisions"}],"predecessor-version":[{"id":11987,"href":"https:\/\/armakjewels.com\/de\/wp-json\/wp\/v2\/pages\/11932\/revisions\/11987"}],"wp:attachment":[{"href":"https:\/\/armakjewels.com\/de\/wp-json\/wp\/v2\/media?parent=11932"}],"curies":[{"name":"wp","href":"https:\/\/api.w.org\/{rel}","templated":true}]}}